{"id":16363,"date":"2023-11-08T08:13:05","date_gmt":"2023-11-08T08:13:05","guid":{"rendered":"http:\/\/labostera.lt\/?post_type=product&#038;p=16363"},"modified":"2024-01-25T15:13:00","modified_gmt":"2024-01-25T13:13:00","slug":"inkubatorius-draglab-di-series-incubator","status":"publish","type":"product","link":"https:\/\/labostera.lt\/lv\/priemones-ir-iranga\/laboratorine-iranga\/bendra-laboratorine-iranga\/inkubatoriai-ir-klimatines-kameros\/inkubatorius-draglab-di-series-incubator\/","title":{"rendered":"Inkubators DRAGLAB DI s\u0113rijas inkubators"},"content":{"rendered":"<h2><strong>\u201eDragLab \u2013 Nanodrag Technology GmbH DI s\u0113rijas inkubators<\/strong><\/h2>\n<p>\u201eV\u0101cu ra\u017eot\u0101ja DragLab \u2013 Nanodrag Technology GmbH pied\u0101v\u0101tie DI s\u0113rijas inkubatori ir izstr\u0101d\u0101ti ar m\u0113r\u0137i uzlabot laboratorijas efektivit\u0101ti. \u0160ie inkubatori nodro\u0161ina maigu inkub\u0101ciju laboratorij\u0101, izmantojot gaisa cirkul\u0101ciju un automatiz\u0113tu gaisa ventilatoru. Programmat\u016bra tiek vad\u012bta, izmantojot sk\u0101rienekr\u0101nu, un skaidri saprotams panelis att\u0113lo notikumus un statusu.<\/p>\n<ul>\n<li>Maiga inkub\u0101cija laboratorij\u0101 nodro\u0161ina gaisa cirkul\u0101ciju.<\/li>\n<li>Mode\u013ciem ir autom\u0101tisks gaisa ventilators.<\/li>\n<li>Programmat\u016bra tiek vad\u012bta, izmantojot sk\u0101rienekr\u0101nu.<\/li>\n<li>Skaidrs panelis par\u0101da notikumus un statusu.<\/li>\n<li>Kl\u012bnisk\u0101 mikrobiolo\u0123ija un uzraudz\u012bba identific\u0113 bakt\u0113rijas, s\u0113n\u012btes un raugus.<\/li>\n<li>Pielietojuma jomas: slimn\u012bcas, mikrobiolo\u0123ijas laboratorijas, biolo\u0123ijas laboratorijas, farm\u0101cijas laboratorijas, p\u0101rtikas un \u016bdens anal\u012bze, dz\u012bv\u012bbas zin\u0101tnes, zin\u0101tnisk\u0101s p\u0113tniec\u012bbas laboratorijas, materi\u0101lu p\u0113tniec\u012bba, kosm\u0113tikas r\u016bpniec\u012bba.<\/li>\n<li>P\u0113tniec\u012bba un r\u016bpniec\u012bba: mikrobiolo\u0123iskie p\u0113t\u012bjumi p\u0101rtikas, dz\u0113rienu un kosm\u0113tikas l\u012bdzek\u013cu jom\u0101, \u0123en\u0113tisk\u0101s un molekul\u0101r\u0101s biolo\u0123ijas p\u0113t\u012bjumi zin\u0101tniskaj\u0101s laboratorij\u0101s.<\/li>\n<\/ul>\n<h3>Inkubatori \u2013 <a href=\"http:\/\/labostera.lt\/lv\/product-brand\/draglab-nanodrag-technology-gmbh\/\" target=\"_blank\" rel=\"noopener\">DragLab DI s\u0113rija<\/a>.<\/h3>\n<p>Vair\u0101k inform\u0101cijas: <strong><a href=\"https:\/\/www.drag-lab.de\/incubator.php\" target=\"_blank\" rel=\"noopener nofollow\">ra\u017eot\u0101ja t\u012bmek\u013ca vietn\u0113<\/a><\/strong> vai nos\u016btiet mums piepras\u012bjumu!<\/p>","protected":false},"excerpt":{"rendered":"<p><strong>Pied\u0101v\u0101jam pla\u0161u ier\u012b\u010du izv\u0113li no v\u0101cu ra\u017eot\u0101ja DragLab \u2013 Nanodrag Technology GmbH<\/strong>, kura uz\u0146\u0113mums koncentr\u0113jas uz produktu un procesu efektivit\u0101tes nep\u0101rtrauktu uzlabo\u0161anu, cen\u0161oties pied\u0101v\u0101t lab\u0101kos tehnolo\u0123iskos risin\u0101jumus medic\u012bnas, tehniski zin\u0101tnisk\u0101s p\u0113tniec\u012bbas un r\u016bpniec\u012bbas nozar\u0113m kopum\u0101.<\/p>","protected":false},"featured_media":16364,"template":"","meta":[],"product_cat":[84,117,76],"product_tag":[372,186,188],"class_list":{"0":"post-16363","1":"product","2":"type-product","3":"status-publish","4":"has-post-thumbnail","6":"product_brand-draglab-nanodrag-technology-gmbh","7":"product_cat-bendra-laboratorine-iranga","8":"product_cat-inkubatoriai-ir-klimatines-kameros","9":"product_cat-laboratorine-iranga","10":"product_tag-draglab-nanodrag-technology-gmbh","11":"product_tag-incubators","12":"product_tag-inkubatoriai","14":"first","15":"onbackorder","16":"shipping-taxable","17":"purchasable","18":"product-type-variable"},"_links":{"self":[{"href":"https:\/\/labostera.lt\/lv\/wp-json\/wp\/v2\/product\/16363","targetHints":{"allow":["GET"]}}],"collection":[{"href":"https:\/\/labostera.lt\/lv\/wp-json\/wp\/v2\/product"}],"about":[{"href":"https:\/\/labostera.lt\/lv\/wp-json\/wp\/v2\/types\/product"}],"wp:featuredmedia":[{"embeddable":true,"href":"https:\/\/labostera.lt\/lv\/wp-json\/wp\/v2\/media\/16364"}],"wp:attachment":[{"href":"https:\/\/labostera.lt\/lv\/wp-json\/wp\/v2\/media?parent=16363"}],"wp:term":[{"taxonomy":"product_cat","embeddable":true,"href":"https:\/\/labostera.lt\/lv\/wp-json\/wp\/v2\/product_cat?post=16363"},{"taxonomy":"product_tag","embeddable":true,"href":"https:\/\/labostera.lt\/lv\/wp-json\/wp\/v2\/product_tag?post=16363"}],"curies":[{"name":"wp","href":"https:\/\/api.w.org\/{rel}","templated":true}]}}