{"id":16357,"date":"2023-11-08T07:25:44","date_gmt":"2023-11-08T07:25:44","guid":{"rendered":"http:\/\/labostera.lt\/?post_type=product&#038;p=16357"},"modified":"2024-01-18T15:52:24","modified_gmt":"2024-01-18T13:52:24","slug":"puslaidininkiu-charakterizavimo-irenginys-linseis-l79-hcs-hall-characterization-system","status":"publish","type":"product","link":"https:\/\/labostera.lt\/lv\/priemones-ir-iranga\/laboratorine-iranga\/analitine-iranga\/kalorimetrija\/puslaidininkiu-charakterizavimo-irenginys-linseis-l79-hcs-hall-characterization-system\/","title":{"rendered":"Pusvad\u012bt\u0101ju raksturo\u0161anas ier\u012bce LINSEIS L79 HCS Hall raksturo\u0161anas sist\u0113ma"},"content":{"rendered":"<h2><strong>LINSEIS Messgeraete L79 HCS pusvad\u012bt\u0101ju raksturo\u0161anas ier\u012bce<\/strong><\/h2>\n<p>L79\/HCS sist\u0113ma \u013cauj raksturot pusvad\u012bt\u0101ju ier\u012bces, m\u0113rot: mobilit\u0101ti, pretest\u012bbu, nes\u0113ju koncentr\u0101ciju un Hola koeficientu.<\/p>\n<ul>\n<li>Ier\u012bces iestat\u012bjumos ir pieejami da\u017e\u0101di paraugu tur\u0113t\u0101ji da\u017e\u0101d\u0101m \u0123eometrij\u0101m un temperat\u016bras pras\u012bb\u0101m. Var izv\u0113l\u0113ties zemu temperat\u016bru (LN)<sub>2<\/sub>) piederumi un augstas temperat\u016bras versija l\u012bdz +800 \u00b0C, nodro\u0161inot, ka var aptvert visas pielietojuma zonas.<\/li>\n<li>Da\u017e\u0101di past\u0101v\u012bgie un elektriskie magn\u0113ti nodro\u0161ina magn\u0113tiskos laukus l\u012bdz pat vair\u0101k\u0101m tesl\u0101m.<\/li>\n<li>Visaptvero\u0161a Windows b\u0101zes programmat\u016bras pakotne nodro\u0161ina iesp\u0113ju ieg\u016bt IV un IR grafikus.<\/li>\n<li>Sist\u0113mu var izmantot da\u017e\u0101du materi\u0101lu, tostarp Si, SiGe, SiC, GaAs, InGaAs, InP, GaN (iesp\u0113jami n-tipa un p-tipa m\u0113r\u012bjumi), met\u0101la sl\u0101\u0146u, oks\u012bdu u.c., raksturo\u0161anai. Sist\u0113mas iesp\u0113jas var demonstr\u0113t, veicot paraugu testus.<\/li>\n<\/ul>\n<h3>Hall raksturo\u0161anas sist\u0113ma \u2013 <a href=\"http:\/\/labostera.lt\/lv\/product-brand\/linseis-messgeraete-gmbh\/\" target=\"_blank\" rel=\"noopener\">LINZES m\u0113rinstruments L79 HCS<\/a>.<\/h3>\n<p>Vair\u0101k inform\u0101cijas: <strong><a href=\"https:\/\/www.linseis.com\/en\/products\/hall-effect-analyzer\/\" target=\"_blank\" rel=\"noopener nofollow\">ra\u017eot\u0101ja t\u012bmek\u013ca vietn\u0113<\/a><\/strong> vai nos\u016btiet mums piepras\u012bjumu!<\/p>","protected":false},"excerpt":{"rendered":"<p><strong>Pied\u0101v\u0101jam pla\u0161u v\u0101cu ra\u017eot\u0101ja &quot;LINSEIS Messgeraete&quot; iek\u0101rtu izv\u0113li.<\/strong>, kura uz\u0146\u0113mums koncentr\u0113jas uz produktu un procesu efektivit\u0101tes nep\u0101rtrauktu uzlabo\u0161anu, cen\u0161oties pied\u0101v\u0101t lab\u0101kos tehnolo\u0123iskos risin\u0101jumus medic\u012bnas, tehniski zin\u0101tnisk\u0101s p\u0113tniec\u012bbas un r\u016bpniec\u012bbas nozar\u0113m kopum\u0101.<\/p>","protected":false},"featured_media":16358,"template":"","meta":[],"product_cat":[82,98,76],"product_tag":[369,370,368,319],"class_list":{"0":"post-16357","1":"product","2":"type-product","3":"status-publish","4":"has-post-thumbnail","6":"product_brand-linseis-messgeraete-gmbh","7":"product_cat-analitine-iranga","8":"product_cat-kalorimetrija","9":"product_cat-laboratorine-iranga","10":"product_tag-hall-characterization-systems","11":"product_tag-hall-charakterizavimo-sistemos","12":"product_tag-hcs","13":"product_tag-linseis-messgeraete-gmbh","15":"first","16":"onbackorder","17":"shipping-taxable","18":"product-type-simple"},"_links":{"self":[{"href":"https:\/\/labostera.lt\/lv\/wp-json\/wp\/v2\/product\/16357","targetHints":{"allow":["GET"]}}],"collection":[{"href":"https:\/\/labostera.lt\/lv\/wp-json\/wp\/v2\/product"}],"about":[{"href":"https:\/\/labostera.lt\/lv\/wp-json\/wp\/v2\/types\/product"}],"wp:featuredmedia":[{"embeddable":true,"href":"https:\/\/labostera.lt\/lv\/wp-json\/wp\/v2\/media\/16358"}],"wp:attachment":[{"href":"https:\/\/labostera.lt\/lv\/wp-json\/wp\/v2\/media?parent=16357"}],"wp:term":[{"taxonomy":"product_cat","embeddable":true,"href":"https:\/\/labostera.lt\/lv\/wp-json\/wp\/v2\/product_cat?post=16357"},{"taxonomy":"product_tag","embeddable":true,"href":"https:\/\/labostera.lt\/lv\/wp-json\/wp\/v2\/product_tag?post=16357"}],"curies":[{"name":"wp","href":"https:\/\/api.w.org\/{rel}","templated":true}]}}