{"id":16351,"date":"2023-11-07T14:39:01","date_gmt":"2023-11-07T14:39:01","guid":{"rendered":"http:\/\/labostera.lt\/?post_type=product&#038;p=16351"},"modified":"2024-01-18T15:17:53","modified_gmt":"2024-01-18T13:17:53","slug":"lazerinis-puslaidininkiu-charakterizavimo-irenginys-linseis-lzt-meter-combined-lsr-lfa","status":"publish","type":"product","link":"https:\/\/labostera.lt\/lv\/priemones-ir-iranga\/laboratorine-iranga\/analitine-iranga\/kalorimetrija\/lazerinis-puslaidininkiu-charakterizavimo-irenginys-linseis-lzt-meter-combined-lsr-lfa\/","title":{"rendered":"L\u0101zera pusvad\u012bt\u0101ju raksturo\u0161anas ier\u012bce LINSEIS LZT m\u0113r\u012bt\u0101js (apvienots LSR\/LFA)"},"content":{"rendered":"<h2><strong>LINSEIS Messgeraete LZT l\u0101zera pusvad\u012bt\u0101ju raksturo\u0161anas ier\u012bce<\/strong><\/h2>\n<p>L\u0101zera zib\u0161\u0146a Seeback un impedances raksturojuma sist\u0113mas raksturlielumi:<\/p>\n<ul>\n<li>Pirm\u0101 komerci\u0101l\u0101 ier\u012bce pasaul\u0113, kas m\u0113ra precizit\u0101tes koeficientu vien\u0101 m\u0113r\u012bjum\u0101 (apvienojot LSR un LFA).<\/li>\n<li>Ier\u012bce apvieno tr\u012bs m\u0113r\u012bjumu veidus: siltumvad\u012btsp\u0113ju, elektrisko pretest\u012bbu un Z\u0113beka koeficientu, kas noz\u012bm\u0113, ka t\u0101 var apvienot LSR un LFA funkcijas.<\/li>\n<li>Analizators ir pieejams ar da\u017e\u0101du veidu kr\u0101sn\u012bm: jaunu infrasarkano kr\u0101sni, kas nodro\u0161ina \u013coti prec\u012bzu temperat\u016bras kontroli ar \u013coti \u0101tru uzsild\u012b\u0161anu un dzes\u0113\u0161anu, zemas temperat\u016bras kr\u0101sni un augstas temperat\u016bras kr\u0101sni.<\/li>\n<li>Iek\u013caut\u0101 programmat\u016bras pakotne \u013cauj nov\u0113rt\u0113t visus izm\u0113r\u012btos datus, izmantojot paz\u012bstamo LINSEIS programmat\u016bru, un nodro\u0161ina ar\u012b Harman-ZT modeli.<\/li>\n<\/ul>\n<h3>L\u0101zera zib\u0161\u0146a atpaka\u013cskata un impedances raksturo\u0161anas sist\u0113ma \u2013 <a href=\"http:\/\/labostera.lt\/lv\/product-brand\/linseis-messgeraete-gmbh\/\" target=\"_blank\" rel=\"noopener\">LINZES Mesgeraete<\/a>.<\/h3>\n<p>Vair\u0101k inform\u0101cijas: <strong><a href=\"https:\/\/www.linseis.com\/en\/products\/thermal-conductivity-instruments\/lzt-meter\/\" target=\"_blank\" rel=\"noopener nofollow\">ra\u017eot\u0101ja t\u012bmek\u013ca vietn\u0113<\/a><\/strong> vai nos\u016btiet mums piepras\u012bjumu!<\/p>","protected":false},"excerpt":{"rendered":"<p><strong>Pied\u0101v\u0101jam pla\u0161u v\u0101cu ra\u017eot\u0101ja &quot;LINSEIS Messgeraete&quot; iek\u0101rtu izv\u0113li.<\/strong>, kura uz\u0146\u0113mums koncentr\u0113jas uz produktu un procesu efektivit\u0101tes nep\u0101rtrauktu uzlabo\u0161anu, cen\u0161oties pied\u0101v\u0101t lab\u0101kos tehnolo\u0123iskos risin\u0101jumus medic\u012bnas, tehniski zin\u0101tnisk\u0101s p\u0113tniec\u012bbas un r\u016bpniec\u012bbas nozar\u0113m kopum\u0101.<\/p>","protected":false},"featured_media":16356,"template":"","meta":[],"product_cat":[82,98,76],"product_tag":[350,346,319,364,367,366,365],"class_list":{"0":"post-16351","1":"product","2":"type-product","3":"status-publish","4":"has-post-thumbnail","6":"product_brand-linseis-messgeraete-gmbh","7":"product_cat-analitine-iranga","8":"product_cat-kalorimetrija","9":"product_cat-laboratorine-iranga","10":"product_tag-lazerines-blykstes-analizatoriai","11":"product_tag-lfa","12":"product_tag-linseis-messgeraete-gmbh","13":"product_tag-lsr","14":"product_tag-lzt","15":"product_tag-seeback-ir-varzos-charakterizavimo-sistemos","16":"product_tag-seebeck-and-resistivity-characterization-systems","18":"first","19":"onbackorder","20":"shipping-taxable","21":"product-type-simple"},"_links":{"self":[{"href":"https:\/\/labostera.lt\/lv\/wp-json\/wp\/v2\/product\/16351","targetHints":{"allow":["GET"]}}],"collection":[{"href":"https:\/\/labostera.lt\/lv\/wp-json\/wp\/v2\/product"}],"about":[{"href":"https:\/\/labostera.lt\/lv\/wp-json\/wp\/v2\/types\/product"}],"wp:featuredmedia":[{"embeddable":true,"href":"https:\/\/labostera.lt\/lv\/wp-json\/wp\/v2\/media\/16356"}],"wp:attachment":[{"href":"https:\/\/labostera.lt\/lv\/wp-json\/wp\/v2\/media?parent=16351"}],"wp:term":[{"taxonomy":"product_cat","embeddable":true,"href":"https:\/\/labostera.lt\/lv\/wp-json\/wp\/v2\/product_cat?post=16351"},{"taxonomy":"product_tag","embeddable":true,"href":"https:\/\/labostera.lt\/lv\/wp-json\/wp\/v2\/product_tag?post=16351"}],"curies":[{"name":"wp","href":"https:\/\/api.w.org\/{rel}","templated":true}]}}