{"id":16347,"date":"2023-11-07T11:52:00","date_gmt":"2023-11-07T11:52:00","guid":{"rendered":"http:\/\/labostera.lt\/?post_type=product&#038;p=16347"},"modified":"2024-01-18T15:10:03","modified_gmt":"2024-01-18T13:10:03","slug":"puslaidininkiu-charakterizavimo-irenginys-linseis-lsr-seebeck-and-resistivity-characterization-system","status":"publish","type":"product","link":"https:\/\/labostera.lt\/lv\/priemones-ir-iranga\/laboratorine-iranga\/analitine-iranga\/kalorimetrija\/puslaidininkiu-charakterizavimo-irenginys-linseis-lsr-seebeck-and-resistivity-characterization-system\/","title":{"rendered":"Pusvad\u012bt\u0101ju raksturo\u0161anas ier\u012bce LINSEIS LSR Seebeck un pretest\u012bbas raksturo\u0161anas sist\u0113ma"},"content":{"rendered":"<h2><strong>LINSEIS Messgeraete LSR pusvad\u012bt\u0101ju raksturo\u0161anas ier\u012bce<\/strong><\/h2>\n<p>Pusvad\u012bt\u0101ju raksturo\u0161anas iek\u0101rtas \u2013 Seeback un impedances raksturo\u0161anas sist\u0113mas raksturlielumi:<\/p>\n<ul>\n<li>LSR-1 sist\u0113ma raksturo met\u0101lu un pusvad\u012bt\u0101ju paraugus, izmantojot labi zin\u0101m\u0101s Van der Pauva un statisk\u0101s l\u012bdzstr\u0101vas un novirzes Z\u0113beka koeficienta m\u0113r\u012b\u0161anas metodes, m\u0113rot elektrisko pretest\u012bbu un Z\u0113beka koeficientu.<\/li>\n<li>Kompakt\u0101 galda iek\u0101rta pied\u0101v\u0101 integr\u0113tus paraugu tur\u0113t\u0101jus da\u017e\u0101d\u0101m temperat\u016bras pras\u012bb\u0101m, tostarp zemai temperat\u016brai (LN<sub>2<\/sub>), apsild\u0101m\u0101 (l\u012bdz +200\u00b0C) un nosl\u0113gt\u0101 m\u0113r\u012b\u0161anas telp\u0101.<\/li>\n<li>Visaptvero\u0161\u0101 Windows programmat\u016bra nodro\u0161ina \u0113rti lietojamu saskarni ar m\u0113r\u012bjumu profila iestat\u012b\u0161anas ved\u0146iem.<\/li>\n<li>LSR-3 \u201cLINSEIS \u2013 Z\u0113beka un elektrisk\u0101s pretest\u012bbas raksturo\u0161anas sist\u0113ma\u201d nov\u0113rt\u0113 materi\u0101lus, vienlaikus m\u0113rot Z\u0113beka koeficientu un elektrisko pretest\u012bbu (ZT, izmantojot H\u0101rmana metodi).<\/li>\n<li>Tas ir piem\u0113rots prizmatiskiem un cilindriskiem paraugiem, virv\u0113m un pl\u0113v\u0113m ar main\u0101m\u0101m kr\u0101sn\u012bm (no -100\u00b0C l\u012bdz +1500\u00b0C).<\/li>\n<li>Parauga tur\u0113t\u0101ja dizains nodro\u0161ina augstu m\u0113r\u012bjumu atk\u0101rtojam\u012bbu, un moderna programmat\u016bra \u013cauj automatiz\u0113t m\u0113r\u012bjumu procesus.<\/li>\n<li>Infrasarkanie sild\u012bt\u0101ji pied\u0101v\u0101 augstu sild\u012b\u0161anas un dzes\u0113\u0161anas \u0101trumu, k\u0101 ar\u012b prec\u012bzu temperat\u016bras kontroli.<\/li>\n<li>M\u0113r\u012b\u0161anas principi: Paraugs tiek ievietots kr\u0101sn\u012b starp diviem elektrodiem, lai izm\u0113r\u012btu elektrisko pretest\u012bbu l\u012bdzstr\u0101vas kvatern\u0101raj\u0101 m\u0113r\u012bjum\u0101.<\/li>\n<\/ul>\n<h3>Z\u012bbeka un rezistences raksturo\u0161anas sist\u0113ma \u2013 <a href=\"http:\/\/labostera.lt\/lv\/product-brand\/linseis-messgeraete-gmbh\/\" target=\"_blank\" rel=\"noopener\">LINZES Mesgeraete<\/a>.<\/h3>\n<p>Vair\u0101k inform\u0101cijas: <strong><a href=\"https:\/\/www.linseis.com\/en\/products\/thermoelectric\/\" target=\"_blank\" rel=\"noopener nofollow\">ra\u017eot\u0101ja t\u012bmek\u013ca vietn\u0113<\/a><\/strong> vai nos\u016btiet mums piepras\u012bjumu!<\/p>","protected":false},"excerpt":{"rendered":"<p><strong>Pied\u0101v\u0101jam pla\u0161u v\u0101cu ra\u017eot\u0101ja &quot;LINSEIS Messgeraete&quot; iek\u0101rtu izv\u0113li.<\/strong>, kura uz\u0146\u0113mums koncentr\u0113jas uz produktu un procesu efektivit\u0101tes nep\u0101rtrauktu uzlabo\u0161anu, cen\u0161oties pied\u0101v\u0101t lab\u0101kos tehnolo\u0123iskos risin\u0101jumus medic\u012bnas, tehniski zin\u0101tnisk\u0101s p\u0113tniec\u012bbas un r\u016bpniec\u012bbas nozar\u0113m kopum\u0101.<\/p>","protected":false},"featured_media":16355,"template":"","meta":[],"product_cat":[82,98,76],"product_tag":[319,364,366,365],"class_list":{"0":"post-16347","1":"product","2":"type-product","3":"status-publish","4":"has-post-thumbnail","6":"product_brand-linseis-messgeraete-gmbh","7":"product_cat-analitine-iranga","8":"product_cat-kalorimetrija","9":"product_cat-laboratorine-iranga","10":"product_tag-linseis-messgeraete-gmbh","11":"product_tag-lsr","12":"product_tag-seeback-ir-varzos-charakterizavimo-sistemos","13":"product_tag-seebeck-and-resistivity-characterization-systems","15":"first","16":"onbackorder","17":"shipping-taxable","18":"purchasable","19":"product-type-variable"},"_links":{"self":[{"href":"https:\/\/labostera.lt\/lv\/wp-json\/wp\/v2\/product\/16347","targetHints":{"allow":["GET"]}}],"collection":[{"href":"https:\/\/labostera.lt\/lv\/wp-json\/wp\/v2\/product"}],"about":[{"href":"https:\/\/labostera.lt\/lv\/wp-json\/wp\/v2\/types\/product"}],"wp:featuredmedia":[{"embeddable":true,"href":"https:\/\/labostera.lt\/lv\/wp-json\/wp\/v2\/media\/16355"}],"wp:attachment":[{"href":"https:\/\/labostera.lt\/lv\/wp-json\/wp\/v2\/media?parent=16347"}],"wp:term":[{"taxonomy":"product_cat","embeddable":true,"href":"https:\/\/labostera.lt\/lv\/wp-json\/wp\/v2\/product_cat?post=16347"},{"taxonomy":"product_tag","embeddable":true,"href":"https:\/\/labostera.lt\/lv\/wp-json\/wp\/v2\/product_tag?post=16347"}],"curies":[{"name":"wp","href":"https:\/\/api.w.org\/{rel}","templated":true}]}}