{"id":16342,"date":"2023-10-30T12:48:31","date_gmt":"2023-10-30T12:48:31","guid":{"rendered":"http:\/\/labostera.lt\/?post_type=product&#038;p=16342"},"modified":"2024-01-18T15:02:40","modified_gmt":"2024-01-18T13:02:40","slug":"pereinamojo-siluminio-tilto-irenginys-linseis-thb-transient-hot-bridge-instrument","status":"publish","type":"product","link":"https:\/\/labostera.lt\/lv\/priemones-ir-iranga\/laboratorine-iranga\/analitine-iranga\/kalorimetrija\/pereinamojo-siluminio-tilto-irenginys-linseis-thb-transient-hot-bridge-instrument\/","title":{"rendered":"LINSEIS THB p\u0101rejas karst\u0101 tilta instruments"},"content":{"rendered":"<h2><strong>\u201eLINSEIS Messgeraete\u201d THB <\/strong> Termisk\u0101 tilta p\u0101rejas ier\u012bce<\/h2>\n<p>P\u0101rejas termisk\u0101 tilta ier\u012bces raksturojums:<\/p>\n<ul>\n<li>P\u0101rejo\u0161o termisko tiltu metode m\u0113ra da\u017e\u0101du materi\u0101lu un \u0123eometriju termisk\u0101s \u012bpa\u0161\u012bbas.<\/li>\n<li>LINSEIS ier\u012bce nodro\u0161ina vienlaic\u012bgus m\u0113r\u012bjumus cietviel\u0101s un \u0161\u0137idrumos bez nepiecie\u0161am\u012bbas p\u0113c atsauces vai kalibr\u0113\u0161anas.<\/li>\n<li>\u0160\u012b metode sniedz absol\u016btus rezult\u0101tus ar nelielu k\u013c\u016bdas robe\u017eu, sal\u012bdzinot ar tradicion\u0101laj\u0101m metod\u0113m.<\/li>\n<li>M\u0113r\u012bjumi ir automatiz\u0113ti, un da\u017e\u0101diem lietojumiem ir pieejami main\u0101mi sensori.<\/li>\n<li>Programmat\u016bra optimiz\u0113 m\u0113r\u012bjumus, uzrauga temperat\u016bras sv\u0101rst\u012bbas un apr\u0113\u0137ina nenoteikt\u012bbu atbilsto\u0161i ISO standartiem.<\/li>\n<\/ul>\n<h3>Termisko tiltu p\u0101rejas ier\u012bces \u2013 <a href=\"http:\/\/labostera.lt\/lv\/product-brand\/linseis-messgeraete-gmbh\/\" target=\"_blank\" rel=\"noopener\">LINZES Mesgeraete<\/a>.<\/h3>\n<p>Vair\u0101k inform\u0101cijas: <strong><a href=\"https:\/\/www.linseis.com\/en\/products\/thermal-conductivity-instruments\/thb-basic-advance-ultimate\/\" target=\"_blank\" rel=\"noopener nofollow\">ra\u017eot\u0101ja t\u012bmek\u013ca vietn\u0113<\/a><\/strong> vai nos\u016btiet mums piepras\u012bjumu!<\/p>","protected":false},"excerpt":{"rendered":"<p><strong>Pied\u0101v\u0101jam pla\u0161u v\u0101cu ra\u017eot\u0101ja &quot;LINSEIS Messgeraete&quot; iek\u0101rtu izv\u0113li.<\/strong>, kura uz\u0146\u0113mums koncentr\u0113jas uz produktu un procesu efektivit\u0101tes nep\u0101rtrauktu uzlabo\u0161anu, cen\u0161oties pied\u0101v\u0101t lab\u0101kos tehnolo\u0123iskos risin\u0101jumus medic\u012bnas, tehniski zin\u0101tnisk\u0101s p\u0113tniec\u012bbas un r\u016bpniec\u012bbas nozar\u0113m kopum\u0101.<\/p>","protected":false},"featured_media":16346,"template":"","meta":[],"product_cat":[82,98,76],"product_tag":[319,363,361,362],"class_list":{"0":"post-16342","1":"product","2":"type-product","3":"status-publish","4":"has-post-thumbnail","6":"product_brand-linseis-messgeraete-gmbh","7":"product_cat-analitine-iranga","8":"product_cat-kalorimetrija","9":"product_cat-laboratorine-iranga","10":"product_tag-linseis-messgeraete-gmbh","11":"product_tag-pereinamojo-siluminio-tilto-irenginiai","12":"product_tag-thb","13":"product_tag-transient-hot-bridge-instruments","15":"first","16":"onbackorder","17":"shipping-taxable","18":"purchasable","19":"product-type-variable"},"_links":{"self":[{"href":"https:\/\/labostera.lt\/lv\/wp-json\/wp\/v2\/product\/16342","targetHints":{"allow":["GET"]}}],"collection":[{"href":"https:\/\/labostera.lt\/lv\/wp-json\/wp\/v2\/product"}],"about":[{"href":"https:\/\/labostera.lt\/lv\/wp-json\/wp\/v2\/types\/product"}],"wp:featuredmedia":[{"embeddable":true,"href":"https:\/\/labostera.lt\/lv\/wp-json\/wp\/v2\/media\/16346"}],"wp:attachment":[{"href":"https:\/\/labostera.lt\/lv\/wp-json\/wp\/v2\/media?parent=16342"}],"wp:term":[{"taxonomy":"product_cat","embeddable":true,"href":"https:\/\/labostera.lt\/lv\/wp-json\/wp\/v2\/product_cat?post=16342"},{"taxonomy":"product_tag","embeddable":true,"href":"https:\/\/labostera.lt\/lv\/wp-json\/wp\/v2\/product_tag?post=16342"}],"curies":[{"name":"wp","href":"https:\/\/api.w.org\/{rel}","templated":true}]}}