{"id":16334,"date":"2023-10-30T12:15:58","date_gmt":"2023-10-30T12:15:58","guid":{"rendered":"http:\/\/labostera.lt\/?post_type=product&#038;p=16334"},"modified":"2024-01-18T14:54:56","modified_gmt":"2024-01-18T12:54:56","slug":"siluminio-srauto-matuoklis-linseis-hfm-heat-flow-meter","status":"publish","type":"product","link":"https:\/\/labostera.lt\/lv\/priemones-ir-iranga\/laboratorine-iranga\/analitine-iranga\/kalorimetrija\/siluminio-srauto-matuoklis-linseis-hfm-heat-flow-meter\/","title":{"rendered":"Siltuma pl\u016bsmas m\u0113r\u012bt\u0101js LINSEIS HFM siltuma pl\u016bsmas m\u0113r\u012bt\u0101js"},"content":{"rendered":"<h2><strong>LINSEIS Messgeraete HFM siltuma pl\u016bsmas m\u0113r\u012bt\u0101js<\/strong><\/h2>\n<p>Siltuma pl\u016bsmas m\u0113r\u012bt\u0101ja raksturlielumi:<\/p>\n<ul>\n<li>\u0100trs un viegli lietojams siltuma pl\u016bsmas m\u0113r\u012bt\u0101js prec\u012bzai zemas siltumvad\u012btsp\u0113jas materi\u0101lu siltumvad\u012btsp\u0113jas m\u0113r\u012b\u0161anai.<\/li>\n<li>Izstr\u0101d\u0101ts saska\u0146\u0101 ar ASTM C518, JIS A1412, ISO 8301 un DIN 12667 standartiem.<\/li>\n<li>Siltuma pl\u016bsmu m\u0113ra, novietojot paraugu starp karstu un aukstu pl\u0101ksni.<\/li>\n<li>Moderns dizains ar bezapkopes Peltier apkures un dzes\u0113\u0161anas ciklu nodro\u0161ina minim\u0101las izmaksas.<\/li>\n<li>Divk\u0101r\u0161\u0101 siltuma pl\u016bsmas sensora konfigur\u0101cija nodro\u0161ina \u0101trus m\u0113r\u012bjumus, stabiliz\u0113joties tikai 15 min\u016bt\u0113s.<\/li>\n<\/ul>\n<h3>Siltuma pl\u016bsmas skait\u012bt\u0101ji \u2013 <a href=\"http:\/\/labostera.lt\/lv\/product-brand\/linseis-messgeraete-gmbh\/\" target=\"_blank\" rel=\"noopener\">LINZES Mesgeraete<\/a>.<\/h3>\n<p>Vair\u0101k inform\u0101cijas: <strong><a href=\"https:\/\/www.linseis.com\/en\/products\/thermal-conductivity-instruments\/hfm-heat-flow-meter\/\" target=\"_blank\" rel=\"noopener nofollow\">ra\u017eot\u0101ja t\u012bmek\u013ca vietn\u0113<\/a><\/strong> vai nos\u016btiet mums piepras\u012bjumu!<\/p>","protected":false},"excerpt":{"rendered":"<p><strong>Pied\u0101v\u0101jam pla\u0161u v\u0101cu ra\u017eot\u0101ja &quot;LINSEIS Messgeraete&quot; iek\u0101rtu izv\u0113li.<\/strong>, kura uz\u0146\u0113mums koncentr\u0113jas uz produktu un procesu efektivit\u0101tes nep\u0101rtrauktu uzlabo\u0161anu, cen\u0161oties pied\u0101v\u0101t lab\u0101kos tehnolo\u0123iskos risin\u0101jumus medic\u012bnas, tehniski zin\u0101tnisk\u0101s p\u0113tniec\u012bbas un r\u016bpniec\u012bbas nozar\u0113m kopum\u0101.<\/p>","protected":false},"featured_media":16338,"template":"","meta":[],"product_cat":[82,98,76],"product_tag":[359,358,319,360],"class_list":{"0":"post-16334","1":"product","2":"type-product","3":"status-publish","4":"has-post-thumbnail","6":"product_brand-linseis-messgeraete-gmbh","7":"product_cat-analitine-iranga","8":"product_cat-kalorimetrija","9":"product_cat-laboratorine-iranga","10":"product_tag-heat-flow-meters","11":"product_tag-hfm","12":"product_tag-linseis-messgeraete-gmbh","13":"product_tag-siluminio-srauto-matuokliai","15":"first","16":"onbackorder","17":"shipping-taxable","18":"purchasable","19":"product-type-variable"},"_links":{"self":[{"href":"https:\/\/labostera.lt\/lv\/wp-json\/wp\/v2\/product\/16334","targetHints":{"allow":["GET"]}}],"collection":[{"href":"https:\/\/labostera.lt\/lv\/wp-json\/wp\/v2\/product"}],"about":[{"href":"https:\/\/labostera.lt\/lv\/wp-json\/wp\/v2\/types\/product"}],"wp:featuredmedia":[{"embeddable":true,"href":"https:\/\/labostera.lt\/lv\/wp-json\/wp\/v2\/media\/16338"}],"wp:attachment":[{"href":"https:\/\/labostera.lt\/lv\/wp-json\/wp\/v2\/media?parent=16334"}],"wp:term":[{"taxonomy":"product_cat","embeddable":true,"href":"https:\/\/labostera.lt\/lv\/wp-json\/wp\/v2\/product_cat?post=16334"},{"taxonomy":"product_tag","embeddable":true,"href":"https:\/\/labostera.lt\/lv\/wp-json\/wp\/v2\/product_tag?post=16334"}],"curies":[{"name":"wp","href":"https:\/\/api.w.org\/{rel}","templated":true}]}}