{"id":16329,"date":"2023-10-30T09:46:56","date_gmt":"2023-10-30T09:46:56","guid":{"rendered":"http:\/\/labostera.lt\/?post_type=product&#038;p=16329"},"modified":"2024-01-18T14:51:07","modified_gmt":"2024-01-18T12:51:07","slug":"plono-sluoksnio-analizatorius-linseis-tfa-thin-film-analyzer","status":"publish","type":"product","link":"https:\/\/labostera.lt\/lv\/priemones-ir-iranga\/laboratorine-iranga\/analitine-iranga\/kalorimetrija\/plono-sluoksnio-analizatorius-linseis-tfa-thin-film-analyzer\/","title":{"rendered":"Pl\u0101n\u0101s pl\u0113ves analizators LINSEIS TFA pl\u0101n\u0101s pl\u0113ves analizators"},"content":{"rendered":"<h2><strong>LINSEIS Messgeraete TFA pl\u0101nsl\u0101\u0146a analizators<\/strong><\/h2>\n<p>Pl\u0101n\u0101s k\u0101rtas analizatora raksturojums:<\/p>\n<ul>\n<li>LINSEIS pl\u0101nsl\u0101\u0146a analizators \u013cauj \u0113rti un \u0101tri raksturot da\u017e\u0101da veida pl\u0101nsl\u0101\u0146a paraugus.<\/li>\n<li>T\u0101 ir lietot\u0101jam draudz\u012bga, neatkar\u012bga sist\u0113ma, kas nodro\u0161ina augstas kvalit\u0101tes rezult\u0101tus un kurai ir modul\u0101rs dizains, kas \u013cauj viegli veikt sist\u0113mas jaunin\u0101\u0161anu.<\/li>\n<li>Sist\u0113ma vienlaikus nosaka da\u017e\u0101das fizik\u0101l\u0101s \u012bpa\u0161\u012bbas, nodro\u0161inot sal\u012bdzin\u0101mus rezult\u0101tus un izvairoties no k\u013c\u016bd\u0101m da\u017e\u0101du vides apst\u0101k\u013cu, piem\u0113ram, parauga \u0123eometrijas, sast\u0101va vai termisko \u012bpa\u0161\u012bbu, d\u0113\u013c.<\/li>\n<li>T\u0101 var apstr\u0101d\u0101t da\u017e\u0101dus materi\u0101lu veidus, s\u0101kot no met\u0101liem l\u012bdz keramikai un organiskiem materi\u0101liem, izmantojot da\u017e\u0101das nogulsn\u0113\u0161anas metodes, piem\u0113ram, PVD, CVD vai SC.<\/li>\n<\/ul>\n<h3>Pl\u0101n\u0101s pl\u0113ves analizatori \u2013 <a href=\"http:\/\/labostera.lt\/lv\/product-brand\/linseis-messgeraete-gmbh\/\" target=\"_blank\" rel=\"noopener\">LINZES Mesgeraete<\/a>.<\/h3>\n<p>Vair\u0101k inform\u0101cijas: <strong><a href=\"https:\/\/www.linseis.com\/en\/products\/thin-film-analyzer\/tfa-thin-film-analyzer\/\" target=\"_blank\" rel=\"noopener nofollow\">ra\u017eot\u0101ja t\u012bmek\u013ca vietn\u0113<\/a><\/strong> vai nos\u016btiet mums piepras\u012bjumu!<\/p>","protected":false},"excerpt":{"rendered":"<p><strong>Pied\u0101v\u0101jam pla\u0161u v\u0101cu ra\u017eot\u0101ja &quot;LINSEIS Messgeraete&quot; iek\u0101rtu izv\u0113li.<\/strong>, kura uz\u0146\u0113mums koncentr\u0113jas uz produktu un procesu efektivit\u0101tes nep\u0101rtrauktu uzlabo\u0161anu, cen\u0161oties pied\u0101v\u0101t lab\u0101kos tehnolo\u0123iskos risin\u0101jumus medic\u012bnas, tehniski zin\u0101tnisk\u0101s p\u0113tniec\u012bbas un r\u016bpniec\u012bbas nozar\u0113m kopum\u0101.<\/p>","protected":false},"featured_media":16333,"template":"","meta":[],"product_cat":[82,98,76],"product_tag":[319,357,355,356],"class_list":{"0":"post-16329","1":"product","2":"type-product","3":"status-publish","4":"has-post-thumbnail","6":"product_brand-linseis-messgeraete-gmbh","7":"product_cat-analitine-iranga","8":"product_cat-kalorimetrija","9":"product_cat-laboratorine-iranga","10":"product_tag-linseis-messgeraete-gmbh","11":"product_tag-plono-sluoksnio-analizatoriai","12":"product_tag-tfa","13":"product_tag-thin-film-analyzers","15":"first","16":"onbackorder","17":"shipping-taxable","18":"purchasable","19":"product-type-simple"},"_links":{"self":[{"href":"https:\/\/labostera.lt\/lv\/wp-json\/wp\/v2\/product\/16329","targetHints":{"allow":["GET"]}}],"collection":[{"href":"https:\/\/labostera.lt\/lv\/wp-json\/wp\/v2\/product"}],"about":[{"href":"https:\/\/labostera.lt\/lv\/wp-json\/wp\/v2\/types\/product"}],"wp:featuredmedia":[{"embeddable":true,"href":"https:\/\/labostera.lt\/lv\/wp-json\/wp\/v2\/media\/16333"}],"wp:attachment":[{"href":"https:\/\/labostera.lt\/lv\/wp-json\/wp\/v2\/media?parent=16329"}],"wp:term":[{"taxonomy":"product_cat","embeddable":true,"href":"https:\/\/labostera.lt\/lv\/wp-json\/wp\/v2\/product_cat?post=16329"},{"taxonomy":"product_tag","embeddable":true,"href":"https:\/\/labostera.lt\/lv\/wp-json\/wp\/v2\/product_tag?post=16329"}],"curies":[{"name":"wp","href":"https:\/\/api.w.org\/{rel}","templated":true}]}}