{"id":16318,"date":"2023-10-30T08:18:00","date_gmt":"2023-10-30T08:18:00","guid":{"rendered":"http:\/\/labostera.lt\/?post_type=product&#038;p=16318"},"modified":"2024-01-18T14:46:08","modified_gmt":"2024-01-18T12:46:08","slug":"lazerinis-blykstes-analizatorius-linseis-lfa-laser-flash-analyzer","status":"publish","type":"product","link":"https:\/\/labostera.lt\/lv\/priemones-ir-iranga\/laboratorine-iranga\/analitine-iranga\/kalorimetrija\/lazerinis-blykstes-analizatorius-linseis-lfa-laser-flash-analyzer\/","title":{"rendered":"L\u0101zera zibspuldzes analizators LINSEIS LFA l\u0101zera zibspuldzes analizators"},"content":{"rendered":"<h2><strong>\u201eLINSEIS Messgeraete LFA l\u0101zera zibspuldzes analizators<\/strong><\/h2>\n<p>L\u0101zera zibspuldzes analizatora raksturlielumi:<\/p>\n<ul>\n<li>LINSEIS pied\u0101v\u0101 apr\u012bkojumu termisk\u0101s dif\u016bzijas m\u0113r\u012b\u0161anai.<\/li>\n<li><strong>LFA 500:<\/strong> Ekonomisks risin\u0101jums, temperat\u016bras diapazons no -50 l\u012bdz 1100\u00b0C.<\/li>\n<li><strong>LFA 1000:<\/strong> Augsts paraugu \u0146em\u0161anas \u0101trums, modul\u0101ra konstrukcija, divas kr\u0101snis un detektori.<\/li>\n<li>Temperat\u016bras diapazona un detektoru jaunin\u0101\u0161anas iesp\u0113jas.<\/li>\n<li>Darbojas saska\u0146\u0101 ar ASTM E-1461, DIN 30905 un DIN EN 821 standartiem.<\/li>\n<\/ul>\n<ul>\n<li>\u012apa\u0161i pl\u0101nu sl\u0101\u0146u un pl\u0113vju termisk\u0101s \u012bpa\u0161\u012bbas iev\u0113rojami at\u0161\u0137iras no atbilsto\u0161\u0101 tilpuma materi\u0101la \u012bpa\u0161\u012bb\u0101m, t\u0101p\u0113c ir nepiecie\u0161ama metode, kas p\u0101rvar klasisk\u0101s l\u0101zerzib\u0161\u0146a metodes ierobe\u017eojumus: TF-LFA \u2013 augstfrekvences l\u0101zerzib\u0161\u0146a metode.<\/li>\n<li>M\u0113r\u012bjumu \u0123eometrija var b\u016bt t\u0101da pati k\u0101 standarta ier\u012bces metod\u0113: detektors un l\u0101zers atrodas paraugu pret\u0113j\u0101s pus\u0113s.<\/li>\n<li>T\u0101 k\u0101 infrasarkanie detektori ir p\u0101r\u0101k l\u0113ni, lai m\u0113r\u012btu pl\u0101nus sl\u0101\u0146us, detekt\u0113\u0161ana tiek veikta, izmantojot termorefleksijas metodi. \u0160\u012bs metodes ideja ir t\u0101da, ka, materi\u0101lam tiekot uzkars\u0113tam, main\u0101s virsmas atstaro\u0161anas sp\u0113ja, un to var izmantot, lai noteiktu termisk\u0101s \u012bpa\u0161\u012bbas.<\/li>\n<li>Atstaro\u0161an\u0101s tiek m\u0113r\u012bta laika gait\u0101, un ieg\u016btie dati tiek izmantoti, lai atrastu atbilsto\u0161u modeli, kas satur koeficientus, kuri atbilst termiskaj\u0101m \u012bpa\u0161\u012bb\u0101m.<\/li>\n<li>Past\u0101v otra iesp\u0113jama konfigur\u0101cija, ko sauc par \u201ePriek\u0161\u0113j\u0101 sild\u012b\u0161ana \/ Priek\u0161\u0113j\u0101 noteik\u0161ana\u201d (FF). At\u0161\u0137ir\u012bb\u0101 no parast\u0101s konfigur\u0101cijas, infrasarkanie detektori atrodas taj\u0101 pa\u0161\u0101 viet\u0101, kur l\u0101zers. Tas ir noder\u012bgi necaursp\u012bd\u012bgiem substr\u0101tiem, kur \u201eRF (aizmugur\u0113j\u0101 sild\u012b\u0161ana, priek\u0161\u0113j\u0101 noteik\u0161ana)\u201d metode nedarbojas.<\/li>\n<\/ul>\n<h3>L\u0101zera zib\u0161\u0146u analizatori \u2013 <a href=\"http:\/\/labostera.lt\/lv\/product-brand\/linseis-messgeraete-gmbh\/\" target=\"_blank\" rel=\"noopener\">LINZES Mesgeraete<\/a>.<\/h3>\n<p>Vair\u0101k inform\u0101cijas: <strong><a href=\"https:\/\/www.linseis.com\/en\/products\/thermal-conductivity-instruments\/\" target=\"_blank\" rel=\"noopener nofollow\">ra\u017eot\u0101ja t\u012bmek\u013ca vietn\u0113<\/a><\/strong> vai nos\u016btiet mums piepras\u012bjumu!<\/p>","protected":false},"excerpt":{"rendered":"<p><strong>Pied\u0101v\u0101jam pla\u0161u v\u0101cu ra\u017eot\u0101ja &quot;LINSEIS Messgeraete&quot; iek\u0101rtu izv\u0113li.<\/strong>, kura uz\u0146\u0113mums koncentr\u0113jas uz produktu un procesu efektivit\u0101tes nep\u0101rtrauktu uzlabo\u0161anu, cen\u0161oties pied\u0101v\u0101t lab\u0101kos tehnolo\u0123iskos risin\u0101jumus medic\u012bnas, tehniski zin\u0101tnisk\u0101s p\u0113tniec\u012bbas un r\u016bpniec\u012bbas nozar\u0113m kopum\u0101.<\/p>","protected":false},"featured_media":16325,"template":"","meta":[],"product_cat":[82,98,76],"product_tag":[352,348,350,346,319,351,347,349],"class_list":{"0":"post-16318","1":"product","2":"type-product","3":"status-publish","4":"has-post-thumbnail","6":"product_brand-linseis-messgeraete-gmbh","7":"product_cat-analitine-iranga","8":"product_cat-kalorimetrija","9":"product_cat-laboratorine-iranga","10":"product_tag-auksto-greicio-lazerines-blykstes-analizatoriai","11":"product_tag-laser-flash-analyzers","12":"product_tag-lazerines-blykstes-analizatoriai","13":"product_tag-lfa","14":"product_tag-linseis-messgeraete-gmbh","15":"product_tag-plono-sluoksnio-lazerines-blykstes-analizatoriai","16":"product_tag-tf-lfa","17":"product_tag-thin-film-laser-flash-analyzers","19":"first","20":"onbackorder","21":"shipping-taxable","22":"purchasable","23":"product-type-variable"},"_links":{"self":[{"href":"https:\/\/labostera.lt\/lv\/wp-json\/wp\/v2\/product\/16318","targetHints":{"allow":["GET"]}}],"collection":[{"href":"https:\/\/labostera.lt\/lv\/wp-json\/wp\/v2\/product"}],"about":[{"href":"https:\/\/labostera.lt\/lv\/wp-json\/wp\/v2\/types\/product"}],"wp:featuredmedia":[{"embeddable":true,"href":"https:\/\/labostera.lt\/lv\/wp-json\/wp\/v2\/media\/16325"}],"wp:attachment":[{"href":"https:\/\/labostera.lt\/lv\/wp-json\/wp\/v2\/media?parent=16318"}],"wp:term":[{"taxonomy":"product_cat","embeddable":true,"href":"https:\/\/labostera.lt\/lv\/wp-json\/wp\/v2\/product_cat?post=16318"},{"taxonomy":"product_tag","embeddable":true,"href":"https:\/\/labostera.lt\/lv\/wp-json\/wp\/v2\/product_tag?post=16318"}],"curies":[{"name":"wp","href":"https:\/\/api.w.org\/{rel}","templated":true}]}}