{"id":16312,"date":"2023-10-27T07:49:10","date_gmt":"2023-10-27T07:49:10","guid":{"rendered":"http:\/\/labostera.lt\/?post_type=product&#038;p=16312"},"modified":"2024-01-18T14:39:44","modified_gmt":"2024-01-18T12:39:44","slug":"issiskirianciu-duju-analizatorius-linseis-ega-evolved-gas-analyzer","status":"publish","type":"product","link":"https:\/\/labostera.lt\/lv\/priemones-ir-iranga\/laboratorine-iranga\/analitine-iranga\/kalorimetrija\/issiskirianciu-duju-analizatorius-linseis-ega-evolved-gas-analyzer\/","title":{"rendered":"Emit\u0113to g\u0101zu analizators LINSEIS EGA Evolved Gas Analyzer"},"content":{"rendered":"<h2><strong>LINSEIS Messgeraete EGA izpl\u016bdes g\u0101zu analizators<\/strong><\/h2>\n<p>Izpl\u016bdes g\u0101zu analizatora raksturlielumi:<\/p>\n<ul>\n<li>Apvienojot termogravimetrisko analizatoru (TGA, STA un DIL) ar termisko un g\u0101zes analizatoru, piem\u0113ram, FTIR (Furj\u0113 transform\u0101cijas infrasarkano spektroskopiju) vai QMS (kvadrupola masas spektrometru), ieg\u016bst \u013coti prec\u012bzu ier\u012bci, kas vienlaikus nodro\u0161ina (saska\u0146otu) inform\u0101ciju no ab\u0101m g\u0101zes anal\u012bzes ier\u012bc\u0113m.<\/li>\n<li>Papildus pieejam\u0101 impulsu anal\u012bzes opcija ievada prec\u012bzi noteiktu g\u0101zes daudzumu termogravimetriskaj\u0101 analizator\u0101 (TGA) vai sinhronaj\u0101 termiskaj\u0101 analizator\u0101 (STA). Tas iev\u0113rojami papla\u0161ina m\u0113r\u012b\u0161anas iesp\u0113jas.<\/li>\n<li>\u0160is savienojums \u013cauj vienlaikus ieg\u016bt mijiedarbojo\u0161o inform\u0101ciju no termisk\u0101 analizatora un izdal\u012bt\u0101 g\u0101zes analizatora.<\/li>\n<li>Ir pieejams papildu anal\u012bzes impulss, kas ievada prec\u012bzi noteiktu g\u0101zes daudzumu termogravimetriskaj\u0101 analizator\u0101 (TGA) vai sinhronaj\u0101 termiskaj\u0101 analizator\u0101 (STA), iev\u0113rojami uzlabojot m\u0113r\u012b\u0161anas iesp\u0113jas.<\/li>\n<\/ul>\n<h3>Izpl\u016bdes g\u0101zu analizatori \u2013 <a href=\"http:\/\/labostera.lt\/lv\/product-brand\/linseis-messgeraete-gmbh\/\" target=\"_blank\" rel=\"noopener\">LINZES Mesgeraete<\/a> EDA.<\/h3>\n<p>Vair\u0101k inform\u0101cijas: <strong><a href=\"https:\/\/www.linseis.com\/en\/products\/evolved-gas-analysis\/\" target=\"_blank\" rel=\"noopener nofollow\">ra\u017eot\u0101ja t\u012bmek\u013ca vietn\u0113<\/a><\/strong> vai nos\u016btiet mums piepras\u012bjumu!<\/p>","protected":false},"excerpt":{"rendered":"<p><strong>Pied\u0101v\u0101jam pla\u0161u v\u0101cu ra\u017eot\u0101ja &quot;LINSEIS Messgeraete&quot; iek\u0101rtu izv\u0113li.<\/strong>, kura uz\u0146\u0113mums koncentr\u0113jas uz produktu un procesu efektivit\u0101tes nep\u0101rtrauktu uzlabo\u0161anu, cen\u0161oties pied\u0101v\u0101t lab\u0101kos tehnolo\u0123iskos risin\u0101jumus medic\u012bnas, tehniski zin\u0101tnisk\u0101s p\u0113tniec\u012bbas un r\u016bpniec\u012bbas nozar\u0113m kopum\u0101.<\/p>","protected":false},"featured_media":16315,"template":"","meta":[],"product_cat":[82,98,76],"product_tag":[339,344,340,342,345,319,343,341,331,329],"class_list":{"0":"post-16312","1":"product","2":"type-product","3":"status-publish","4":"has-post-thumbnail","6":"product_brand-linseis-messgeraete-gmbh","7":"product_cat-analitine-iranga","8":"product_cat-kalorimetrija","9":"product_cat-laboratorine-iranga","10":"product_tag-ega","11":"product_tag-evolved-gas-analyzers","12":"product_tag-ftir","13":"product_tag-gcms","14":"product_tag-issiskirianciu-duju-analizatoriai","15":"product_tag-linseis-messgeraete-gmbh","16":"product_tag-ois","17":"product_tag-qms","18":"product_tag-sta","19":"product_tag-tga","21":"first","22":"onbackorder","23":"shipping-taxable","24":"purchasable","25":"product-type-variable"},"_links":{"self":[{"href":"https:\/\/labostera.lt\/lv\/wp-json\/wp\/v2\/product\/16312","targetHints":{"allow":["GET"]}}],"collection":[{"href":"https:\/\/labostera.lt\/lv\/wp-json\/wp\/v2\/product"}],"about":[{"href":"https:\/\/labostera.lt\/lv\/wp-json\/wp\/v2\/types\/product"}],"wp:featuredmedia":[{"embeddable":true,"href":"https:\/\/labostera.lt\/lv\/wp-json\/wp\/v2\/media\/16315"}],"wp:attachment":[{"href":"https:\/\/labostera.lt\/lv\/wp-json\/wp\/v2\/media?parent=16312"}],"wp:term":[{"taxonomy":"product_cat","embeddable":true,"href":"https:\/\/labostera.lt\/lv\/wp-json\/wp\/v2\/product_cat?post=16312"},{"taxonomy":"product_tag","embeddable":true,"href":"https:\/\/labostera.lt\/lv\/wp-json\/wp\/v2\/product_tag?post=16312"}],"curies":[{"name":"wp","href":"https:\/\/api.w.org\/{rel}","templated":true}]}}