{"id":16298,"date":"2023-10-27T07:11:04","date_gmt":"2023-10-27T07:11:04","guid":{"rendered":"http:\/\/labostera.lt\/?post_type=product&#038;p=16298"},"modified":"2024-01-18T14:32:55","modified_gmt":"2024-01-18T12:32:55","slug":"termomechaninis-analizatorius-linseis-tma-thermo-mechanical-analyzer","status":"publish","type":"product","link":"https:\/\/labostera.lt\/lv\/priemones-ir-iranga\/laboratorine-iranga\/analitine-iranga\/kalorimetrija\/termomechaninis-analizatorius-linseis-tma-thermo-mechanical-analyzer\/","title":{"rendered":"Termomeh\u0101niskais analizators LINSEIS TMA termomeh\u0101niskais analizators"},"content":{"rendered":"<h2><strong>LINSEIS Messgeraete TMA termomeh\u0101niskais analizators<\/strong><\/h2>\n<p>Termomeh\u0101nisk\u0101 analizatora raksturojums:<\/p>\n<ul>\n<li><strong>TMA PT 1000<\/strong>\n<ul>\n<li>Termomeh\u0101niskie analizatori TMA PT 1000 un TMA PT 1000 EM nep\u0101rsp\u0113jami apvieno vair\u0101ku m\u0113r\u012b\u0161anas proced\u016bru elast\u012bbu main\u012bg\u0101m pras\u012bb\u0101m.<\/li>\n<li>Instruments var izm\u0113r\u012bt izple\u0161anos un deform\u0101ciju ar visaugst\u0101ko precizit\u0101ti.<\/li>\n<li>Ier\u012bce apvieno visas parast\u0101 dilatometra priek\u0161roc\u012bbas ar sp\u0113ju noteikt sprieguma un deform\u0101cijas sp\u0113kus vai spiedienu no noteiktiem le\u0146\u0137iem attiec\u012bb\u0101 pret paraugu.<\/li>\n<li>Ieg\u016btie dati var nor\u0101d\u012bt ne tikai uz materi\u0101la izple\u0161anos vai sarau\u0161anos, bet ar\u012b uz t\u0101 uzved\u012bbu vair\u0101ku sp\u0113ku ietekm\u0113.<\/li>\n<\/ul>\n<\/li>\n<li><strong>TMA PT 1600<\/strong>\n<ul>\n<li>\u0160\u012b ier\u012bce pied\u0101v\u0101 pla\u0161\u0101ku temperat\u016bras diapazonu (no istabas temperat\u016bras l\u012bdz 1600\u00a0\u00b0C) visiem termisk\u0101s meh\u0101nikas p\u0113t\u012bjumiem.<\/li>\n<li>Sist\u0113ma var veikt statiskus vai dinamiskus eksperimentus.<\/li>\n<li>Tipiski p\u0113t\u012bto materi\u0101lu veidi ir kompoz\u012btmateri\u0101li, stikls, keramika, met\u0101li un polim\u0113ri.<\/li>\n<\/ul>\n<\/li>\n<\/ul>\n<h3>Termomeh\u0101niskie analizatori \u2013 <a href=\"http:\/\/labostera.lt\/lv\/product-brand\/linseis-messgeraete-gmbh\/\" target=\"_blank\" rel=\"noopener\">LINZES Mesgeraete<\/a>.<\/h3>\n<p>Vair\u0101k inform\u0101cijas: <strong><a href=\"https:\/\/www.linseis.com\/en\/products\/thermomechanical-analyzer-tma\/\" target=\"_blank\" rel=\"noopener nofollow\">ra\u017eot\u0101ja t\u012bmek\u013ca vietn\u0113<\/a><\/strong> vai nos\u016btiet mums piepras\u012bjumu!<\/p>","protected":false},"excerpt":{"rendered":"<p><strong>Pied\u0101v\u0101jam pla\u0161u v\u0101cu ra\u017eot\u0101ja &quot;LINSEIS Messgeraete&quot; iek\u0101rtu izv\u0113li.<\/strong>, kura uz\u0146\u0113mums koncentr\u0113jas uz produktu un procesu efektivit\u0101tes nep\u0101rtrauktu uzlabo\u0161anu, cen\u0161oties pied\u0101v\u0101t lab\u0101kos tehnolo\u0123iskos risin\u0101jumus medic\u012bnas, tehniski zin\u0101tnisk\u0101s p\u0113tniec\u012bbas un r\u016bpniec\u012bbas nozar\u0113m kopum\u0101.<\/p>","protected":false},"featured_media":16308,"template":"","meta":[],"product_cat":[82,98,76],"product_tag":[319,337,338,336],"class_list":{"0":"post-16298","1":"product","2":"type-product","3":"status-publish","4":"has-post-thumbnail","6":"product_brand-linseis-messgeraete-gmbh","7":"product_cat-analitine-iranga","8":"product_cat-kalorimetrija","9":"product_cat-laboratorine-iranga","10":"product_tag-linseis-messgeraete-gmbh","11":"product_tag-termomechaniniai-analizatoriai","12":"product_tag-thermo-mechanical-analyzers","13":"product_tag-tma","15":"first","16":"onbackorder","17":"shipping-taxable","18":"purchasable","19":"product-type-variable"},"_links":{"self":[{"href":"https:\/\/labostera.lt\/lv\/wp-json\/wp\/v2\/product\/16298","targetHints":{"allow":["GET"]}}],"collection":[{"href":"https:\/\/labostera.lt\/lv\/wp-json\/wp\/v2\/product"}],"about":[{"href":"https:\/\/labostera.lt\/lv\/wp-json\/wp\/v2\/types\/product"}],"wp:featuredmedia":[{"embeddable":true,"href":"https:\/\/labostera.lt\/lv\/wp-json\/wp\/v2\/media\/16308"}],"wp:attachment":[{"href":"https:\/\/labostera.lt\/lv\/wp-json\/wp\/v2\/media?parent=16298"}],"wp:term":[{"taxonomy":"product_cat","embeddable":true,"href":"https:\/\/labostera.lt\/lv\/wp-json\/wp\/v2\/product_cat?post=16298"},{"taxonomy":"product_tag","embeddable":true,"href":"https:\/\/labostera.lt\/lv\/wp-json\/wp\/v2\/product_tag?post=16298"}],"curies":[{"name":"wp","href":"https:\/\/api.w.org\/{rel}","templated":true}]}}