{"id":16270,"date":"2023-10-25T08:17:05","date_gmt":"2023-10-25T08:17:05","guid":{"rendered":"http:\/\/labostera.lt\/?post_type=product&#038;p=16270"},"modified":"2024-01-18T14:18:53","modified_gmt":"2024-01-18T12:18:53","slug":"dilatometras-linseis-dil-l-series-dilatometer","status":"publish","type":"product","link":"https:\/\/labostera.lt\/lv\/priemones-ir-iranga\/laboratorine-iranga\/analitine-iranga\/kalorimetrija\/dilatometras-linseis-dil-l-series-dilatometer\/","title":{"rendered":"Dilatometrs LINSEIS DIL L s\u0113rijas dilatometrs"},"content":{"rendered":"<h2><strong>&quot;LINSEIS Messgeraete&quot; DIL L s\u0113rijas dilatometrs<\/strong>:<\/h2>\n<li><strong>LINSEIS dilatometra s\u0113rija L 76 PT<\/strong>\n<ul>\n<li>Draudz\u012bgs lietot\u0101ja interfeiss un augsta modularit\u0101te<\/li>\n<li>Izcila veiktsp\u0113ja<\/li>\n<li>Piem\u0113rots keramikas un stikla r\u016bpniec\u012bbai<\/li>\n<\/ul>\n<\/li>\n<\/ul>\n<ul>\n<li><strong>DIL L 75 PT Horizont\u0101li \/ Vertik\u0101li<\/strong>\n<ul>\n<li>Augstas kvalit\u0101tes vakuuma bl\u012bv\u0113juma bl\u012bves dilatometrs<\/li>\n<li>Atrisina visus m\u0113r\u012b\u0161anas uzdevumus, nosakot cietvielu, pulveru vai pastu termisk\u0101s garuma izmai\u0146as<\/li>\n<li>Piem\u0113rots cietvielu, pulveru vai pastu test\u0113\u0161anai<\/li>\n<li>Horizont\u0101ls\/vertik\u0101ls dizains izple\u0161an\u0101s koeficienta un materi\u0101la raksturlielumu m\u0113r\u012b\u0161anai<\/li>\n<li>Termostatiski regul\u0113jams korpuss<\/li>\n<li>Augsta m\u0113r\u012bjumu precizit\u0101tes un iz\u0161\u0137irtsp\u0113jas rezult\u0101tu stabilit\u0101te ilg\u0101 laika period\u0101<\/li>\n<\/ul>\n<\/li>\n<\/ul>\n<ul>\n<li><strong>Dz\u0113\u0161anas dilatometrs L78 RITA\/Q DIL<\/strong>\n<ul>\n<li>Piem\u0113rots TTT, CHT un CCT kart\u0113m<\/li>\n<li>\u0100trgaitas sild\u012b\u0161ana un dzes\u0113\u0161ana ar \u012bpa\u0161u indukcijas kr\u0101sni<\/li>\n<li>Atbilst ASTM A1033 standartiem<\/li>\n<li>Parametrus kontrol\u0113 programmat\u016bra, un tiek izmantota LINSEIS TA-WIN programmat\u016bra.<\/li>\n<li>Apr\u0113\u0137ina ikdienas un sare\u017e\u0123\u012btus uzdevumus, tostarp veido diagrammas<\/li>\n<li>Atbalsta ASCII form\u0101ta eksportu un grafikas izvadi<\/li>\n<\/ul>\n<\/li>\n<\/ul>\n<ul>\n<li><strong>Optiskais dilatometrs L74<\/strong>\n<ul>\n<li>L74 tika izstr\u0101d\u0101ts, lai atbilstu stikla, keramikas, met\u0101la un ener\u0123\u0113tikas nozaru pras\u012bb\u0101m.<\/li>\n<li>Augstas iz\u0161\u0137irtsp\u0113jas CCD kamera \u013cauj veikt vizu\u0101lu anal\u012bzi re\u0101llaik\u0101 gan k\u0101 atsevi\u0161\u0137us kadrus, gan k\u0101 video sec\u012bbas.<\/li>\n<li>\u0160\u012bs metodes galven\u0101 priek\u0161roc\u012bba ir t\u0101, ka paraugs netiek noslogots ar nek\u0101diem sp\u0113kiem. Kontaktdruku neietekm\u0113 m\u012bksti paraugi vai paraugi, kas m\u0113r\u012b\u0161anas laik\u0101 k\u016bst<\/li>\n<li>LINSEIS nov\u0113rt\u0113\u0161anas programmat\u016br\u0101 ir iek\u013cautas vair\u0101kas korekcijas un anal\u012bzes funkcijas.<\/li>\n<li>Unik\u0101ls horizont\u0101ls dizains \u013cauj veikt vissare\u017e\u0123\u012bt\u0101kos uzdevumus<\/li>\n<li>\u012apa\u0161s cietvielu-\u0161\u0137idruma adapteris \u013cauj izm\u0113r\u012bt cietvielu, \u0161\u0137idrumu un cietvielu-\u0161\u0137idruma f\u0101\u017eu p\u0101reju izple\u0161anos un tilpumu<\/li>\n<li>Ir ar\u012b \u012bpa\u0161s paraugu tur\u0113t\u0101js cietu foliju m\u0113r\u012b\u0161anai, kas, l\u012bdz\u012bgi k\u0101 klasiskaj\u0101 dilatometr\u0101, nov\u0113r\u0161 att\u0101lu stie\u0146u sp\u0113ku rad\u012btas m\u0113r\u012bjumu k\u013c\u016bdas.<\/li>\n<\/ul>\n<\/li>\n<\/ul>\n<ul>\n<li><strong>L\u0101zera dilatometrs L75 l\u0101zers<\/strong>\n<ul>\n<li>L75 l\u0101zers nodro\u0161ina visaugst\u0101ko iesp\u0113jamo precizit\u0101ti termisk\u0101s izple\u0161an\u0101s m\u0113r\u012bjumos. L\u0101zerier\u012bce p\u0101rsp\u0113j jebkuru parasto liela darb\u012bbas r\u0101diusa stie\u0146a dilatometru, pied\u0101v\u0101jot 33 reizes liel\u0101ku iz\u0161\u0137irtsp\u0113ju<\/li>\n<li>M\u0113r\u012b\u0161anas princips ir balst\u012bts uz Maikelsona interferometru, kas nov\u0113r\u0161 visus meh\u0101niskos k\u013c\u016bdu avotus.<\/li>\n<li>Augst\u0101k\u0101s precizit\u0101tes izple\u0161an\u0101s m\u0113r\u012bjumi t\u0101diem materi\u0101liem k\u0101 ogleklis, graf\u012bts, kompoz\u012btmateri\u0101li, stikls, alum\u012bnija oks\u012bds, kaus\u0113ts sil\u012bcija dioks\u012bds, substr\u0101ti, pusvad\u012bt\u0101ji utt.<\/li>\n<li>Tom\u0113r L75 l\u0101zerier\u012bce ir ar\u012b lieliska izv\u0113le materi\u0101liem ar problem\u0101tisk\u0101m izple\u0161an\u0101s \u012bpa\u0161\u012bb\u0101m, piem\u0113ram, stiklam, bimet\u0101liskiem materi\u0101liem, prec\u012bzijas elektronisk\u0101m deta\u013c\u0101m utt.<\/li>\n<\/ul>\n<\/li>\n<\/ul>\n<ul>\n<li><strong>L75-kriodilatometrs\/TMA<\/strong>\n<ul>\n<li>L75-kriodilatometrs pied\u0101v\u0101 izcilu veiktsp\u0113ju sare\u017e\u0123\u012btos \u012bpa\u0161i zemas temperat\u016bras apst\u0101k\u013cos.<\/li>\n<li>Analizators ir apr\u012bkots ar sl\u0113gtas cilpas h\u0113lija kriostatu, kas \u013cauj veikt izple\u0161an\u0101s m\u0113r\u012bjumus no -263\u00b0C l\u012bdz 220\u00b0C vien\u0101 m\u0113r\u012bjum\u0101.<\/li>\n<\/ul>\n<\/li>\n<\/ul>\n<h3>Dilatometri \u2013 <a href=\"http:\/\/labostera.lt\/lv\/product-brand\/linseis-messgeraete-gmbh\/\" target=\"_blank\" rel=\"noopener\">LINZES Mesgeraete<\/a>.<\/h3>\n<p>Vair\u0101k inform\u0101cijas: <a href=\"https:\/\/www.linseis.com\/en\/products\/dilatometer\/\" target=\"_blank\" rel=\"noopener nofollow\">ra\u017eot\u0101ja t\u012bmek\u013ca vietn\u0113<\/a> vai nos\u016btiet mums piepras\u012bjumu!<\/p>","protected":false},"excerpt":{"rendered":"<p><strong>Pied\u0101v\u0101jam pla\u0161u v\u0101cu ra\u017eot\u0101ja &quot;LINSEIS Messgeraete&quot; iek\u0101rtu izv\u0113li.<\/strong>, kura uz\u0146\u0113mums koncentr\u0113jas uz produktu un procesu efektivit\u0101tes nep\u0101rtrauktu uzlabo\u0161anu, cen\u0161oties pied\u0101v\u0101t lab\u0101kos tehnolo\u0123iskos risin\u0101jumus medic\u012bnas, tehniski zin\u0101tnisk\u0101s p\u0113tniec\u012bbas un r\u016bpniec\u012bbas nozar\u0113m kopum\u0101.<\/p>","protected":false},"featured_media":16288,"template":"","meta":[],"product_cat":[82,98,76],"product_tag":[333,335,334,319],"class_list":{"0":"post-16270","1":"product","2":"type-product","3":"status-publish","4":"has-post-thumbnail","6":"product_brand-linseis-messgeraete-gmbh","7":"product_cat-analitine-iranga","8":"product_cat-kalorimetrija","9":"product_cat-laboratorine-iranga","10":"product_tag-dil","11":"product_tag-dilatometers","12":"product_tag-dilatometrai","13":"product_tag-linseis-messgeraete-gmbh","15":"first","16":"onbackorder","17":"shipping-taxable","18":"purchasable","19":"product-type-variable"},"_links":{"self":[{"href":"https:\/\/labostera.lt\/lv\/wp-json\/wp\/v2\/product\/16270","targetHints":{"allow":["GET"]}}],"collection":[{"href":"https:\/\/labostera.lt\/lv\/wp-json\/wp\/v2\/product"}],"about":[{"href":"https:\/\/labostera.lt\/lv\/wp-json\/wp\/v2\/types\/product"}],"wp:featuredmedia":[{"embeddable":true,"href":"https:\/\/labostera.lt\/lv\/wp-json\/wp\/v2\/media\/16288"}],"wp:attachment":[{"href":"https:\/\/labostera.lt\/lv\/wp-json\/wp\/v2\/media?parent=16270"}],"wp:term":[{"taxonomy":"product_cat","embeddable":true,"href":"https:\/\/labostera.lt\/lv\/wp-json\/wp\/v2\/product_cat?post=16270"},{"taxonomy":"product_tag","embeddable":true,"href":"https:\/\/labostera.lt\/lv\/wp-json\/wp\/v2\/product_tag?post=16270"}],"curies":[{"name":"wp","href":"https:\/\/api.w.org\/{rel}","templated":true}]}}