{"id":16245,"date":"2023-10-23T13:02:47","date_gmt":"2023-10-23T13:02:47","guid":{"rendered":"http:\/\/labostera.lt\/?post_type=product&#038;p=16245"},"modified":"2024-10-15T13:51:37","modified_gmt":"2024-10-15T10:51:37","slug":"termines-analizes-termogravimetrinis-ir-diferencialinio-skenavimo-kalorimetras-linseis-sta-tgadsc-simultaneous-thermal-analyzer","status":"publish","type":"product","link":"https:\/\/labostera.lt\/lv\/priemones-ir-iranga\/laboratorine-iranga\/analitine-iranga\/kalorimetrija\/termines-analizes-termogravimetrinis-ir-diferencialinio-skenavimo-kalorimetras-linseis-sta-tgadsc-simultaneous-thermal-analyzer\/","title":{"rendered":"Termisk\u0101s anal\u012bzes termogravimetriskais un diferenci\u0101lais sken\u0113jo\u0161ais kalorimetrs LINSEIS STA (TGA+DSC) vienlaic\u012bgais termiskais analizators"},"content":{"rendered":"<h2><strong>LINSEIS Messgeraete STA termogravimetriskais un diferenci\u0101lais sken\u0113jo\u0161ais kalorimetrs<\/strong><\/h2>\n<p>Termogravimetrisk\u0101 un diferenci\u0101l\u0101 sken\u0113jo\u0161\u0101 kalorimetra raksturlielumi:<\/p>\n<ul>\n<li>M\u0113ra masas izmai\u0146as (TGA) un kaloriju reakcijas (DSC);<\/li>\n<li>Temperat\u016bras diapazons: no -150\u00b0C l\u012bdz 2400\u00b0C;<\/li>\n<li>Slavena ar savu augsto precizit\u0101ti, augsto iz\u0161\u0137irtsp\u0113ju un ilgtermi\u0146a stabilit\u0101ti;<\/li>\n<li>Izstr\u0101d\u0101ts, lai atbilstu augstas un zemas temperat\u016bras pras\u012bb\u0101m, izmantojot specializ\u0113tus kr\u0101sni\u0146u tipus;<\/li>\n<li>Pied\u0101v\u0101 iesp\u0113ju pievienot MS (masas spektrometru) un FTIR spektrometru, lai ieg\u016btu papildu inform\u0101ciju;<\/li>\n<li>Pateicoties augstajai veiktsp\u0113jai, lietot\u0101jam draudz\u012bgajai pieejai un modularit\u0101tei, tas ir neaizst\u0101jams instruments ikvienai termiskajai anal\u012bzei;<\/li>\n<li>Ietver mikrosvarus, kas \u012bpa\u0161i izstr\u0101d\u0101ti, lai vislab\u0101k veiktu termogravimetrisk\u0101s anal\u012bzes uzdevumus:\n<ul>\n<li>\u013boti viegls dizains, lai izsekotu strauj\u0101m masas izmai\u0146\u0101m;<\/li>\n<li>Simetrisks dizains ilgtermi\u0146a m\u0113r\u012bjumiem ar minim\u0101lu krop\u013cojumu.<\/li>\n<\/ul>\n<\/li>\n<\/ul>\n<h3>Termogravimetriskie un diferenci\u0101lie sken\u0113jo\u0161ie kalorimetri \u2013 <a href=\"http:\/\/labostera.lt\/lv\/product-brand\/linseis-messgeraete-gmbh\/\" target=\"_blank\" rel=\"noopener\">LINZES Mesgeraete<\/a>.<\/h3>\n<p>Vair\u0101k inform\u0101cijas: <strong><a href=\"https:\/\/www.linseis.com\/en\/products\/simultaneous-thermal-analyzer-tga-dsc\/\" target=\"_blank\" rel=\"noopener nofollow\">ra\u017eot\u0101ja t\u012bmek\u013ca vietn\u0113<\/a><\/strong> vai nos\u016btiet mums piepras\u012bjumu!<\/p>","protected":false},"excerpt":{"rendered":"<p><strong>Pied\u0101v\u0101jam pla\u0161u v\u0101cu ra\u017eot\u0101ja &quot;LINSEIS Messgeraete&quot; iek\u0101rtu izv\u0113li.<\/strong>, kura uz\u0146\u0113mums koncentr\u0113jas uz produktu un procesu efektivit\u0101tes nep\u0101rtrauktu uzlabo\u0161anu, cen\u0161oties pied\u0101v\u0101t lab\u0101kos tehnolo\u0123iskos risin\u0101jumus medic\u012bnas, tehniski zin\u0101tnisk\u0101s p\u0113tniec\u012bbas un r\u016bpniec\u012bbas nozar\u0113m kopum\u0101.<\/p>","protected":false},"featured_media":16251,"template":"","meta":[],"product_cat":[82,98,76],"product_tag":[325,320,321,323,322,319,332,331,327,329,328],"class_list":{"0":"post-16245","1":"product","2":"type-product","3":"status-publish","4":"has-post-thumbnail","6":"product_brand-linseis-messgeraete-gmbh","7":"product_cat-analitine-iranga","8":"product_cat-kalorimetrija","9":"product_cat-laboratorine-iranga","10":"product_tag-diferencialo-skenavimo-kalorimetrai","11":"product_tag-differential-scanning-calorimeters","12":"product_tag-dsc","13":"product_tag-dsk","14":"product_tag-kalorimetrai","15":"product_tag-linseis-messgeraete-gmbh","16":"product_tag-simultaneous-thermal-analyzers","17":"product_tag-sta","18":"product_tag-termogravimetriniai-analizatoriai","19":"product_tag-tga","20":"product_tag-thermo-gravimetric-analyzers","22":"first","23":"onbackorder","24":"shipping-taxable","25":"purchasable","26":"product-type-variable"},"_links":{"self":[{"href":"https:\/\/labostera.lt\/lv\/wp-json\/wp\/v2\/product\/16245","targetHints":{"allow":["GET"]}}],"collection":[{"href":"https:\/\/labostera.lt\/lv\/wp-json\/wp\/v2\/product"}],"about":[{"href":"https:\/\/labostera.lt\/lv\/wp-json\/wp\/v2\/types\/product"}],"wp:featuredmedia":[{"embeddable":true,"href":"https:\/\/labostera.lt\/lv\/wp-json\/wp\/v2\/media\/16251"}],"wp:attachment":[{"href":"https:\/\/labostera.lt\/lv\/wp-json\/wp\/v2\/media?parent=16245"}],"wp:term":[{"taxonomy":"product_cat","embeddable":true,"href":"https:\/\/labostera.lt\/lv\/wp-json\/wp\/v2\/product_cat?post=16245"},{"taxonomy":"product_tag","embeddable":true,"href":"https:\/\/labostera.lt\/lv\/wp-json\/wp\/v2\/product_tag?post=16245"}],"curies":[{"name":"wp","href":"https:\/\/api.w.org\/{rel}","templated":true}]}}