{"id":16231,"date":"2023-10-23T11:34:54","date_gmt":"2023-10-23T11:34:54","guid":{"rendered":"http:\/\/labostera.lt\/?post_type=product&#038;p=16231"},"modified":"2024-01-18T13:26:42","modified_gmt":"2024-01-18T11:26:42","slug":"termogravimetrinis-analizatorius-linseis-tga-thermo-gravimetric-analyzer","status":"publish","type":"product","link":"https:\/\/labostera.lt\/lv\/priemones-ir-iranga\/laboratorine-iranga\/analitine-iranga\/kalorimetrija\/termogravimetrinis-analizatorius-linseis-tga-thermo-gravimetric-analyzer\/","title":{"rendered":"Termogravimetriskais analizators LINSEIS TGA termogravimetriskais analizators"},"content":{"rendered":"<p><strong>LINSEIS Messgeraete TGA termogravimetriskais analizators<\/strong>:<\/p>\n<h3>Termogravimetrisk\u0101 analizatora funkcijas<\/h3>\n<p>LINSEIS izmanto, lai noteiktu parauga masas izmai\u0146as (TG) no istabas temperat\u016bras l\u012bdz 1100 \u00b0C. \u0160\u012bs ier\u012bces unik\u0101l\u0101s \u012bpa\u0161\u012bbas ietver \u0101rk\u0101rt\u0113ju precizit\u0101ti, iz\u0161\u0137irtsp\u0113ju un ilgtermi\u0146a stabilit\u0101ti. \u0100trgaitas keramikas kr\u0101sns nodro\u0161ina visaugst\u0101ko termisk\u0101s sild\u012b\u0161anas un dzes\u0113\u0161anas \u0101trumu ar \u0101rk\u0101rt\u012bgi strauj\u0101m temperat\u016bras izmai\u0146\u0101m. Pateicoties kr\u0101sns zemajai siltumietilp\u012bbai, mainot sild\u012b\u0161anas vai dzes\u0113\u0161anas \u0101trumu, temperat\u016bra nep\u0101rsniegs noteikto temperat\u016bru.<\/p>\n<h3>Ier\u012bces funkcijas un priek\u0161roc\u012bbas<\/h3>\n<ul>\n<li>90 vietu paraugu robots apvienojum\u0101 ar papildu autom\u0101tisko g\u0101zes kontroles un autom\u0101tisk\u0101s evaku\u0101cijas sist\u0113mu nodro\u0161ina ilgsto\u0161u darb\u012bbu bez uzraudz\u012bbas.<\/li>\n<li>Darb\u012bbas principi atbilst t\u0101diem valsts un starptautiskajiem standartiem k\u0101: ASTM D3850, E 1131, E 1868, DIN 51006, ISO 7111, ISO11358.<\/li>\n<\/ul>\n<h3>J\u016bsu p\u0113t\u012bjuma uzticam\u012bba un precizit\u0101te<\/h3>\n<p>LINSEIS sp\u0113j prec\u012bzi izm\u0113r\u012bt masas izmai\u0146as pla\u0161\u0101 temperat\u016bras diapazon\u0101, s\u0101kot no istabas temperat\u016bras l\u012bdz augst\u0101m temperat\u016br\u0101m 1100 \u00b0C. \u0160\u012b analizatora \u0101rk\u0101rt\u012bgi \u0101tr\u0101 uzsil\u0161anas un dzes\u0113\u0161anas sp\u0113ja \u013cauj veikt testus ar augstu efektivit\u0101ti un ieg\u016bt prec\u012bzus rezult\u0101tus. Ilgtermi\u0146a stabilit\u0101te, augsta m\u0113r\u012bjumu precizit\u0101te un iz\u0161\u0137irtsp\u0113ja padar\u012bs LINSEIS par neaizst\u0101jamu r\u012bku j\u016bsu p\u0113t\u012bjumos.<br \/>\nLINSEIS izce\u013cas ne tikai ar sav\u0101m tehniskaj\u0101m iesp\u0113j\u0101m, bet ar\u012b ar uzticam\u012bbu, nodro\u0161inot augstas kvalit\u0101tes un konsekventus rezult\u0101tus j\u016bsu zin\u0101tniskajiem p\u0113t\u012bjumiem.<\/p>\n<h3>Termogravimetrisk\u0101 anal\u012bze \u2013 <a href=\"http:\/\/labostera.lt\/lv\/product-brand\/linseis-messgeraete-gmbh\/\" target=\"_blank\" rel=\"noopener\">LINZES Mesgeraete<\/a> TGA termogravimetriskais analizators.<\/h3>\n<p>Vair\u0101k inform\u0101cijas: <a href=\"https:\/\/www.linseis.com\/en\/products\/thermogravimetric-analyzer-tga\/\" target=\"_blank\" rel=\"noopener nofollow\">ra\u017eot\u0101ja t\u012bmek\u013ca vietn\u0113<\/a> vai nos\u016btiet mums piepras\u012bjumu!<\/p>","protected":false},"excerpt":{"rendered":"<p><strong>Pied\u0101v\u0101jam pla\u0161u v\u0101cu ra\u017eot\u0101ja &quot;LINSEIS Messgeraete&quot; iek\u0101rtu izv\u0113li.<\/strong>, kura uz\u0146\u0113mums koncentr\u0113jas uz produktu un procesu efektivit\u0101tes nep\u0101rtrauktu uzlabo\u0161anu, cen\u0161oties pied\u0101v\u0101t lab\u0101kos tehnolo\u0123iskos risin\u0101jumus medic\u012bnas, tehniski zin\u0101tnisk\u0101s p\u0113tniec\u012bbas un r\u016bpniec\u012bbas nozar\u0113m kopum\u0101.<\/p>","protected":false},"featured_media":16238,"template":"","meta":[],"product_cat":[82,98,76],"product_tag":[322,319,327,329,328],"class_list":{"0":"post-16231","1":"product","2":"type-product","3":"status-publish","4":"has-post-thumbnail","6":"product_brand-linseis-messgeraete-gmbh","7":"product_cat-analitine-iranga","8":"product_cat-kalorimetrija","9":"product_cat-laboratorine-iranga","10":"product_tag-kalorimetrai","11":"product_tag-linseis-messgeraete-gmbh","12":"product_tag-termogravimetriniai-analizatoriai","13":"product_tag-tga","14":"product_tag-thermo-gravimetric-analyzers","16":"first","17":"onbackorder","18":"shipping-taxable","19":"purchasable","20":"product-type-variable"},"_links":{"self":[{"href":"https:\/\/labostera.lt\/lv\/wp-json\/wp\/v2\/product\/16231","targetHints":{"allow":["GET"]}}],"collection":[{"href":"https:\/\/labostera.lt\/lv\/wp-json\/wp\/v2\/product"}],"about":[{"href":"https:\/\/labostera.lt\/lv\/wp-json\/wp\/v2\/types\/product"}],"wp:featuredmedia":[{"embeddable":true,"href":"https:\/\/labostera.lt\/lv\/wp-json\/wp\/v2\/media\/16238"}],"wp:attachment":[{"href":"https:\/\/labostera.lt\/lv\/wp-json\/wp\/v2\/media?parent=16231"}],"wp:term":[{"taxonomy":"product_cat","embeddable":true,"href":"https:\/\/labostera.lt\/lv\/wp-json\/wp\/v2\/product_cat?post=16231"},{"taxonomy":"product_tag","embeddable":true,"href":"https:\/\/labostera.lt\/lv\/wp-json\/wp\/v2\/product_tag?post=16231"}],"curies":[{"name":"wp","href":"https:\/\/api.w.org\/{rel}","templated":true}]}}