{"id":16219,"date":"2023-10-23T08:41:11","date_gmt":"2023-10-23T08:41:11","guid":{"rendered":"http:\/\/labostera.lt\/?post_type=product&#038;p=16219"},"modified":"2024-10-15T13:51:18","modified_gmt":"2024-10-15T10:51:18","slug":"termines-analizes-diferencinis-skenavimo-kalorimetras-linseis-dsc-differential-scanning-calorimeter","status":"publish","type":"product","link":"https:\/\/labostera.lt\/lv\/priemones-ir-iranga\/laboratorine-iranga\/analitine-iranga\/kalorimetrija\/termines-analizes-diferencinis-skenavimo-kalorimetras-linseis-dsc-differential-scanning-calorimeter\/","title":{"rendered":"Termisk\u0101s anal\u012bzes diferenci\u0101lais sken\u0113jo\u0161ais kalorimetrs LINSEIS DSC diferenci\u0101lais sken\u0113jo\u0161ais kalorimetrs"},"content":{"rendered":"<h2><strong>\u201eLINSEIS Messgeraete DSC diferenci\u0101lais sken\u0113\u0161anas kalorimetrs<\/strong><\/h2>\n<h3>Pielietojums da\u017e\u0101d\u0101s nozar\u0113s<\/h3>\n<p>\u0160\u012bm ier\u012bc\u0113m ir iz\u0161\u0137iro\u0161a noz\u012bme da\u017e\u0101dos materi\u0101los, tostarp polim\u0113ros, farmaceitiskajos produktos, p\u0101rtikas\/biolo\u0123iskajos produktos, organiskaj\u0101s un neorganiskaj\u0101s \u0137\u012bmiskaj\u0101s viel\u0101s. Ar LINSEIS DSC m\u0113r\u012bt\u0101s p\u0101rejas ietver stiklo\u0161anos, sild\u012b\u0161anu, kristaliz\u0101ciju, saciet\u0113\u0161anu, saciet\u0113\u0161anas kin\u0113tiku, oksid\u0101cijas indukcijas laiku un siltumietilp\u012bbu.<\/p>\n<h3>Unik\u0101las veiktsp\u0113jas funkcijas<\/h3>\n<ul>\n<li><strong>Revolucion\u0101rs sensoru dizains:<\/strong> LINSEIS DSC ir apr\u012bkots ar revolucion\u0101ru sensora dizainu, kas vien\u0101 mikrosh\u0113m\u0101 ietver gan siltuma pl\u016bsmas sensoru, gan kr\u0101sni, nodro\u0161inot prec\u012bzas un efekt\u012bvas m\u0113r\u012b\u0161anas proced\u016bras.<\/li>\n<li><strong>Nep\u0101rsp\u0113jams jut\u012bbas l\u012bmenis:<\/strong> M\u016bsu ier\u012bc\u0113m ir nep\u0101rsp\u0113jama jut\u012bba, kas \u013cauj mums noteikt iz\u0161\u0137\u012b\u0161anas un v\u0101jas p\u0101rejas ar izcilu precizit\u0101ti.<\/li>\n<li><strong>Parauga rezol\u016bcijas:<\/strong> Izbaudiet priek\u0161z\u012bm\u012bgu iz\u0161\u0137irtsp\u0113ju, kas nodro\u0161ina prec\u012bzu tuvpl\u0101na notikumu atdal\u012b\u0161anu, \u013caujot veikt detaliz\u0113t\u0101ku izp\u0113ti.<\/li>\n<li><strong>Uzticama automatiz\u0101cija:<\/strong> Ieg\u016bstiet uzticamu automatiz\u0101ciju ar l\u012bdz pat 96 poz\u012bciju autom\u0101tisko paraugu \u0146\u0113m\u0113ju, kas optimiz\u0113 j\u016bsu darbpl\u016bsmu un palielina efektivit\u0101ti.<\/li>\n<li><strong>Pla\u0161s temperat\u016bras diapazons:<\/strong> Vien\u0101 m\u0113r\u012bjum\u0101 izv\u0113lieties pla\u0161u temperat\u016bras diapazonu test\u0113\u0161anai no -180 \u00b0C l\u012bdz 600 \u00b0C.<\/li>\n<\/ul>\n<h3>Standarti ir izpild\u012bti<\/h3>\n<p>Diferenci\u0101lie sken\u0113jo\u0161ie kalorimetri (DSC) stingri atbilst valsts un starptautiskajiem standartiem, tostarp ASTM C 351, D 3417, D 3418, D 3895, D 4565, E 793, E 794, DIN 51004, 51007, 53765, 65467, DIN EN 728, ISO 10837, 11357 un 11409. Uzticieties LINSEIS instrumentiem, lai nodro\u0161in\u0101tu uzticam\u012bbu un precizit\u0101ti termiskaj\u0101 anal\u012bz\u0113.<\/p>\n<h3>Atblo\u0137\u0113jiet termisk\u0101s anal\u012bzes ritin\u0101\u0161anas funkciju<\/h3>\n<p>S\u0101ciet zin\u0101tniskus atkl\u0101jumus kop\u0101 ar LINSEIS Messgeraete. Iepaz\u012bstieties ar m\u016bsu visaptvero\u0161o produktu katalogu, lai atrastu perfektu diferenci\u0101l\u0101 sken\u0113jo\u0161\u0101 kalorimetra variantu, kas piel\u0101gots j\u016bsu \u012bpa\u0161aj\u0101m p\u0113t\u012bjumu un anal\u012bzes vajadz\u012bb\u0101m.<\/p>\n<h3>Diferenci\u0101lais sken\u0113jo\u0161ais kalorimetrs <a href=\"http:\/\/labostera.lt\/lv\/product-brand\/linseis-messgeraete-gmbh\/\" target=\"_blank\" rel=\"noopener\">LINZES Mesgeraete<\/a> DSC diferenci\u0101lais sken\u0113jo\u0161ais kalorimetrs.<\/h3>\n<p>Vair\u0101k inform\u0101cijas: <strong><a href=\"https:\/\/www.linseis.com\/en\/products\/differential-scanning-calorimeter-dsc\/\" target=\"_blank\" rel=\"noopener nofollow\">ra\u017eot\u0101ja t\u012bmek\u013ca vietn\u0113<\/a><\/strong> vai nos\u016btiet mums piepras\u012bjumu!<\/p>","protected":false},"excerpt":{"rendered":"<p><strong>Pied\u0101v\u0101jam pla\u0161u v\u0101cu ra\u017eot\u0101ja &quot;LINSEIS Messgeraete&quot; iek\u0101rtu izv\u0113li.<\/strong>, kura uz\u0146\u0113mums koncentr\u0113jas uz produktu un procesu efektivit\u0101tes nep\u0101rtrauktu uzlabo\u0161anu, cen\u0161oties pied\u0101v\u0101t lab\u0101kos tehnolo\u0123iskos risin\u0101jumus medic\u012bnas, tehniski zin\u0101tnisk\u0101s p\u0113tniec\u012bbas un r\u016bpniec\u012bbas nozar\u0113m kopum\u0101.<\/p>","protected":false},"featured_media":16224,"template":"","meta":[],"product_cat":[82,98,76],"product_tag":[326,325,320,321,323,322,319,324],"class_list":{"0":"post-16219","1":"product","2":"type-product","3":"status-publish","4":"has-post-thumbnail","6":"product_brand-linseis-messgeraete-gmbh","7":"product_cat-analitine-iranga","8":"product_cat-kalorimetrija","9":"product_cat-laboratorine-iranga","10":"product_tag-chip-differential-scanning-calorimeters","11":"product_tag-diferencialo-skenavimo-kalorimetrai","12":"product_tag-differential-scanning-calorimeters","13":"product_tag-dsc","14":"product_tag-dsk","15":"product_tag-kalorimetrai","16":"product_tag-linseis-messgeraete-gmbh","17":"product_tag-mikroschemos-diferencialo-skenavimo-kalorimetrai","19":"first","20":"onbackorder","21":"shipping-taxable","22":"purchasable","23":"product-type-variable"},"_links":{"self":[{"href":"https:\/\/labostera.lt\/lv\/wp-json\/wp\/v2\/product\/16219","targetHints":{"allow":["GET"]}}],"collection":[{"href":"https:\/\/labostera.lt\/lv\/wp-json\/wp\/v2\/product"}],"about":[{"href":"https:\/\/labostera.lt\/lv\/wp-json\/wp\/v2\/types\/product"}],"wp:featuredmedia":[{"embeddable":true,"href":"https:\/\/labostera.lt\/lv\/wp-json\/wp\/v2\/media\/16224"}],"wp:attachment":[{"href":"https:\/\/labostera.lt\/lv\/wp-json\/wp\/v2\/media?parent=16219"}],"wp:term":[{"taxonomy":"product_cat","embeddable":true,"href":"https:\/\/labostera.lt\/lv\/wp-json\/wp\/v2\/product_cat?post=16219"},{"taxonomy":"product_tag","embeddable":true,"href":"https:\/\/labostera.lt\/lv\/wp-json\/wp\/v2\/product_tag?post=16219"}],"curies":[{"name":"wp","href":"https:\/\/api.w.org\/{rel}","templated":true}]}}