{"id":16184,"date":"2023-10-23T06:49:36","date_gmt":"2023-10-23T06:49:36","guid":{"rendered":"http:\/\/labostera.lt\/?post_type=product&#038;p=16184"},"modified":"2024-01-18T10:17:00","modified_gmt":"2024-01-18T10:17:00","slug":"staline-vandens-kokybes-tyrimo-iranga-apera-800-series-benchtop-meter","status":"publish","type":"product","link":"https:\/\/labostera.lt\/lv\/priemones-ir-iranga\/laboratorine-iranga\/analitine-iranga\/matavimo-priemones\/staline-vandens-kokybes-tyrimo-iranga-apera-800-series-benchtop-meter\/","title":{"rendered":"Galda \u016bdens kvalit\u0101tes p\u0101rbaudes iek\u0101rtas APERA 800 s\u0113rijas galda m\u0113r\u012bt\u0101js"},"content":{"rendered":"<h2><strong>APERA Instruments 800 s\u0113rijas galda \u016bdens kvalit\u0101tes p\u0101rbaudes iek\u0101rtas<\/strong><\/h2>\n<p>Galda \u016bdens kvalit\u0101tes p\u0101rbaudes iek\u0101rtu raksturojums:<\/p>\n<ul>\n<li><strong>PH800 \/ PH820<\/strong> \u2013 pH m\u0113r\u012bt\u0101js \u016bdens test\u0113\u0161anai;<\/li>\n<li><strong>EC800 \/ EC820<\/strong> \u2013 Vad\u012btsp\u0113jas (EC), kop\u0113j\u0101 iz\u0161\u0137\u012bdu\u0161o cietvielu (TDS) un s\u0101\u013cuma testi;<\/li>\n<li><strong>PC800 \/ PC820<\/strong> \u2013 pH, vad\u012btsp\u0113jas (EC), kop\u0113j\u0101 iz\u0161\u0137\u012bdu\u0161o cietvielu (TDS) un s\u0101\u013cuma p\u0101rbaudei;<\/li>\n<\/ul>\n<ul>\n<li><strong>Prec\u012bzs m\u0113r\u012bjums<\/strong>\n<ul>\n<li>Augstas kvalit\u0101tes 3-in-1 pH un plat\u012bna str\u0113meles vad\u012btsp\u0113jas m\u0113r\u012b\u0161anai nodro\u0161ina augstu precizit\u0101ti pla\u0161os m\u0113r\u012bjumu diapazonos.<\/li>\n<li>M\u016bsdienu digit\u0101l\u0101s apstr\u0101des tehnolo\u0123ijas uzlabo skait\u012bt\u0101ja reakcijas laiku un precizit\u0101ti.<\/li>\n<li>Vienk\u0101r\u0161a un \u0101tra autom\u0101tiska kalibr\u0113\u0161ana ar autom\u0101tiskas bufera atpaz\u012b\u0161anas funkciju (atpaz\u012bst l\u012bdz pat 15 bufera veidus).<\/li>\n<\/ul>\n<\/li>\n<li><strong>Vied\u0101s funkcijas<\/strong>\n<ul>\n<li>GLP datu p\u0101rvald\u012bba, 500 datu glab\u0101tuve, digit\u0101lais pulkstenis, USB datu izvade.<\/li>\n<li>Kalibr\u0113\u0161anas laik\u0101 tiek par\u0101d\u012bts l\u012bknes sl\u012bpums, kas nor\u0101da sensoru st\u0101vokli.<\/li>\n<li>Vied\u0101 pa\u0161p\u0101rbaude pal\u012bdz veikt pareizu kalibr\u0113\u0161anu.<\/li>\n<\/ul>\n<\/li>\n<li><strong>Uzticama b\u016bvniec\u012bba<\/strong>\n<ul>\n<li>\u0100tra autom\u0101tiska temperat\u016bras kompens\u0101cija.<\/li>\n<li>Stabila\/autom\u0101tiska las\u012b\u0161anas blo\u0137\u0113\u0161ana, lai uzlabotu konsekvenci.<\/li>\n<li>Kalibr\u0113\u0161anas atg\u0101din\u0101jums un kalibr\u0113\u0161anas v\u0113stures p\u0101rbaude nodro\u0161ina prec\u012bzus m\u0113r\u012bjumus.<\/li>\n<li>IP54 \u016adens un putek\u013cu iztur\u012bgs.<\/li>\n<\/ul>\n<\/li>\n<\/ul>\n<p>820. s\u0113rijas \u016bdens kvalit\u0101tes test\u0113\u0161anas iek\u0101rtas pied\u0101v\u0101 visu, kas ir 800. s\u0113rijai, un v\u0113l liel\u0101ku precizit\u0101ti (\u00b10,002 pH un \u00b10,5% FS vad\u012btsp\u0113ja).<\/p>\n<p>pH m\u0113r\u012b\u0161ana:<\/p>\n<ul>\n<li>Apr\u012bkots ar iztur\u012bgu augst\u0101k\u0101s kvalit\u0101tes stikla pH elektrodu LabSen 211.<\/li>\n<li>1\u20133 punktu vai 1\u20135 punktu autom\u0101tiska kalibr\u0113\u0161ana ar instrukcij\u0101m un autom\u0101tisku verifik\u0101ciju.<\/li>\n<li>Autom\u0101tiski atpaz\u012bst l\u012bdz 15 pH standarta bufer\u0161\u0137\u012bdumu veidiem (3 piel\u0101gotas s\u0113rijas: ASV, NIST un \u0136\u012bna; pieejama ar\u012b lietot\u0101ja defin\u012bcija).<\/li>\n<li>P\u0113t\u012bjumiem ir pieejams sk\u0101bs \u016bdens un ar amonjaku bag\u0101tin\u0101ts t\u012brs \u016bdens; \u012bpa\u0161i piem\u0113rots ener\u0123\u0113tikas un naftas \u0137\u012bmijas r\u016bpniec\u012bbai.<\/li>\n<li>Oksid\u0113\u0161an\u0101s-reduc\u0113\u0161an\u0101s potenci\u0101la (ORP) m\u0113r\u012b\u0161anas re\u017e\u012bms \u201cEH\u201d.<\/li>\n<\/ul>\n<p>Vad\u012btsp\u0113jas m\u0113r\u012b\u0161ana:<\/p>\n<ul>\n<li>Apr\u012bkots ar 2401T-M<\/li>\n<\/ul>\n<h3>\u016adens kvalit\u0101tes p\u0101rbaudes iek\u0101rtas (pH m\u0113r\u012bt\u0101js, EC m\u0113r\u012bt\u0101js, TDS m\u0113r\u012bt\u0101js, s\u0101\u013cuma m\u0113r\u012bt\u0101js) \u2013 <a href=\"http:\/\/labostera.lt\/lv\/product-brand\/apera-instruments-gmbh\/\" target=\"_blank\" rel=\"noopener\">APERA instrumenti<\/a> 800. s\u0113rija.<\/h3>\n<p>Vair\u0101k inform\u0101cijas: <strong><a href=\"https:\/\/aperainst.com\/product\/benchtop-meters\/800-series\" target=\"_blank\" rel=\"noopener nofollow\">ra\u017eot\u0101ja t\u012bmek\u013ca vietn\u0113&lt;\/a\n<\/p>","protected":false},"excerpt":{"rendered":"<p><strong>Pied\u0101v\u0101jam pla\u0161u \u016bdens kvalit\u0101tes test\u0113\u0161anas iek\u0101rtu izv\u0113li no starptautisk\u0101 ra\u017eot\u0101ja &quot;APERA Instruments&quot;<\/strong>, kura uz\u0146\u0113mums koncentr\u0113jas uz produktu un procesu efektivit\u0101tes nep\u0101rtrauktu uzlabo\u0161anu, cen\u0161oties pied\u0101v\u0101t lab\u0101kos tehnolo\u0123iskos risin\u0101jumus medic\u012bnas, tehniski zin\u0101tnisk\u0101s p\u0113tniec\u012bbas un r\u016bpniec\u012bbas nozar\u0113m kopum\u0101.<\/p>","protected":false},"featured_media":16194,"template":"","meta":[],"product_cat":[82,83,76,100,110],"product_tag":[288,297,294,295,292,289,304,291,299,290,303,300,301,298,302,296,293],"class_list":{"0":"post-16184","1":"product","2":"type-product","3":"status-publish","4":"has-post-thumbnail","6":"product_brand-apera-instruments-gmbh","7":"product_cat-analitine-iranga","8":"product_cat-aplinkotyra","9":"product_cat-laboratorine-iranga","10":"product_cat-matavimo-priemones","11":"product_cat-vandens-kokybes-tyrimo-iranga","12":"product_tag-apera-instruments-gmbh","13":"product_tag-conductuvity-meters","14":"product_tag-druskos-koncentracijos-matuokliai","15":"product_tag-istirpintuju-kietuju-medziagu-koncentracijos-matuokliai","16":"product_tag-laidumo-matuokliai","17":"product_tag-nesiojami-vandens-kokybes-tyrimo-irenginiai","18":"product_tag-oksidacijos-redukcijos-potencialo-orp-matuokliai","19":"product_tag-ph-matuokliai","20":"product_tag-ph-meters","21":"product_tag-portable-water-tester-kits","22":"product_tag-redox-potential-orp-meters","23":"product_tag-resistivity-meters","24":"product_tag-salinity-meters","25":"product_tag-tds-meters","26":"product_tag-temperature-meters","27":"product_tag-temperaturos-matuokliai","28":"product_tag-varzos-matuokliai","30":"first","31":"onbackorder","32":"shipping-taxable","33":"purchasable","34":"product-type-variable"},"_links":{"self":[{"href":"https:\/\/labostera.lt\/lv\/wp-json\/wp\/v2\/product\/16184","targetHints":{"allow":["GET"]}}],"collection":[{"href":"https:\/\/labostera.lt\/lv\/wp-json\/wp\/v2\/product"}],"about":[{"href":"https:\/\/labostera.lt\/lv\/wp-json\/wp\/v2\/types\/product"}],"wp:featuredmedia":[{"embeddable":true,"href":"https:\/\/labostera.lt\/lv\/wp-json\/wp\/v2\/media\/16194"}],"wp:attachment":[{"href":"https:\/\/labostera.lt\/lv\/wp-json\/wp\/v2\/media?parent=16184"}],"wp:term":[{"taxonomy":"product_cat","embeddable":true,"href":"https:\/\/labostera.lt\/lv\/wp-json\/wp\/v2\/product_cat?post=16184"},{"taxonomy":"product_tag","embeddable":true,"href":"https:\/\/labostera.lt\/lv\/wp-json\/wp\/v2\/product_tag?post=16184"}],"curies":[{"name":"wp","href":"https:\/\/api.w.org\/{rel}","templated":true}]}}