{"id":16147,"date":"2023-10-20T07:11:23","date_gmt":"2023-10-20T07:11:23","guid":{"rendered":"http:\/\/labostera.lt\/?post_type=product&#038;p=16147"},"modified":"2024-01-18T07:33:53","modified_gmt":"2024-01-18T07:33:53","slug":"nesiojama-vandens-kokybes-tyrimo-iranga-apera-ws-series-portable-meter","status":"publish","type":"product","link":"https:\/\/labostera.lt\/lv\/priemones-ir-iranga\/laboratorine-iranga\/analitine-iranga\/matavimo-priemones\/nesiojama-vandens-kokybes-tyrimo-iranga-apera-ws-series-portable-meter\/","title":{"rendered":"P\u0101rn\u0113s\u0101jams \u016bdens kvalit\u0101tes p\u0101rbaudes apr\u012bkojums APERA WS s\u0113rijas p\u0101rn\u0113s\u0101jamais m\u0113r\u012bt\u0101js"},"content":{"rendered":"<h2><strong>APERA Instruments WS s\u0113rijas p\u0101rn\u0113s\u0101jam\u0101s \u016bdens kvalit\u0101tes p\u0101rbaudes iek\u0101rtas<\/strong><\/h2>\n<p>WS s\u0113rijas portat\u012bvo \u016bdens kvalit\u0101tes test\u0113\u0161anas iek\u0101rtu mode\u013ci:<\/p>\n<ul>\n<li><strong>WS100<\/strong> \u2013 P\u0101rn\u0113s\u0101jams m\u0113r\u012bt\u0101js prec\u012bzai fluor\u012bda l\u012bme\u0146a un pH m\u0113r\u012b\u0161anai \u016bdens paraugos. \u0160is modelis ir ide\u0101li piem\u0113rots viet\u0113jai vai \u0101r\u0113jai \u016bdens kvalit\u0101tes p\u0101rbaudei, nodro\u0161inot prec\u012bzus rezult\u0101tus.<\/li>\n<li><strong>WS200<\/strong> \u2013 \u0160\u012b ir visaptvero\u0161a m\u0113r\u012b\u0161anas ier\u012bce, kas paredz\u0113ta ne tikai pH un fluor\u012bda l\u012bme\u0146a m\u0113r\u012b\u0161anai, bet ar\u012b kop\u0113jo iz\u0161\u0137\u012bdu\u0161o cietvielu (TDS), pretest\u012bbas (R) un vad\u012btsp\u0113jas (EC) m\u0113r\u012b\u0161anai. Ide\u0101li piem\u0113rots lieto\u0161anai laboratorij\u0101s, kur nepiecie\u0161ama detaliz\u0113t\u0101ka \u016bdens p\u0101rbaude un vair\u0101ku veidu inform\u0101cija par paraugiem.<\/li>\n<\/ul>\n<p>\u0160\u012bs ier\u012bces ir ide\u0101li piem\u0113rotas \u016bdens kvalit\u0101tes p\u0101rbaudei da\u017e\u0101d\u0101s vid\u0113s, s\u0101kot no m\u0101jsaimniec\u012bb\u0101m l\u012bdz r\u016bpniecisk\u0101m zon\u0101m. Katrs modelis aptver vissvar\u012bg\u0101kos m\u0113r\u012b\u0161anas parametrus, nodro\u0161inot visaptvero\u0161u \u016bdens anal\u012b\u017eu kl\u0101stu. APERA Instruments iek\u0101rtu uzticam\u012bbu un precizit\u0101ti apstiprina daudzu gadu pieredze \u0161aj\u0101 jom\u0101.<br \/>\nP\u0101rnesam\u012bba \u013cauj viegli m\u0113r\u012bt \u016bdens raksturlielumus ne tikai laboratorij\u0101, bet ar\u012b lauk\u0101, \u0146emot v\u0113r\u0101 da\u017e\u0101das p\u0113t\u012bjumu vajadz\u012bbas. M\u0113r\u012bjumi tiek veikti \u0101tri un efekt\u012bvi, un \u0113rtas funkcijas, piem\u0113ram, fluor\u012bda un pH m\u0113r\u012b\u0161ana, sniedz detaliz\u0113tu inform\u0101ciju par \u016bdens st\u0101vokli.<\/p>\n<h3>\u016adens un augsnes kvalit\u0101tes test\u0113\u0161anas iek\u0101rtas (fluor\u012bda m\u0113r\u012bt\u0101js, pH m\u0113r\u012bt\u0101js\/pH m\u0113r\u012bt\u0101js, R m\u0113r\u012bt\u0101js, TDS m\u0113r\u012bt\u0101js, EC m\u0113r\u012bt\u0101js) \u2013 <a href=\"http:\/\/labostera.lt\/lv\/product-brand\/apera-instruments-gmbh\/\" target=\"_blank\" rel=\"noopener\">APERA instrumenti<\/a> WS s\u0113rija.<\/h3>\n<p>Vair\u0101k inform\u0101cijas: <strong><a href=\"https:\/\/aperainst.com\/product\/portable-meters?p=4\" target=\"_blank\" rel=\"noopener nofollow\">ra\u017eot\u0101ja t\u012bmek\u013ca vietn\u0113<\/a><\/strong> vai nos\u016btiet mums piepras\u012bjumu!<\/p>","protected":false},"excerpt":{"rendered":"<p><strong>Pied\u0101v\u0101jam pla\u0161u \u016bdens kvalit\u0101tes test\u0113\u0161anas iek\u0101rtu izv\u0113li no starptautisk\u0101 ra\u017eot\u0101ja &quot;APERA Instruments&quot;<\/strong>, kura uz\u0146\u0113mums koncentr\u0113jas uz produktu un procesu efektivit\u0101tes nep\u0101rtrauktu uzlabo\u0161anu, cen\u0161oties pied\u0101v\u0101t lab\u0101kos tehnolo\u0123iskos risin\u0101jumus medic\u012bnas, tehniski zin\u0101tnisk\u0101s p\u0113tniec\u012bbas un r\u016bpniec\u012bbas nozar\u0113m kopum\u0101.<\/p>","protected":false},"featured_media":16152,"template":"","meta":[],"product_cat":[82,83,76,100,110],"product_tag":[288,297,294,314,315,295,292,289,304,291,299,290,303,300,301,298,302,296,293],"class_list":{"0":"post-16147","1":"product","2":"type-product","3":"status-publish","4":"has-post-thumbnail","6":"product_brand-apera-instruments-gmbh","7":"product_cat-analitine-iranga","8":"product_cat-aplinkotyra","9":"product_cat-laboratorine-iranga","10":"product_cat-matavimo-priemones","11":"product_cat-vandens-kokybes-tyrimo-iranga","12":"product_tag-apera-instruments-gmbh","13":"product_tag-conductuvity-meters","14":"product_tag-druskos-koncentracijos-matuokliai","15":"product_tag-fluoride-meters","16":"product_tag-fluorido-matuokliai","17":"product_tag-istirpintuju-kietuju-medziagu-koncentracijos-matuokliai","18":"product_tag-laidumo-matuokliai","19":"product_tag-nesiojami-vandens-kokybes-tyrimo-irenginiai","20":"product_tag-oksidacijos-redukcijos-potencialo-orp-matuokliai","21":"product_tag-ph-matuokliai","22":"product_tag-ph-meters","23":"product_tag-portable-water-tester-kits","24":"product_tag-redox-potential-orp-meters","25":"product_tag-resistivity-meters","26":"product_tag-salinity-meters","27":"product_tag-tds-meters","28":"product_tag-temperature-meters","29":"product_tag-temperaturos-matuokliai","30":"product_tag-varzos-matuokliai","32":"first","33":"onbackorder","34":"shipping-taxable","35":"purchasable","36":"product-type-variable"},"_links":{"self":[{"href":"https:\/\/labostera.lt\/lv\/wp-json\/wp\/v2\/product\/16147","targetHints":{"allow":["GET"]}}],"collection":[{"href":"https:\/\/labostera.lt\/lv\/wp-json\/wp\/v2\/product"}],"about":[{"href":"https:\/\/labostera.lt\/lv\/wp-json\/wp\/v2\/types\/product"}],"wp:featuredmedia":[{"embeddable":true,"href":"https:\/\/labostera.lt\/lv\/wp-json\/wp\/v2\/media\/16152"}],"wp:attachment":[{"href":"https:\/\/labostera.lt\/lv\/wp-json\/wp\/v2\/media?parent=16147"}],"wp:term":[{"taxonomy":"product_cat","embeddable":true,"href":"https:\/\/labostera.lt\/lv\/wp-json\/wp\/v2\/product_cat?post=16147"},{"taxonomy":"product_tag","embeddable":true,"href":"https:\/\/labostera.lt\/lv\/wp-json\/wp\/v2\/product_tag?post=16147"}],"curies":[{"name":"wp","href":"https:\/\/api.w.org\/{rel}","templated":true}]}}