{"id":16127,"date":"2023-10-20T06:41:26","date_gmt":"2023-10-20T06:41:26","guid":{"rendered":"http:\/\/labostera.lt\/?post_type=product&#038;p=16127"},"modified":"2024-01-18T07:22:48","modified_gmt":"2024-01-18T07:22:48","slug":"nesiojama-vandens-kokybes-tyrimo-iranga-apera-400-series-portable-meter","status":"publish","type":"product","link":"https:\/\/labostera.lt\/lv\/priemones-ir-iranga\/laboratorine-iranga\/analitine-iranga\/matavimo-priemones\/nesiojama-vandens-kokybes-tyrimo-iranga-apera-400-series-portable-meter\/","title":{"rendered":"P\u0101rn\u0113s\u0101jams \u016bdens kvalit\u0101tes p\u0101rbaudes apr\u012bkojums APERA 400 s\u0113rijas p\u0101rn\u0113s\u0101jamais m\u0113r\u012bt\u0101js"},"content":{"rendered":"<h2><strong>APERA Instruments 400 s\u0113rijas p\u0101rn\u0113s\u0101jam\u0101s \u016bdens kvalit\u0101tes p\u0101rbaudes iek\u0101rtas<\/strong><\/h2>\n<p>P\u0101rn\u0113s\u0101jamo \u016bdens kvalit\u0101tes p\u0101rbaudes iek\u0101rtu mode\u013ci:<\/p>\n<ul>\n<li><strong>PH400<\/strong> \u2013 pH metrs, kas ir ide\u0101li piem\u0113rots \u016bdens sk\u0101buma vai s\u0101rmain\u012bbas noteik\u0161anai, kas ir b\u016btisks parametrs daudzos testos;<\/li>\n<li><strong>EC400<\/strong> \u2013 vad\u012btsp\u0113jas m\u0113r\u012bt\u0101js, kas noder\u012bgs \u016bdens dzelzs vad\u012btsp\u0113jas \u012bpa\u0161\u012bbu, s\u0101\u013cuma un citu r\u0101d\u012bt\u0101ju nov\u0113rt\u0113\u0161anai;<\/li>\n<li><strong>PC400<\/strong> \u2013 kombin\u0113ts pH metrs un vad\u012btsp\u0113jas m\u0113r\u012bt\u0101js, kas vienlaikus \u013cauj veikt prec\u012bzu un visaptvero\u0161u \u016bdens test\u0113\u0161anu.<\/li>\n<\/ul>\n<p>APERA Instruments 400. s\u0113rijas iek\u0101rtas ir paz\u012bstamas ar augstas kvalit\u0101tes m\u0113r\u012bjumiem, uzticam\u012bbu un ilgu kalpo\u0161anas laiku. \u0160\u012bs p\u0101rn\u0113s\u0101jam\u0101s m\u0113rier\u012bces ir lieliski piem\u0113rotas gan laboratorijas p\u0113t\u012bjumiem, gan lauka apst\u0101k\u013ciem.<br \/>\nKatrai \u0161\u012bs s\u0113rijas ier\u012bcei rakstur\u012bga lieto\u0161anas \u0113rtums un skaidri nolas\u0101mi indikatori, kas nodro\u0161ina \u0113rt\u012bbas gan pieredz\u0113ju\u0161iem speci\u0101listiem, gan ies\u0101c\u0113jiem \u0161aj\u0101 jom\u0101.<br \/>\nMode\u013cu daudzveid\u012bba \u013cauj izv\u0113l\u0113ties vispiem\u0113rot\u0101ko instrumentu, balstoties uz konkr\u0113t\u0101m p\u0113t\u012bjumu vajadz\u012bb\u0101m, nodro\u0161inot iesp\u0113ju prec\u012bzi nov\u0113rt\u0113t \u016bdens kvalit\u0101ti p\u0113c da\u017e\u0101diem parametriem.<br \/>\nKompaktie izm\u0113ri, iztur\u012bgs korpuss un iesp\u0113ja vienlaikus m\u0113r\u012bt vair\u0101kus parametrus padara \u0161o s\u0113riju par praktisku un daudzpus\u012bgu instrumentu \u016bdens kvalit\u0101tes p\u0101rbaudei.<\/p>\n<h3>\u016adens un augsnes kvalit\u0101tes test\u0113\u0161anas iek\u0101rtas (pH metrs\/pH metrs, EC metrs) \u2013 <a href=\"http:\/\/labostera.lt\/lv\/product-brand\/apera-instruments-gmbh\/\" target=\"_blank\" rel=\"noopener\">APERA instrumenti<\/a> 400. s\u0113rija.<\/h3>\n<p>Vair\u0101k inform\u0101cijas: <strong><a href=\"https:\/\/aperainst.com\/product\/portable-meters\/400-series\" target=\"_blank\" rel=\"noopener nofollow\">ra\u017eot\u0101ja t\u012bmek\u013ca vietn\u0113<\/a><\/strong> vai nos\u016btiet mums piepras\u012bjumu!<\/p>","protected":false},"excerpt":{"rendered":"<p><strong>Pied\u0101v\u0101jam pla\u0161u \u016bdens kvalit\u0101tes test\u0113\u0161anas iek\u0101rtu izv\u0113li no starptautisk\u0101 ra\u017eot\u0101ja &quot;APERA Instruments&quot;<\/strong>, kura uz\u0146\u0113mums koncentr\u0113jas uz produktu un procesu efektivit\u0101tes nep\u0101rtrauktu uzlabo\u0161anu, cen\u0161oties pied\u0101v\u0101t lab\u0101kos tehnolo\u0123iskos risin\u0101jumus medic\u012bnas, tehniski zin\u0101tnisk\u0101s p\u0113tniec\u012bbas un r\u016bpniec\u012bbas nozar\u0113m kopum\u0101.<\/p>","protected":false},"featured_media":16135,"template":"","meta":[],"product_cat":[82,83,76,100,110],"product_tag":[288,297,295,292,289,304,291,299,290,303,298,302,296],"class_list":{"0":"post-16127","1":"product","2":"type-product","3":"status-publish","4":"has-post-thumbnail","6":"product_brand-apera-instruments-gmbh","7":"product_cat-analitine-iranga","8":"product_cat-aplinkotyra","9":"product_cat-laboratorine-iranga","10":"product_cat-matavimo-priemones","11":"product_cat-vandens-kokybes-tyrimo-iranga","12":"product_tag-apera-instruments-gmbh","13":"product_tag-conductuvity-meters","14":"product_tag-istirpintuju-kietuju-medziagu-koncentracijos-matuokliai","15":"product_tag-laidumo-matuokliai","16":"product_tag-nesiojami-vandens-kokybes-tyrimo-irenginiai","17":"product_tag-oksidacijos-redukcijos-potencialo-orp-matuokliai","18":"product_tag-ph-matuokliai","19":"product_tag-ph-meters","20":"product_tag-portable-water-tester-kits","21":"product_tag-redox-potential-orp-meters","22":"product_tag-tds-meters","23":"product_tag-temperature-meters","24":"product_tag-temperaturos-matuokliai","26":"first","27":"onbackorder","28":"shipping-taxable","29":"purchasable","30":"product-type-variable"},"_links":{"self":[{"href":"https:\/\/labostera.lt\/lv\/wp-json\/wp\/v2\/product\/16127","targetHints":{"allow":["GET"]}}],"collection":[{"href":"https:\/\/labostera.lt\/lv\/wp-json\/wp\/v2\/product"}],"about":[{"href":"https:\/\/labostera.lt\/lv\/wp-json\/wp\/v2\/types\/product"}],"wp:featuredmedia":[{"embeddable":true,"href":"https:\/\/labostera.lt\/lv\/wp-json\/wp\/v2\/media\/16135"}],"wp:attachment":[{"href":"https:\/\/labostera.lt\/lv\/wp-json\/wp\/v2\/media?parent=16127"}],"wp:term":[{"taxonomy":"product_cat","embeddable":true,"href":"https:\/\/labostera.lt\/lv\/wp-json\/wp\/v2\/product_cat?post=16127"},{"taxonomy":"product_tag","embeddable":true,"href":"https:\/\/labostera.lt\/lv\/wp-json\/wp\/v2\/product_tag?post=16127"}],"curies":[{"name":"wp","href":"https:\/\/api.w.org\/{rel}","templated":true}]}}