{"id":16097,"date":"2023-10-19T10:31:51","date_gmt":"2023-10-19T10:31:51","guid":{"rendered":"http:\/\/labostera.lt\/?post_type=product&#038;p=16097"},"modified":"2024-06-03T17:15:13","modified_gmt":"2024-06-03T14:15:13","slug":"nesiojama-vandens-kokybes-tyrimo-iranga-apera-sx700-series-portable-meter","status":"publish","type":"product","link":"https:\/\/labostera.lt\/lv\/priemones-ir-iranga\/laboratorine-iranga\/analitine-iranga\/matavimo-priemones\/nesiojama-vandens-kokybes-tyrimo-iranga-apera-sx700-series-portable-meter\/","title":{"rendered":"P\u0101rn\u0113s\u0101jams \u016bdens kvalit\u0101tes p\u0101rbaudes apr\u012bkojums APERA SX700 s\u0113rijas p\u0101rn\u0113s\u0101jamais m\u0113r\u012bt\u0101js"},"content":{"rendered":"<h2><strong>APERA Instruments SX700 s\u0113rijas p\u0101rn\u0113s\u0101jam\u0101 \u016bdens kvalit\u0101tes p\u0101rbaudes iek\u0101rta<\/strong><\/h2>\n<p>Apskatiet APERA Instruments SX700 s\u0113rijas portat\u012bvo \u016bdens kvalit\u0101tes test\u0113\u0161anas iek\u0101rtu mode\u013cus ar da\u017e\u0101d\u0101m funkcij\u0101m.<\/p>\n<ul>\n<li>\n<h5><strong>SX716<\/strong> \u2013 Lai noteiktu iz\u0161\u0137\u012bdu\u0161\u0101 sk\u0101bek\u013ca (DO) daudzumu;<\/h5>\n<p>\u0160is modelis \u013cauj prec\u012bzi izm\u0113r\u012bt \u016bden\u012b iz\u0161\u0137\u012bdu\u0161\u0101 sk\u0101bek\u013ca daudzumu.<\/li>\n<li>\n<h5><strong>SX721<\/strong> \u2013 pH metrs un oksid\u0113\u0161an\u0101s-reduc\u0113\u0161an\u0101s potenci\u0101la (ORP) noteik\u0161ana test\u0113\u0161anai;<\/h5>\n<p>M\u0113r\u012bt\u0101js ir paredz\u0113ts pH l\u012bme\u0146a m\u0113r\u012b\u0161anai un oksid\u0101cijas-reduc\u0113\u0161anas potenci\u0101la p\u0101rbaudei.<\/li>\n<li>\n<h5><strong>SX725<\/strong> \u2013 pH metrs un iz\u0161\u0137\u012bdu\u0161\u0101 sk\u0101bek\u013ca (DO) m\u0113r\u012bt\u0101js;<\/h5>\n<p>Modelis \u013cauj izm\u0113r\u012bt gan pH l\u012bmeni, gan iz\u0161\u0137\u012bdu\u0161\u0101 sk\u0101bek\u013ca saturu.<\/li>\n<li>\n<h5><strong>SX731<\/strong> \u2013 pH metrs vad\u012btsp\u0113jas (EC) m\u0113r\u012b\u0161anai un oksid\u0113\u0161an\u0101s-reduc\u0113\u0161an\u0101s potenci\u0101la (ORP) testu veik\u0161anai;<\/h5>\n<p>\u0160is m\u0113r\u012bt\u0101js ietver pH, vad\u012btsp\u0113jas un ORP testus, nodro\u0161inot visaptvero\u0161us testa rezult\u0101tus.<\/li>\n<li>\n<h5><strong>SX736<\/strong> \u2013 pH metrs vad\u012btsp\u0113jas (EC) m\u0113r\u012b\u0161anai un iz\u0161\u0137\u012bdu\u0161\u0101 sk\u0101bek\u013ca (DO) daudzuma noteik\u0161anai;<\/h5>\n<p>M\u0113r\u012bt\u0101js ir piem\u0113rots pH un vad\u012btsp\u0113jas m\u0113r\u012b\u0161anai, k\u0101 ar\u012b iz\u0161\u0137\u012bdu\u0161\u0101 sk\u0101bek\u013ca daudzuma noteik\u0161anai.<\/li>\n<li>\n<h5><strong>SX751<\/strong> \u2013 pH metrs vad\u012btsp\u0113jas (EC) m\u0113r\u012b\u0161anai, iz\u0161\u0137\u012bdu\u0161\u0101 sk\u0101bek\u013ca (DO) daudzuma noteik\u0161anai un oksid\u0113\u0161an\u0101s-reduc\u0113\u0161an\u0101s potenci\u0101la (ORP) testu veik\u0161anai;<\/h5>\n<p>Visaptvero\u0161s m\u0113r\u012bt\u0101js, kas piem\u0113rots pH, vad\u012btsp\u0113jas, iz\u0161\u0137\u012bdu\u0161\u0101 sk\u0101bek\u013ca un ORP testiem.<\/li>\n<\/ul>\n<h3>\u016adens un kvalit\u0101tes p\u0101rbaudes iek\u0101rtas \u2013 <a href=\"http:\/\/labostera.lt\/lv\/product-brand\/apera-instruments-gmbh\/\" target=\"_blank\" rel=\"noopener\">APERA instrumenti<\/a> SX700 s\u0113rija.<\/h3>\n<p>Izv\u0113lieties augstas kvalit\u0101tes p\u0101rn\u0113s\u0101jamas \u016bdens kvalit\u0101tes p\u0101rbaudes iek\u0101rtas. Lai ieg\u016btu pla\u0161\u0101ku inform\u0101ciju, l\u016bdzu, apmekl\u0113jiet vietni <strong><a href=\"https:\/\/aperainst.com\/product\/portable-meters\/sx700-handheld-series\" target=\"_blank\" rel=\"noopener nofollow\">ra\u017eot\u0101ja t\u012bmek\u013ca vietn\u0113<\/a><\/strong> vai nos\u016btiet mums piepras\u012bjumu!<\/p>","protected":false},"excerpt":{"rendered":"<p><strong>Pied\u0101v\u0101jam pla\u0161u \u016bdens kvalit\u0101tes test\u0113\u0161anas iek\u0101rtu izv\u0113li no starptautisk\u0101 ra\u017eot\u0101ja &quot;APERA Instruments&quot;<\/strong>, kura uz\u0146\u0113mums koncentr\u0113jas uz produktu un procesu efektivit\u0101tes nep\u0101rtrauktu uzlabo\u0161anu, cen\u0161oties pied\u0101v\u0101t lab\u0101kos tehnolo\u0123iskos risin\u0101jumus medic\u012bnas, tehniski zin\u0101tnisk\u0101s p\u0113tniec\u012bbas un r\u016bpniec\u012bbas nozar\u0113m kopum\u0101.<\/p>","protected":false},"featured_media":16114,"template":"","meta":[],"product_cat":[82,83,76,100,110],"product_tag":[288,297,309,294,308,295,292,289,304,291,299,290,303,301,298,302,296],"class_list":{"0":"post-16097","1":"product","2":"type-product","3":"status-publish","4":"has-post-thumbnail","6":"product_brand-apera-instruments-gmbh","7":"product_cat-analitine-iranga","8":"product_cat-aplinkotyra","9":"product_cat-laboratorine-iranga","10":"product_cat-matavimo-priemones","11":"product_cat-vandens-kokybes-tyrimo-iranga","12":"product_tag-apera-instruments-gmbh","13":"product_tag-conductuvity-meters","14":"product_tag-dissolved-oxygen-meters","15":"product_tag-druskos-koncentracijos-matuokliai","16":"product_tag-istirpinto-deguonies-matuokliai","17":"product_tag-istirpintuju-kietuju-medziagu-koncentracijos-matuokliai","18":"product_tag-laidumo-matuokliai","19":"product_tag-nesiojami-vandens-kokybes-tyrimo-irenginiai","20":"product_tag-oksidacijos-redukcijos-potencialo-orp-matuokliai","21":"product_tag-ph-matuokliai","22":"product_tag-ph-meters","23":"product_tag-portable-water-tester-kits","24":"product_tag-redox-potential-orp-meters","25":"product_tag-salinity-meters","26":"product_tag-tds-meters","27":"product_tag-temperature-meters","28":"product_tag-temperaturos-matuokliai","30":"first","31":"onbackorder","32":"shipping-taxable","33":"purchasable","34":"product-type-variable"},"_links":{"self":[{"href":"https:\/\/labostera.lt\/lv\/wp-json\/wp\/v2\/product\/16097","targetHints":{"allow":["GET"]}}],"collection":[{"href":"https:\/\/labostera.lt\/lv\/wp-json\/wp\/v2\/product"}],"about":[{"href":"https:\/\/labostera.lt\/lv\/wp-json\/wp\/v2\/types\/product"}],"wp:featuredmedia":[{"embeddable":true,"href":"https:\/\/labostera.lt\/lv\/wp-json\/wp\/v2\/media\/16114"}],"wp:attachment":[{"href":"https:\/\/labostera.lt\/lv\/wp-json\/wp\/v2\/media?parent=16097"}],"wp:term":[{"taxonomy":"product_cat","embeddable":true,"href":"https:\/\/labostera.lt\/lv\/wp-json\/wp\/v2\/product_cat?post=16097"},{"taxonomy":"product_tag","embeddable":true,"href":"https:\/\/labostera.lt\/lv\/wp-json\/wp\/v2\/product_tag?post=16097"}],"curies":[{"name":"wp","href":"https:\/\/api.w.org\/{rel}","templated":true}]}}