{"id":16072,"date":"2023-10-19T07:45:27","date_gmt":"2023-10-19T07:45:27","guid":{"rendered":"http:\/\/labostera.lt\/?post_type=product&#038;p=16072"},"modified":"2024-01-17T15:08:17","modified_gmt":"2024-01-17T15:08:17","slug":"nesiojamas-drumstumo-matuoklis-apera-tn-portable-turbidity-meter","status":"publish","type":"product","link":"https:\/\/labostera.lt\/lv\/priemones-ir-iranga\/laboratorine-iranga\/analitine-iranga\/matavimo-priemones\/nesiojamas-drumstumo-matuoklis-apera-tn-portable-turbidity-meter\/","title":{"rendered":"P\u0101rn\u0113s\u0101jamais du\u013c\u0137ain\u012bbas m\u0113r\u012bt\u0101js APERA TN p\u0101rn\u0113s\u0101jamais du\u013c\u0137ain\u012bbas m\u0113r\u012bt\u0101js"},"content":{"rendered":"<h2><strong>APERA Instruments TN p\u0101rn\u0113s\u0101jamais turbidimetrs<\/strong><\/h2>\n<p>P\u0101rn\u0113s\u0101jam\u0101 turbidimetra raksturlielumi:<\/p>\n<ul>\n<li><strong>Du\u013c\u0137ain\u012bbas m\u0113r\u012b\u0161ana, izmantojot gaismas izkliedi \u016bden\u012b suspend\u0113to da\u013ci\u0146u d\u0113\u013c:<\/strong> \u0160is ir svar\u012bgs parametrs da\u017e\u0101d\u0101m jom\u0101m, kas \u013cauj prec\u012bzi nov\u0113rt\u0113t \u016bdens kvalit\u0101ti.<\/li>\n<li><strong>TN s\u0113rija ar \u010detriem mode\u013ciem:<\/strong> TN400, TN420, TN480 un TN500, katrs ar unik\u0101l\u0101m funkcij\u0101m, kas piel\u0101gotas da\u017e\u0101diem p\u0113tniec\u012bbas apst\u0101k\u013ciem.<\/li>\n<li><strong>Infrasarkan\u0101 gaisma un atbilst\u012bba standartam ISO 7027:<\/strong> TN400 un TN480 s\u0113rijas portat\u012bvie turbidimetri izmanto infrasarkano gaismu, lai nodro\u0161in\u0101tu prec\u012bzus m\u0113r\u012bjumus saska\u0146\u0101 ar ISO standartiem.<\/li>\n<li><strong>Volframa gaisma un atbilst\u012bba ASV EPA 180.1 standartam:<\/strong> TN420 un TN500 s\u0113rijas p\u0101rn\u0113s\u0101jamie turbidimetri izmanto volframa gaismu, kas atbilst ASV EPA standartiem, nodro\u0161inot uzticamus rezult\u0101tus.<\/li>\n<li><strong>Galvenie mode\u013ci un TFT kr\u0101su displejs:<\/strong> TN400 un TN420 ir pamata mode\u013ci ar TFT kr\u0101su displeju, vienk\u0101r\u0161u kalibr\u0113\u0161anu un pla\u0161u m\u0113r\u012bjumu diapazonu no 0 l\u012bdz 1000 NTU (NFU).<\/li>\n<li><strong>Uzlabot\u0101ki mode\u013ci ar papildu funkcij\u0101m:<\/strong> TN480 un TN500 ir modern\u0101ki mode\u013ci ar papildu GLP datu ierakst\u012b\u0161anu, USB datu izvadi un prec\u012bz\u0101kiem m\u0113r\u012bjumiem, nodro\u0161inot liel\u0101ku funkcionalit\u0101ti un \u0113rt\u012bbas.<\/li>\n<\/ul>\n<h3>Du\u013c\u0137ain\u012bbas m\u0113r\u012bt\u0101ji \u2013 <a href=\"http:\/\/labostera.lt\/lv\/product-brand\/apera-instruments-gmbh\/\" target=\"_blank\" rel=\"noopener\">APERA instrumenti<\/a> TN s\u0113rija.<\/h3>\n<p>Vair\u0101k inform\u0101cijas: <strong><a href=\"https:\/\/aperainst.com\/product\/portable-meters?p=3\" target=\"_blank\" rel=\"noopener nofollow\">ra\u017eot\u0101ja t\u012bmek\u013ca vietn\u0113<\/a><\/strong> vai nos\u016btiet mums piepras\u012bjumu!<\/p>","protected":false},"excerpt":{"rendered":"<p><strong>Pied\u0101v\u0101jam pla\u0161u \u016bdens kvalit\u0101tes test\u0113\u0161anas iek\u0101rtu izv\u0113li no starptautisk\u0101 ra\u017eot\u0101ja &quot;APERA Instruments&quot;<\/strong>, kura uz\u0146\u0113mums koncentr\u0113jas uz produktu un procesu efektivit\u0101tes nep\u0101rtrauktu uzlabo\u0161anu, cen\u0161oties pied\u0101v\u0101t lab\u0101kos tehnolo\u0123iskos risin\u0101jumus medic\u012bnas, tehniski zin\u0101tnisk\u0101s p\u0113tniec\u012bbas un r\u016bpniec\u012bbas nozar\u0113m kopum\u0101.<\/p>","protected":false},"featured_media":16090,"template":"","meta":[],"product_cat":[82,83,76,100,110],"product_tag":[288,310,311,312,313],"class_list":{"0":"post-16072","1":"product","2":"type-product","3":"status-publish","4":"has-post-thumbnail","6":"product_brand-apera-instruments-gmbh","7":"product_cat-analitine-iranga","8":"product_cat-aplinkotyra","9":"product_cat-laboratorine-iranga","10":"product_cat-matavimo-priemones","11":"product_cat-vandens-kokybes-tyrimo-iranga","12":"product_tag-apera-instruments-gmbh","13":"product_tag-drumstumo-matuokliai","14":"product_tag-nesiojami-drumstumo-matuokliai","15":"product_tag-portable-turbidity-meters","16":"product_tag-turbidity-meters","18":"first","19":"onbackorder","20":"shipping-taxable","21":"purchasable","22":"product-type-variable"},"_links":{"self":[{"href":"https:\/\/labostera.lt\/lv\/wp-json\/wp\/v2\/product\/16072","targetHints":{"allow":["GET"]}}],"collection":[{"href":"https:\/\/labostera.lt\/lv\/wp-json\/wp\/v2\/product"}],"about":[{"href":"https:\/\/labostera.lt\/lv\/wp-json\/wp\/v2\/types\/product"}],"wp:featuredmedia":[{"embeddable":true,"href":"https:\/\/labostera.lt\/lv\/wp-json\/wp\/v2\/media\/16090"}],"wp:attachment":[{"href":"https:\/\/labostera.lt\/lv\/wp-json\/wp\/v2\/media?parent=16072"}],"wp:term":[{"taxonomy":"product_cat","embeddable":true,"href":"https:\/\/labostera.lt\/lv\/wp-json\/wp\/v2\/product_cat?post=16072"},{"taxonomy":"product_tag","embeddable":true,"href":"https:\/\/labostera.lt\/lv\/wp-json\/wp\/v2\/product_tag?post=16072"}],"curies":[{"name":"wp","href":"https:\/\/api.w.org\/{rel}","templated":true}]}}