{"id":16039,"date":"2023-10-19T06:27:32","date_gmt":"2023-10-19T06:27:32","guid":{"rendered":"http:\/\/labostera.lt\/?post_type=product&#038;p=16039"},"modified":"2024-06-03T17:15:29","modified_gmt":"2024-06-03T14:15:29","slug":"nesiojama-vandens-kokybes-tyrimo-iranga-apera-8500-premium-series-portable-meter","status":"publish","type":"product","link":"https:\/\/labostera.lt\/lv\/priemones-ir-iranga\/laboratorine-iranga\/analitine-iranga\/matavimo-priemones\/nesiojama-vandens-kokybes-tyrimo-iranga-apera-8500-premium-series-portable-meter\/","title":{"rendered":"P\u0101rn\u0113s\u0101jams \u016bdens kvalit\u0101tes p\u0101rbaudes apr\u012bkojums APERA 8500 Premium s\u0113rijas p\u0101rn\u0113s\u0101jamais m\u0113r\u012bt\u0101js"},"content":{"rendered":"<h2><strong>APERA Instruments 8500 Premium s\u0113rijas p\u0101rn\u0113s\u0101jam\u0101 \u016bdens kvalit\u0101tes p\u0101rbaudes iek\u0101rta<\/strong><\/h2>\n<p>\u0160\u012b da\u017e\u0101do mode\u013cu s\u0113rija, kas paredz\u0113ta pH, vad\u012btsp\u0113jas, kop\u0113j\u0101 iz\u0161\u0137\u012bdu\u0161o cietvielu (TDS), s\u0101ls koncentr\u0101cijas un iz\u0161\u0137\u012bdu\u0161\u0101 sk\u0101bek\u013ca prec\u012bzai m\u0113r\u012b\u0161anai \u016bden\u012b, atbild\u012bs j\u016bsu pras\u012bb\u0101m.<br \/>\nP\u0101rn\u0113s\u0101jamo \u016bdens kvalit\u0101tes p\u0101rbaudes iek\u0101rtu mode\u013ci:<\/p>\n<ul>\n<li>\n<h5><strong>PH850 \u2013 \u016bdens paraugu pH m\u0113r\u012b\u0161anai:<\/strong><\/h5>\n<p>M\u0113s pied\u0101v\u0101jam modeli, kas ir ide\u0101li piem\u0113rots prec\u012bziem pH m\u0113r\u012b\u0161anas uzdevumiem \u016bdens paraugos. \u0112rts dizains un prec\u012bzas m\u0113r\u012b\u0161anas funkcijas nodro\u0161in\u0101s uzticamus rezult\u0101tus.<\/li>\n<li>\n<h5><strong>PH850-DP \u2013 \u0160\u0137idru p\u0101rtikas paraugu pH m\u0113r\u012b\u0161anai:<\/strong><\/h5>\n<p>\u0160is modelis ir \u012bpa\u0161i izstr\u0101d\u0101ts \u0161\u0137idru p\u0101rtikas paraugu pH m\u0113r\u012b\u0161anai. J\u016bs var\u0113siet izm\u0113r\u012bt p\u0101rtikas produktu pH v\u0113rt\u012bbas ar jut\u012bbu un precizit\u0101ti.<\/li>\n<li>\n<h5><strong>PH850-FT \u2013 virszemes \u0161\u0137idrumu pH m\u0113r\u012b\u0161anai:<\/strong><\/h5>\n<p>\u0160is modelis \u013cauj prec\u012bzi izm\u0113r\u012bt virsmas \u0161\u0137idrumu pH v\u0113rt\u012bbas, nodro\u0161inot prec\u012bzus rezult\u0101tus p\u0113t\u012bjumiem, kuros svar\u012bga ir virsmas \u012bpa\u0161\u012bba.<\/li>\n<li>\n<h5><strong>PH850-MS \u2013 pH metrs \u012bpa\u0161i maza tilpuma \u0161\u0137idrumiem pH m\u0113r\u012b\u0161anai:<\/strong><\/h5>\n<p>\u0160is modelis ir paredz\u0113ts \u013coti mazu daudzumu pH m\u0113r\u012b\u0161anai, kur precizit\u0101te ir kritiski svar\u012bga. Ide\u0101li piem\u0113rots p\u0113t\u012bjumiem, kuros nepiecie\u0161ama augsta jut\u012bba.<\/li>\n<li>\n<h5><strong>PH850-MT \u2013 pH metrs ga\u013cas produktu test\u0113\u0161anai:<\/strong><\/h5>\n<p>\u0160is modelis ir piel\u0101gots ga\u013cas produktu pH m\u0113r\u012b\u0161anai, nodro\u0161inot prec\u012bzus rezult\u0101tus. J\u016bt\u012bba un lieto\u0161anas \u0113rtums ir \u0161\u012b mode\u013ca galven\u0101s iez\u012bmes.<\/li>\n<li>\n<h5><strong>PH850-PW \u2013 pH m\u0113r\u012bt\u0101js t\u012bra un destil\u0113ta \u016bdens test\u0113\u0161anai:<\/strong><\/h5>\n<p>\u0160is modelis ir ide\u0101li piem\u0113rots p\u0113t\u012bjumiem, izmantojot t\u012bru vai destil\u0113tu \u016bdeni. Jut\u012bba un prec\u012bzas m\u0113r\u012b\u0161anas funkcijas nodro\u0161in\u0101s kvalitat\u012bvus rezult\u0101tus.<\/li>\n<li>\n<h5><strong>PH850-WW \u2013 pH m\u0113r\u012bt\u0101js notek\u016bde\u0146u test\u0113\u0161anai:<\/strong><\/h5>\n<p>\u0160is modelis ir piel\u0101gots notek\u016bde\u0146u pH m\u0113r\u012b\u0161anai, nodro\u0161inot prec\u012bzus rezult\u0101tus. J\u016bt\u012bba un lieto\u0161anas \u0113rtums ir \u0161\u012b mode\u013ca galven\u0101s iez\u012bmes.<\/li>\n<li>\n<h5><strong>PH850-SS \u2013 pH metrs m\u012bkstu paraugu test\u0113\u0161anai:<\/strong><\/h5>\n<p>\u0160is modelis \u013cauj prec\u012bzi izm\u0113r\u012bt m\u012bkstu paraugu pH v\u0113rt\u012bbas, nodro\u0161inot prec\u012bzus rezult\u0101tus p\u0113t\u012bjumos, kuros svar\u012bga ir m\u012bksto materi\u0101lu \u012bpa\u0161\u012bba.<\/li>\n<li>\n<h5><strong>PH850-SL \u2013 pH m\u0113r\u012bt\u0101js augsnes test\u0113\u0161anai:<\/strong><\/h5>\n<p>\u0160is modelis ir piel\u0101gots augsnes pH m\u0113r\u012b\u0161anai, nodro\u0161inot prec\u012bzus rezult\u0101tus. J\u016bt\u012bba un lieto\u0161anas \u0113rtums ir \u0161\u012b mode\u013ca galven\u0101s iez\u012bmes.<\/li>\n<li>\n<h5><strong>PH850-SA \u2013 pH metrs stipru s\u0101rmu \u0161\u0137\u012bdumu test\u0113\u0161anai:<\/strong><\/h5>\n<p>\u0160is modelis \u013cauj prec\u012bzi izm\u0113r\u012bt stipru s\u0101rmainu \u0161\u0137\u012bdumu pH v\u0113rt\u012bbas, nodro\u0161inot prec\u012bzus rezult\u0101tus p\u0113t\u012bjumiem, kuros svar\u012bga ir \u0161o \u0161\u0137\u012bdumu daba.<\/li>\n<li>\n<h5><strong>PH850-HT \u2013 pH metrs augstas temperat\u016bras un s\u0101rmainu \u0161\u0137\u012bdumu test\u0113\u0161anai:<\/strong><\/h5>\n<p>\u0160is modelis ir piem\u0113rots augstas temperat\u016bras un s\u0101rmainu \u0161\u0137\u012bdumu pH m\u0113r\u012b\u0161anai, nodro\u0161inot prec\u012bzus rezult\u0101tus. J\u016bt\u012bba un lieto\u0161anas \u0113rtums ir \u0161\u012b mode\u013ca galven\u0101s iez\u012bmes.<\/li>\n<li>\n<h5><strong>PH850-HF \u2013 pH metrs stipri sk\u0101bu \u0161\u0137\u012bdumu test\u0113\u0161anai:<\/strong><\/h5>\n<p>\u0160is modelis \u013cauj prec\u012bzi izm\u0113r\u012bt stipru sk\u0101bu \u0161\u0137\u012bdumu pH v\u0113rt\u012bbas, nodro\u0161inot prec\u012bzus rezult\u0101tus p\u0113t\u012bjumiem, kuros svar\u012bga ir \u0161o \u0161\u0137\u012bdumu \u012bpa\u0161\u012bba.<\/li>\n<li>\n<h5><strong>PH850-BR \u2013 pH m\u0113r\u012bt\u0101js bezalkoholisko un alkoholisko dz\u0113rienu test\u0113\u0161anai:<\/strong><\/h5>\n<p>\u0160is modelis ir piel\u0101gots bezalkoholisko un alkoholisko dz\u0113rienu pH m\u0113r\u012b\u0161anai, nodro\u0161inot prec\u012bzus rezult\u0101tus. J\u016bt\u012bba un lieto\u0161anas \u0113rtums ir \u0161\u012b mode\u013ca galven\u0101s iez\u012bmes.<\/li>\n<li>\n<h5><strong>EC850 \u2013 vad\u012btsp\u0113jas (EC), kop\u0113j\u0101 iz\u0161\u0137\u012bdu\u0161o cietvielu (TDS) un s\u0101\u013cuma testiem:<\/strong><\/h5>\n<p>\u0160is modelis ietver vad\u012btsp\u0113jas m\u0113r\u012bjumus (EC), kop\u0113jo iz\u0161\u0137\u012bdu\u0161o cietvielu (TDS) koncentr\u0101cijas m\u0113r\u012bjumus un s\u0101ls koncentr\u0101cijas m\u0113r\u012bjumus. Daudzfunkcion\u0101ls r\u012bks \u016bdens izp\u0113tei.<\/li>\n<li>\n<h5><strong>PC850 \u2013 pH, vad\u012btsp\u0113jas (EC), kop\u0113j\u0101 iz\u0161\u0137\u012bdu\u0161o cietvielu (TDS) un s\u0101\u013cuma testiem:<\/strong><\/h5>\n<p>\u0160is modelis ietver pH, vad\u012btsp\u0113jas m\u0113r\u012bjumus (EC), kop\u0113jo iz\u0161\u0137\u012bdu\u0161o cietvielu (TDS) koncentr\u0101cijas m\u0113r\u012bjumus un s\u0101ls koncentr\u0101cijas m\u0113r\u012bjumus. Viss vien\u0101 ier\u012bc\u0113.<\/li>\n<li>\n<h5><strong>DO850 \u2013 Iz\u0161\u0137\u012bdu\u0161\u0101 sk\u0101bek\u013ca (DO) daudzuma noteik\u0161anai:<\/strong><\/h5>\n<p>\u0160is modelis \u013cauj prec\u012bzi noteikt iz\u0161\u0137\u012bdu\u0161\u0101 sk\u0101bek\u013ca saturu \u016bdens paraugos. Svar\u012bgs parametrs akvakult\u016bras vai notek\u016bde\u0146u att\u012br\u012b\u0161anas jom\u0101.<\/li>\n<\/ul>\n<h3>\u016adens kvalit\u0101tes p\u0101rbaudes iek\u0101rtas (pH m\u0113r\u012bt\u0101js, EC m\u0113r\u012bt\u0101js, TDS m\u0113r\u012bt\u0101js, s\u0101\u013cuma m\u0113r\u012bt\u0101js, DO m\u0113r\u012bt\u0101js) \u2013 <a href=\"http:\/\/labostera.lt\/lv\/product-brand\/apera-instruments-gmbh\/\" target=\"_blank\" rel=\"noopener\">APERA instrumenti<\/a> 8500 Premium s\u0113rija.<\/h3>\n<p>Vair\u0101k inform\u0101cijas: <strong><a href=\"https:\/\/aperainst.com\/product\/portable-meters\/8500-premium-series-portable-meters\" target=\"_blank\" rel=\"noopener nofollow\">ra\u017eot\u0101ja t\u012bmek\u013ca vietn\u0113<\/a><\/strong> vai nos\u016btiet mums piepras\u012bjumu!<\/p>","protected":false},"excerpt":{"rendered":"<p><strong>Pied\u0101v\u0101jam pla\u0161u \u016bdens kvalit\u0101tes test\u0113\u0161anas iek\u0101rtu izv\u0113li no starptautisk\u0101 ra\u017eot\u0101ja &quot;APERA Instruments&quot;<\/strong>, kura uz\u0146\u0113mums koncentr\u0113jas uz produktu un procesu efektivit\u0101tes nep\u0101rtrauktu uzlabo\u0161anu, cen\u0161oties pied\u0101v\u0101t lab\u0101kos tehnolo\u0123iskos risin\u0101jumus medic\u012bnas, tehniski zin\u0101tnisk\u0101s p\u0113tniec\u012bbas un r\u016bpniec\u012bbas nozar\u0113m kopum\u0101.<\/p>","protected":false},"featured_media":16069,"template":"","meta":[],"product_cat":[82,83,76,100,110],"product_tag":[288,297,309,294,308,295,292,289,304,291,299,290,303,300,301,298,302,296,293],"class_list":{"0":"post-16039","1":"product","2":"type-product","3":"status-publish","4":"has-post-thumbnail","6":"product_cat-analitine-iranga","7":"product_cat-aplinkotyra","8":"product_cat-laboratorine-iranga","9":"product_cat-matavimo-priemones","10":"product_cat-vandens-kokybes-tyrimo-iranga","11":"product_tag-apera-instruments-gmbh","12":"product_tag-conductuvity-meters","13":"product_tag-dissolved-oxygen-meters","14":"product_tag-druskos-koncentracijos-matuokliai","15":"product_tag-istirpinto-deguonies-matuokliai","16":"product_tag-istirpintuju-kietuju-medziagu-koncentracijos-matuokliai","17":"product_tag-laidumo-matuokliai","18":"product_tag-nesiojami-vandens-kokybes-tyrimo-irenginiai","19":"product_tag-oksidacijos-redukcijos-potencialo-orp-matuokliai","20":"product_tag-ph-matuokliai","21":"product_tag-ph-meters","22":"product_tag-portable-water-tester-kits","23":"product_tag-redox-potential-orp-meters","24":"product_tag-resistivity-meters","25":"product_tag-salinity-meters","26":"product_tag-tds-meters","27":"product_tag-temperature-meters","28":"product_tag-temperaturos-matuokliai","29":"product_tag-varzos-matuokliai","31":"first","32":"onbackorder","33":"shipping-taxable","34":"purchasable","35":"product-type-variable"},"_links":{"self":[{"href":"https:\/\/labostera.lt\/lv\/wp-json\/wp\/v2\/product\/16039","targetHints":{"allow":["GET"]}}],"collection":[{"href":"https:\/\/labostera.lt\/lv\/wp-json\/wp\/v2\/product"}],"about":[{"href":"https:\/\/labostera.lt\/lv\/wp-json\/wp\/v2\/types\/product"}],"wp:featuredmedia":[{"embeddable":true,"href":"https:\/\/labostera.lt\/lv\/wp-json\/wp\/v2\/media\/16069"}],"wp:attachment":[{"href":"https:\/\/labostera.lt\/lv\/wp-json\/wp\/v2\/media?parent=16039"}],"wp:term":[{"taxonomy":"product_cat","embeddable":true,"href":"https:\/\/labostera.lt\/lv\/wp-json\/wp\/v2\/product_cat?post=16039"},{"taxonomy":"product_tag","embeddable":true,"href":"https:\/\/labostera.lt\/lv\/wp-json\/wp\/v2\/product_tag?post=16039"}],"curies":[{"name":"wp","href":"https:\/\/api.w.org\/{rel}","templated":true}]}}