{"id":16006,"date":"2023-10-18T13:20:27","date_gmt":"2023-10-18T13:20:27","guid":{"rendered":"http:\/\/labostera.lt\/?post_type=product&#038;p=16006"},"modified":"2024-01-17T14:38:51","modified_gmt":"2024-01-17T14:38:51","slug":"nesiojama-vandens-kokybes-tyrimo-iranga-apera-850-value-series-portable-meter","status":"publish","type":"product","link":"https:\/\/labostera.lt\/lv\/priemones-ir-iranga\/laboratorine-iranga\/analitine-iranga\/matavimo-priemones\/nesiojama-vandens-kokybes-tyrimo-iranga-apera-850-value-series-portable-meter\/","title":{"rendered":"P\u0101rn\u0113s\u0101jams \u016bdens kvalit\u0101tes p\u0101rbaudes apr\u012bkojums APERA 850 Value s\u0113rijas p\u0101rn\u0113s\u0101jamais m\u0113r\u012bt\u0101js"},"content":{"rendered":"<h2><strong>APERA Instruments 850 Value s\u0113rijas p\u0101rn\u0113s\u0101jamais \u016bdens kvalit\u0101tes testeris<\/strong><\/h2>\n<p>850 Value s\u0113rijas p\u0101rn\u0113s\u0101jam\u0101 \u016bdens kvalit\u0101tes test\u0113\u0161anas iek\u0101rta nodro\u0161ina visaptvero\u0161u un uzticamu veidu, k\u0101 uzraudz\u012bt \u016bdens un augsnes st\u0101vokli. Katrs modelis ir paredz\u0113ts specifisku testu veik\u0161anai, nodro\u0161inot prec\u012bzus rezult\u0101tus atbilsto\u0161i j\u016bsu p\u0113t\u012bjumu vajadz\u012bb\u0101m. \u0160\u012bs ier\u012bces ir nenov\u0113rt\u0113jams pal\u012bgs gan profesion\u0101\u013ciem, gan studentiem, kas veic zin\u0101tniskus projektus. Apskat\u012bsim katra mode\u013ca raksturlielumus:<\/p>\n<ul>\n<li>\n<h5><strong>PH850<\/strong> \u2013 \u016adens pH m\u0113r\u012bt\u0101js<\/h5>\n<p>Prec\u012bza \u016bdens paraugu pH m\u0113r\u012b\u0161ana, sniedzot inform\u0101ciju par \u016bdens sk\u0101bumu vai s\u0101rmain\u012bbu.<\/li>\n<li>\n<h5><strong>PH850-DP<\/strong> \u2013 pH metri \u0161\u0137idru p\u0101rtikas paraugu analiz\u0113\u0161anai<\/h5>\n<p>Ide\u0101li piem\u0113rots p\u0101rtikas nozares profesion\u0101\u013ciem, kuri v\u0113las nodro\u0161in\u0101t produktu kvalit\u0101ti un dro\u0161\u012bbu.<\/li>\n<li>\n<h5><strong>PH850-FT<\/strong> \u2013 pH metri virszemes \u0161\u0137idrumiem<\/h5>\n<p>Nodro\u0161ina prec\u012bzus pH m\u0113r\u012bjumus uz da\u017e\u0101d\u0101m virsm\u0101m, atvieglojot diagnostiku un uzraudz\u012bbu.<\/li>\n<li>\n<h5><strong>PH850-MS<\/strong> \u2013 pH metri \u013coti maziem \u0161\u0137idrumu daudzumiem<\/h5>\n<p>Speci\u0101li izstr\u0101d\u0101ts \u013coti mazu \u0161\u0137idruma daudzumu p\u0101rbaudei, nodro\u0161inot prec\u012bzus rezult\u0101tus.<\/li>\n<li>\n<h5><strong>PH850-MT<\/strong> \u2013 pH metri ga\u013cas produktiem<\/h5>\n<p>Svar\u012bgs instruments ga\u013cas nozar\u0113, lai nodro\u0161in\u0101tu produkta kvalit\u0101ti un gar\u0161u.<\/li>\n<li>\n<h5><strong>PH850-PW<\/strong> \u2013 pH metri t\u012bra un destil\u0113ta \u016bdens test\u0113\u0161anai<\/h5>\n<p>Nodro\u0161ina prec\u012bzus pH m\u0113r\u012bjumus \u016bdenim, ko izmanto da\u017e\u0101d\u0101s nozar\u0113s.<\/li>\n<li>\n<h5><strong>PH850-WW<\/strong> \u2013 pH metri notek\u016bde\u0146u test\u0113\u0161anai<\/h5>\n<p>Svar\u012bgs instruments notek\u016bde\u0146u kvalit\u0101tes uzraudz\u012bbai un uztur\u0113\u0161anai.<\/li>\n<li>\n<h5><strong>PH850-SS<\/strong> \u2013 pH metri m\u012bkstiem paraugiem<\/h5>\n<p>Prec\u012bzas m\u0113r\u012b\u0161anas iesp\u0113jas m\u012bkstiem un maziem paraugiem, piem\u0113ram, neliela \u016bdens satura testiem.<\/li>\n<li>\n<h5><strong>PH850-SL<\/strong> \u2013 augsnes pH metri<\/h5>\n<p>Sniedz inform\u0101ciju par augsnes sk\u0101bumu vai s\u0101rmain\u012bbu, pal\u012bdzot augiem augt optim\u0101los apst\u0101k\u013cos.<\/li>\n<li>\n<h5><strong>PH850-SA<\/strong> \u2013 pH metri stipru s\u0101rmu \u0161\u0137\u012bdumu test\u0113\u0161anai<\/h5>\n<p>\u012apa\u0161s modelis stipri s\u0101rmainu \u0161\u0137\u012bdumu pH m\u0113r\u012b\u0161anai, izmantojot t\u0101dus \u0161\u0137\u012bdumus k\u0101 s\u0101lssk\u0101be.<\/li>\n<li>\n<h5><strong>PH850-HT<\/strong> \u2013 pH metri augst\u0101m temperat\u016br\u0101m un s\u0101rmainiem \u0161\u0137\u012bdumiem<\/h5>\n<p>Izstr\u0101d\u0101ts, lai iztur\u0113tu ekstrem\u0101lus apst\u0101k\u013cus, kas ir svar\u012bgi ikvienam, kur\u0161 str\u0101d\u0101 ar augst\u0101m temperat\u016br\u0101m vai s\u0101rmainiem \u0161\u0137\u012bdumiem.<\/li>\n<li>\n<h5><strong>PH850-HF<\/strong> \u2013 pH metri stipri sk\u0101biem \u0161\u0137\u012bdumiem<\/h5>\n<p>Prec\u012bzas m\u0113r\u012b\u0161anas iesp\u0113jas, str\u0101d\u0101jot ar stipriem sk\u0101biem \u0161\u0137\u012bdumiem.<\/li>\n<li>\n<h5><strong>PH850-BR<\/strong> \u2013 pH m\u0113r\u012bt\u0101ji bezalkoholiskajiem un alkoholiskajiem dz\u0113rieniem<\/h5>\n<p>Restor\u0101niem vai ra\u017eot\u0101jiem ir svar\u012bgi nodro\u0161in\u0101t atbilsto\u0161u produktu kvalit\u0101ti.<\/li>\n<li>\n<h5><strong>EC850<\/strong> \u2013 Vad\u012btsp\u0113jas (EC), kop\u0113jo iz\u0161\u0137\u012bdu\u0161o cietvielu (TDS) un s\u0101\u013cuma testi<\/h5>\n<p>Nodro\u0161ina prec\u012bzus vad\u012btsp\u0113jas un s\u0101ls m\u0113r\u012bjumus, kas ir noder\u012bgi da\u017e\u0101d\u0101s p\u0113tniec\u012bbas un r\u016bpniec\u012bbas nozar\u0113s.<\/li>\n<li>\n<h5><strong>PC850<\/strong> \u2013 pH, vad\u012btsp\u0113jas (EC), kop\u0113j\u0101 iz\u0161\u0137\u012bdu\u0161o cietvielu (TDS) un s\u0101\u013cuma testiem<\/h5>\n<p>\u0160is modelis apvieno vair\u0101ku parametru m\u0113r\u012bjumus, sniedzot visaptvero\u0161u priek\u0161statu par p\u0113t\u0101m\u0101 objekta st\u0101vokli.<\/li>\n<li>\n<h5><strong>DO850<\/strong> \u2013 Lai noteiktu iz\u0161\u0137\u012bdu\u0161\u0101 sk\u0101bek\u013ca (DO) daudzumu<\/h5>\n<p>Svar\u012bgs instruments, \u012bpa\u0161i akvakult\u016br\u0101 vai \u016bdens vides p\u0113t\u012bjumos.<\/li>\n<\/ul>\n<h3>\u016adens kvalit\u0101tes p\u0101rbaudes iek\u0101rtas (pH m\u0113r\u012bt\u0101js, EC m\u0113r\u012bt\u0101js, TDS m\u0113r\u012bt\u0101js, s\u0101\u013cuma m\u0113r\u012bt\u0101js, DO m\u0113r\u012bt\u0101js) \u2013 <a href=\"http:\/\/labostera.lt\/lv\/product-brand\/apera-instruments-gmbh\/\" target=\"_blank\" rel=\"noopener\">APERA instrumenti<\/a> 850 v\u0113rt\u012bbu s\u0113rija.<\/h3>\n<p>Vair\u0101k inform\u0101cijas: <strong><a href=\"https:\/\/aperainst.com\/product\/portable-meters\/8508500-series\" target=\"_blank\" rel=\"noopener nofollow\">ra\u017eot\u0101ja t\u012bmek\u013ca vietn\u0113<\/a><\/strong> vai nos\u016btiet mums piepras\u012bjumu!<\/p>","protected":false},"excerpt":{"rendered":"<p><strong>Pied\u0101v\u0101jam pla\u0161u \u016bdens kvalit\u0101tes test\u0113\u0161anas iek\u0101rtu izv\u0113li no starptautisk\u0101 ra\u017eot\u0101ja &quot;APERA Instruments&quot;<\/strong>, kura uz\u0146\u0113mums koncentr\u0113jas uz produktu un procesu efektivit\u0101tes nep\u0101rtrauktu uzlabo\u0161anu, cen\u0161oties pied\u0101v\u0101t lab\u0101kos tehnolo\u0123iskos risin\u0101jumus medic\u012bnas, tehniski zin\u0101tnisk\u0101s p\u0113tniec\u012bbas un r\u016bpniec\u012bbas nozar\u0113m kopum\u0101.<\/p>","protected":false},"featured_media":16013,"template":"","meta":[],"product_cat":[82,83,76,100,110],"product_tag":[288,297,309,294,308,295,292,289,304,291,299,290,303,300,301,298,302,296,293],"class_list":{"0":"post-16006","1":"product","2":"type-product","3":"status-publish","4":"has-post-thumbnail","6":"product_brand-apera-instruments-gmbh","7":"product_cat-analitine-iranga","8":"product_cat-aplinkotyra","9":"product_cat-laboratorine-iranga","10":"product_cat-matavimo-priemones","11":"product_cat-vandens-kokybes-tyrimo-iranga","12":"product_tag-apera-instruments-gmbh","13":"product_tag-conductuvity-meters","14":"product_tag-dissolved-oxygen-meters","15":"product_tag-druskos-koncentracijos-matuokliai","16":"product_tag-istirpinto-deguonies-matuokliai","17":"product_tag-istirpintuju-kietuju-medziagu-koncentracijos-matuokliai","18":"product_tag-laidumo-matuokliai","19":"product_tag-nesiojami-vandens-kokybes-tyrimo-irenginiai","20":"product_tag-oksidacijos-redukcijos-potencialo-orp-matuokliai","21":"product_tag-ph-matuokliai","22":"product_tag-ph-meters","23":"product_tag-portable-water-tester-kits","24":"product_tag-redox-potential-orp-meters","25":"product_tag-resistivity-meters","26":"product_tag-salinity-meters","27":"product_tag-tds-meters","28":"product_tag-temperature-meters","29":"product_tag-temperaturos-matuokliai","30":"product_tag-varzos-matuokliai","32":"first","33":"onbackorder","34":"shipping-taxable","35":"purchasable","36":"product-type-variable"},"_links":{"self":[{"href":"https:\/\/labostera.lt\/lv\/wp-json\/wp\/v2\/product\/16006","targetHints":{"allow":["GET"]}}],"collection":[{"href":"https:\/\/labostera.lt\/lv\/wp-json\/wp\/v2\/product"}],"about":[{"href":"https:\/\/labostera.lt\/lv\/wp-json\/wp\/v2\/types\/product"}],"wp:featuredmedia":[{"embeddable":true,"href":"https:\/\/labostera.lt\/lv\/wp-json\/wp\/v2\/media\/16013"}],"wp:attachment":[{"href":"https:\/\/labostera.lt\/lv\/wp-json\/wp\/v2\/media?parent=16006"}],"wp:term":[{"taxonomy":"product_cat","embeddable":true,"href":"https:\/\/labostera.lt\/lv\/wp-json\/wp\/v2\/product_cat?post=16006"},{"taxonomy":"product_tag","embeddable":true,"href":"https:\/\/labostera.lt\/lv\/wp-json\/wp\/v2\/product_tag?post=16006"}],"curies":[{"name":"wp","href":"https:\/\/api.w.org\/{rel}","templated":true}]}}