{"id":15950,"date":"2023-10-17T11:12:50","date_gmt":"2023-10-17T11:12:50","guid":{"rendered":"http:\/\/labostera.lt\/?post_type=product&#038;p=15950"},"modified":"2024-01-17T12:40:49","modified_gmt":"2024-01-17T12:40:49","slug":"nesiojama-ismani-vandens-kokybes-tyrimo-iranga-apera-zentest-60-z-smart-multi-parameter-pocket-tester-kit","status":"publish","type":"product","link":"https:\/\/labostera.lt\/lv\/priemones-ir-iranga\/laboratorine-iranga\/analitine-iranga\/matavimo-priemones\/nesiojama-ismani-vandens-kokybes-tyrimo-iranga-apera-zentest-60-z-smart-multi-parameter-pocket-tester-kit\/","title":{"rendered":"P\u0101rn\u0113s\u0101jams viedais \u016bdens kvalit\u0101tes test\u0113\u0161anas apr\u012bkojums APERA ZenTest 60-Z viedais daudzparametru kabatas testera komplekts"},"content":{"rendered":"<h2><strong>APERA Instruments ZenTest 60-Z p\u0101rn\u0113s\u0101jam\u0101 vied\u0101 \u016bdens kvalit\u0101tes p\u0101rbaudes iek\u0101rta<\/strong><\/h2>\n<p>P\u0101rn\u0113s\u0101jamo viedo \u016bdens kvalit\u0101tes test\u0113\u0161anas iek\u0101rtu mode\u013ci:<\/p>\n<ul>\n<li>\n<h5><strong>PH60-Z<\/strong> \u2013 Uzticams pH m\u0113r\u012bt\u0101js, kas nodro\u0161ina prec\u012bzus un stabilus rezult\u0101tus \u016bdens pH l\u012bme\u0146a m\u0113r\u012bjumiem. Ide\u0101li piem\u0113rots gan lieto\u0161anai m\u0101j\u0101s, gan profesion\u0101lai \u016bdens test\u0113\u0161anai;<\/h5>\n<\/li>\n<li>\n<h5><strong>PH60F-Z<\/strong> \u2013 Viedais m\u0113r\u012bt\u0101js \u0161\u0137idru virsmu pH m\u0113r\u012b\u0161anai, kas \u013cauj p\u0101rbaud\u012bt pH l\u012bmeni katr\u0101 m\u0113rier\u012bc\u0113. Stingri turas rok\u0101 un ir piem\u0113rots da\u017e\u0101d\u0101m jom\u0101m, s\u0101kot no p\u0101rtikas r\u016bpniec\u012bbas l\u012bdz ra\u017eo\u0161anai;<\/h5>\n<\/li>\n<li>\n<h5><strong>PH60S-Z<\/strong> \u2013 Specializ\u0113ts pH metrs m\u012bkstu paraugu test\u0113\u0161anai. Lieliski piem\u0113rots augsnes, sak\u0146u \u016bdens test\u0113\u0161anai vai cit\u0101s viet\u0101s, kur nepiecie\u0161ami prec\u012bz\u0101ki pH rezult\u0101ti;<\/h5>\n<\/li>\n<li>\n<h5><strong>ORP60-Z<\/strong> \u2013 Oksid\u0101cijas-reduc\u0113\u0161anas potenci\u0101la (ORP) m\u0113r\u012b\u0161anas ier\u012bce, kas pal\u012bdz noteikt \u016bdens kvalit\u0101tes izmai\u0146as un nov\u0113rt\u0113t vielu \u0137\u012bmisko aktivit\u0101ti;<\/h5>\n<\/li>\n<li>\n<h5><strong>EC60-Z<\/strong> \u2013 Vad\u012btsp\u0113jas m\u0113r\u012bt\u0101js ar iesp\u0113ju izm\u0113r\u012bt kop\u0113jo iz\u0161\u0137\u012bdu\u0161o cietvielu (TDS) koncentr\u0101ciju un s\u0101ls (s\u0101\u013cuma) koncentr\u0101ciju. Lieliska izv\u0113le gan augu audz\u0113t\u0101jiem, gan \u016bdens p\u0113tniec\u012bbas speci\u0101listiem;<\/h5>\n<\/li>\n<li>\n<h5><strong>PC60-Z<\/strong> \u2013 Viss vien\u0101 \u2013 pH, vad\u012btsp\u0113jas, kop\u0113j\u0101 iz\u0161\u0137\u012bdu\u0161o cietvielu (TDS) un s\u0101\u013cuma m\u0113r\u012bjumi vien\u0101 ier\u012bc\u0113. \u0100tri, efekt\u012bvi un \u0113rti.<\/h5>\n<\/li>\n<\/ul>\n<p>Vai v\u0113laties vienm\u0113r prec\u012bzi zin\u0101t \u016bdens kvalit\u0101ti? APERA Instruments ZenTest 60-Z portat\u012bvie viedie \u016bdens kvalit\u0101tes test\u0113\u0161anas iek\u0101rtu mode\u013ci ir lieliska izv\u0113le, lai \u0101tri un \u0113rti veiktu da\u017e\u0101dus \u016bdens parametru m\u0113r\u012bjumus. \u0160\u012bs izcil\u0101s ier\u012bces izce\u013cas ar augstu precizit\u0101ti, elast\u012bbu un lieto\u0161anas \u0113rtumu.<\/p>\n<h3>\u016adens kvalit\u0101tes p\u0101rbaudes iek\u0101rtas (pH m\u0113r\u012bt\u0101js, ORP m\u0113r\u012bt\u0101js, EC m\u0113r\u012bt\u0101js, DO m\u0113r\u012bt\u0101js, TDS m\u0113r\u012bt\u0101js, s\u0101\u013cuma m\u0113r\u012bt\u0101js) \u2013 <a href=\"http:\/\/labostera.lt\/lv\/product-brand\/apera-instruments-gmbh\/\" target=\"_blank\" rel=\"noopener\">APERA instrumenti<\/a> ZenTest 60-Z.<\/h3>\n<p>Vair\u0101k inform\u0101cijas: <strong><a href=\"https:\/\/aperainst.com\/product\/pocket-testers\/smart-pocket-testers\" target=\"_blank\" rel=\"noopener nofollow\">ra\u017eot\u0101ja t\u012bmek\u013ca vietn\u0113<\/a><\/strong> vai nos\u016btiet mums piepras\u012bjumu!<\/p>","protected":false},"excerpt":{"rendered":"<p><strong>Pied\u0101v\u0101jam pla\u0161u \u016bdens kvalit\u0101tes test\u0113\u0161anas iek\u0101rtu izv\u0113li no starptautisk\u0101 ra\u017eot\u0101ja &quot;APERA Instruments&quot;<\/strong>, kura uz\u0146\u0113mums koncentr\u0113jas uz produktu un procesu efektivit\u0101tes nep\u0101rtrauktu uzlabo\u0161anu, cen\u0161oties pied\u0101v\u0101t lab\u0101kos tehnolo\u0123iskos risin\u0101jumus medic\u012bnas, tehniski zin\u0101tnisk\u0101s p\u0113tniec\u012bbas un r\u016bpniec\u012bbas nozar\u0113m kopum\u0101.<\/p>","protected":false},"featured_media":15958,"template":"","meta":[],"product_cat":[82,83,76,100,110],"product_tag":[288,297,294,295,292,289,304,291,299,290,303,300,301,298,302,296,293],"class_list":{"0":"post-15950","1":"product","2":"type-product","3":"status-publish","4":"has-post-thumbnail","6":"product_brand-apera-instruments-gmbh","7":"product_cat-analitine-iranga","8":"product_cat-aplinkotyra","9":"product_cat-laboratorine-iranga","10":"product_cat-matavimo-priemones","11":"product_cat-vandens-kokybes-tyrimo-iranga","12":"product_tag-apera-instruments-gmbh","13":"product_tag-conductuvity-meters","14":"product_tag-druskos-koncentracijos-matuokliai","15":"product_tag-istirpintuju-kietuju-medziagu-koncentracijos-matuokliai","16":"product_tag-laidumo-matuokliai","17":"product_tag-nesiojami-vandens-kokybes-tyrimo-irenginiai","18":"product_tag-oksidacijos-redukcijos-potencialo-orp-matuokliai","19":"product_tag-ph-matuokliai","20":"product_tag-ph-meters","21":"product_tag-portable-water-tester-kits","22":"product_tag-redox-potential-orp-meters","23":"product_tag-resistivity-meters","24":"product_tag-salinity-meters","25":"product_tag-tds-meters","26":"product_tag-temperature-meters","27":"product_tag-temperaturos-matuokliai","28":"product_tag-varzos-matuokliai","30":"first","31":"onbackorder","32":"shipping-taxable","33":"purchasable","34":"product-type-variable"},"_links":{"self":[{"href":"https:\/\/labostera.lt\/lv\/wp-json\/wp\/v2\/product\/15950","targetHints":{"allow":["GET"]}}],"collection":[{"href":"https:\/\/labostera.lt\/lv\/wp-json\/wp\/v2\/product"}],"about":[{"href":"https:\/\/labostera.lt\/lv\/wp-json\/wp\/v2\/types\/product"}],"wp:featuredmedia":[{"embeddable":true,"href":"https:\/\/labostera.lt\/lv\/wp-json\/wp\/v2\/media\/15958"}],"wp:attachment":[{"href":"https:\/\/labostera.lt\/lv\/wp-json\/wp\/v2\/media?parent=15950"}],"wp:term":[{"taxonomy":"product_cat","embeddable":true,"href":"https:\/\/labostera.lt\/lv\/wp-json\/wp\/v2\/product_cat?post=15950"},{"taxonomy":"product_tag","embeddable":true,"href":"https:\/\/labostera.lt\/lv\/wp-json\/wp\/v2\/product_tag?post=15950"}],"curies":[{"name":"wp","href":"https:\/\/api.w.org\/{rel}","templated":true}]}}