{"id":15937,"date":"2023-10-17T10:16:11","date_gmt":"2023-10-17T10:16:11","guid":{"rendered":"http:\/\/labostera.lt\/?post_type=product&#038;p=15937"},"modified":"2024-01-17T12:02:33","modified_gmt":"2024-01-17T12:02:33","slug":"teksturos-analizatorius-lamy-rheology-tx-700-texture-analyzer","status":"publish","type":"product","link":"https:\/\/labostera.lt\/lv\/priemones-ir-iranga\/laboratorine-iranga\/analitine-iranga\/reologija\/teksturos-analizatorius-lamy-rheology-tx-700-texture-analyzer\/","title":{"rendered":"Tekst\u016bras analizators LAMY RHEOLOGY TX-700 tekst\u016bras analizators"},"content":{"rendered":"<h2><strong>\u201eLAMY RHEOLOGY Instruments TX-700 tekst\u016bras analizators<\/strong><\/h2>\n<p>Tekst\u016bras analizatora funkcijas:<\/p>\n<ul>\n<li>Tie\u0161a m\u0113r\u012b\u0161ana ar aptur\u0113\u0161anas taimeri;<\/li>\n<li>Integr\u0113ta temperat\u016bras zonde;<\/li>\n<li>L\u012bknes att\u0113lo\u0161ana ekr\u0101n\u0101;<\/li>\n<li>Integr\u0113ta programmat\u016bra programm\u0113\u0161anai;<\/li>\n<li>Savietojam\u012bba ar RheoTex un LIMS programmat\u016bru;<\/li>\n<li>Datu ierakst\u012b\u0161ana un p\u0101rs\u016bt\u012b\u0161ana, izmantojot USB savienojumu;<\/li>\n<li>\u013bauj par\u0101d\u012bt viskozit\u0101tes robe\u017eas, pamatojoties uz kust\u012bbu un \u0101trumu.<\/li>\n<\/ul>\n<h3>Tekst\u016bras analizatori \u2013 <a href=\"http:\/\/labostera.lt\/lv\/product-brand\/lamy-rheology-instruments\/\" target=\"_blank\" rel=\"noopener\">Lamy reolo\u0123ijas instrumenti<\/a> TX-700.<\/h3>\n<p>Vair\u0101k inform\u0101cijas: <strong><a href=\"https:\/\/www.lamyrheology.com\/EN\/produits\/tx-700\/\" target=\"_blank\" rel=\"noopener nofollow\">ra\u017eot\u0101ja t\u012bmek\u013ca vietn\u0113<\/a><\/strong> vai nos\u016btiet mums piepras\u012bjumu!<\/p>","protected":false},"excerpt":{"rendered":"<p><strong>Pied\u0101v\u0101jam pla\u0161u tekst\u016bras analizatoru izv\u0113li no fran\u010du ra\u017eot\u0101ja &quot;LAMY RHEOLOGY Instruments&quot;\u201e<\/strong>, kura uz\u0146\u0113mums koncentr\u0113jas uz produktu un procesu efektivit\u0101tes nep\u0101rtrauktu uzlabo\u0161anu, cen\u0161oties pied\u0101v\u0101t lab\u0101kos tehnolo\u0123iskos risin\u0101jumus medic\u012bnas, tehniski zin\u0101tnisk\u0101s p\u0113tniec\u012bbas un r\u016bpniec\u012bbas nozar\u0113m kopum\u0101.<\/p>","protected":false},"featured_media":15943,"template":"","meta":[],"product_cat":[82,76,103],"product_tag":[256,286,285],"class_list":{"0":"post-15937","1":"product","2":"type-product","3":"status-publish","4":"has-post-thumbnail","6":"product_brand-lamy-rheology-instruments","7":"product_cat-analitine-iranga","8":"product_cat-laboratorine-iranga","9":"product_cat-reologija","10":"product_tag-lamy-rheology-instruments","11":"product_tag-teksturos-analizatoriai","12":"product_tag-texture-analyzers","14":"first","15":"onbackorder","16":"shipping-taxable","17":"purchasable","18":"product-type-variable"},"_links":{"self":[{"href":"https:\/\/labostera.lt\/lv\/wp-json\/wp\/v2\/product\/15937","targetHints":{"allow":["GET"]}}],"collection":[{"href":"https:\/\/labostera.lt\/lv\/wp-json\/wp\/v2\/product"}],"about":[{"href":"https:\/\/labostera.lt\/lv\/wp-json\/wp\/v2\/types\/product"}],"wp:featuredmedia":[{"embeddable":true,"href":"https:\/\/labostera.lt\/lv\/wp-json\/wp\/v2\/media\/15943"}],"wp:attachment":[{"href":"https:\/\/labostera.lt\/lv\/wp-json\/wp\/v2\/media?parent=15937"}],"wp:term":[{"taxonomy":"product_cat","embeddable":true,"href":"https:\/\/labostera.lt\/lv\/wp-json\/wp\/v2\/product_cat?post=15937"},{"taxonomy":"product_tag","embeddable":true,"href":"https:\/\/labostera.lt\/lv\/wp-json\/wp\/v2\/product_tag?post=15937"}],"curies":[{"name":"wp","href":"https:\/\/api.w.org\/{rel}","templated":true}]}}