{"id":15910,"date":"2023-10-17T08:11:36","date_gmt":"2023-10-17T08:11:36","guid":{"rendered":"http:\/\/labostera.lt\/?post_type=product&#038;p=15910"},"modified":"2024-01-17T11:53:46","modified_gmt":"2024-01-17T11:53:46","slug":"stalinis-reometras-lamy-rheology-rm-200-cp-4000-plus-rheometer","status":"publish","type":"product","link":"https:\/\/labostera.lt\/lv\/priemones-ir-iranga\/laboratorine-iranga\/analitine-iranga\/reologija\/stalinis-reometras-lamy-rheology-rm-200-cp-4000-plus-rheometer\/","title":{"rendered":"Galda reometrs LAMY RHEOLOGY RM 200 CP-4000 Plus reometrs"},"content":{"rendered":"<h2><strong>&quot;LAMY RHEOLOGY Instruments&quot; RM-200 CP-4000 Plus galda reometrs<\/strong><\/h2>\n<p>Galda reometra raksturlielumi:<\/p>\n<ul>\n<li>Stat\u012bvs ar 70 mm pamatni;<\/li>\n<li>Integr\u0113ta programm\u0113\u0161anas programmat\u016bra;<\/li>\n<li>Tie\u0161ie m\u0113r\u012bjumi ar aptur\u0113\u0161anas taimeri, regresijas anal\u012bze, l\u012bknes att\u0113lo\u0161ana ekr\u0101n\u0101;<\/li>\n<li>Lietot\u0101ja un blo\u0137\u0113\u0161anas re\u017e\u012bms;<\/li>\n<li>Datu ierakst\u012b\u0161ana un p\u0101rs\u016bt\u012b\u0161ana, izmantojot USB savienojumu;<\/li>\n<li>Integr\u0113ta temperat\u016bras zonde;<\/li>\n<li>Iesp\u0113ja piesl\u0113gt printeri;<\/li>\n<li>Savietojam\u012bba ar RheoTex un LIMS programmat\u016bru;<\/li>\n<li>Griezes momenta m\u0113r\u012bt\u0101js ekr\u0101n\u0101;<\/li>\n<li>\u0100r\u0113jais temperat\u016bras sensors (p\u0113c izv\u0113les);<\/li>\n<li>Kvalit\u0101tes kontroles (KK) robe\u017efunkcija;<\/li>\n<li>\u013bauj par\u0101d\u012bt viskozit\u0101tes robe\u017eas, pamatojoties uz kust\u012bbu un \u0101trumu.<\/li>\n<\/ul>\n<h3>Galda reometri \u2013 <a href=\"http:\/\/labostera.lt\/lv\/product-brand\/lamy-rheology-instruments\/\" target=\"_blank\" rel=\"noopener\">Lamy reolo\u0123ijas instrumenti<\/a> RM-200 CP-4000 Plus.<\/h3>\n<p>Vair\u0101k inform\u0101cijas: <strong><a href=\"https:\/\/www.lamyrheology.com\/EN\/produits\/rm-200-cp4000-plus\/\" target=\"_blank\" rel=\"noopener nofollow\">ra\u017eot\u0101ja t\u012bmek\u013ca vietn\u0113<\/a><\/strong> vai nos\u016btiet mums piepras\u012bjumu!<\/p>","protected":false},"excerpt":{"rendered":"<p><strong>Pied\u0101v\u0101jam pla\u0161u reometru izv\u0113li no fran\u010du ra\u017eot\u0101ja &quot;LAMY RHEOLOGY Instruments&quot;<\/strong>, kura uz\u0146\u0113mums koncentr\u0113jas uz produktu un procesu efektivit\u0101tes nep\u0101rtrauktu uzlabo\u0161anu, cen\u0161oties pied\u0101v\u0101t lab\u0101kos tehnolo\u0123iskos risin\u0101jumus medic\u012bnas, tehniski zin\u0101tnisk\u0101s p\u0113tniec\u012bbas un r\u016bpniec\u012bbas nozar\u0113m kopum\u0101.<\/p>","protected":false},"featured_media":15913,"template":"","meta":[],"product_cat":[82,76,103],"product_tag":[256,280,279,281,282],"class_list":{"0":"post-15910","1":"product","2":"type-product","3":"status-publish","4":"has-post-thumbnail","6":"product_brand-lamy-rheology-instruments","7":"product_cat-analitine-iranga","8":"product_cat-laboratorine-iranga","9":"product_cat-reologija","10":"product_tag-lamy-rheology-instruments","11":"product_tag-reometrai","12":"product_tag-rheometers","13":"product_tag-staliniai-reometrai","14":"product_tag-tabletop-rheometers","16":"first","17":"onbackorder","18":"shipping-taxable","19":"purchasable","20":"product-type-variable"},"_links":{"self":[{"href":"https:\/\/labostera.lt\/lv\/wp-json\/wp\/v2\/product\/15910","targetHints":{"allow":["GET"]}}],"collection":[{"href":"https:\/\/labostera.lt\/lv\/wp-json\/wp\/v2\/product"}],"about":[{"href":"https:\/\/labostera.lt\/lv\/wp-json\/wp\/v2\/types\/product"}],"wp:featuredmedia":[{"embeddable":true,"href":"https:\/\/labostera.lt\/lv\/wp-json\/wp\/v2\/media\/15913"}],"wp:attachment":[{"href":"https:\/\/labostera.lt\/lv\/wp-json\/wp\/v2\/media?parent=15910"}],"wp:term":[{"taxonomy":"product_cat","embeddable":true,"href":"https:\/\/labostera.lt\/lv\/wp-json\/wp\/v2\/product_cat?post=15910"},{"taxonomy":"product_tag","embeddable":true,"href":"https:\/\/labostera.lt\/lv\/wp-json\/wp\/v2\/product_tag?post=15910"}],"curies":[{"name":"wp","href":"https:\/\/api.w.org\/{rel}","templated":true}]}}