{"id":15888,"date":"2023-10-17T07:35:06","date_gmt":"2023-10-17T07:35:06","guid":{"rendered":"http:\/\/labostera.lt\/?post_type=product&#038;p=15888"},"modified":"2024-01-17T11:27:00","modified_gmt":"2024-01-17T11:27:00","slug":"industrinis-klampumatis-viskozimetras-lamy-rheology-rm-100-l-industrial-viscometer","status":"publish","type":"product","link":"https:\/\/labostera.lt\/lv\/priemones-ir-iranga\/laboratorine-iranga\/analitine-iranga\/reologija\/industrinis-klampumatis-viskozimetras-lamy-rheology-rm-100-l-industrial-viscometer\/","title":{"rendered":"R\u016bpniecisk\u0101s viskozit\u0101tes viskozimetrs LAMY RHEOLOGY RM 100 L r\u016bpnieciskais viskozimetrs"},"content":{"rendered":"<h2><strong>&quot;LAMY RHEOLOGY Instruments&quot; RM 100 L r\u016bpnieciskais viskozimetrs<\/strong><\/h2>\n<p>R\u016bpniecisk\u0101 viskozit\u0101tes viskozimetra raksturojums:<\/p>\n<ul>\n<li>\u012apa\u0161i izstr\u0101d\u0101ts r\u016bpnieciskiem lietojumiem, \u012bpa\u0161i piem\u0113rots lieto\u0161anai liel\u0101k\u0101s ra\u017eo\u0161anas l\u012bnij\u0101s;<\/li>\n<li>Moderna un lietot\u0101jam draudz\u012bga programm\u0113\u0161anas programmat\u016bra nodro\u0161ina optim\u0101lu kontroli;<\/li>\n<li>Prec\u012bzi m\u0113r\u012bjumi ar tie\u0161iem m\u0113r\u012bjumiem, aptur\u0113\u0161anas taimeri, regresijas anal\u012bzi \u2014 viss tiek par\u0101d\u012bts skaidr\u0101 ekr\u0101n\u0101;<\/li>\n<li>Daudzpus\u012bba \u2014 lietot\u0101ja un blo\u0137\u0113\u0161anas re\u017e\u012bmi nodro\u0161ina j\u016bsu procesu elast\u012bbu;<\/li>\n<li>Datu ierakst\u012b\u0161anas un p\u0101rs\u016bt\u012b\u0161anas iesp\u0113ja, izmantojot USB savienojumu, nodro\u0161inot \u0101tru un efekt\u012bvu datu p\u0101rvald\u012bbu;<\/li>\n<li>\u0112rta integr\u0113ta temperat\u016bras zonde un iesp\u0113ja piesl\u0113gt printeri;<\/li>\n<li>Optim\u0101la sader\u012bba ar RheoTex un LIMS programmat\u016bru;<\/li>\n<li>Ekr\u0101n\u0101 redzamais griezes momenta m\u0113r\u012bt\u0101js nodro\u0161ina papildu kontroli;<\/li>\n<li>\u0100r\u0113jais temperat\u016bras sensors, ko var piel\u0101got j\u016bsu vajadz\u012bb\u0101m;<\/li>\n<li>Kvalit\u0101tes kontroles (KK) ierobe\u017eo\u0161anas funkcija nodro\u0161ina augstu produkta kvalit\u0101ti;<\/li>\n<li>\u013bauj att\u0113lot viskozit\u0101tes robe\u017eas, pamatojoties uz kust\u012bbu un \u0101trumu, nodro\u0161inot detaliz\u0113t\u0101ku anal\u012bzi.<\/li>\n<\/ul>\n<h3>R\u016bpniecisk\u0101s viskozit\u0101tes viskozimetri \u2013 <a href=\"http:\/\/labostera.lt\/lv\/product-brand\/lamy-rheology-instruments\/\" target=\"_blank\" rel=\"noopener\">Lamy reolo\u0123ijas instrumenti<\/a> 100 l RM.<\/h3>\n<p>Vair\u0101k inform\u0101cijas: <strong><a href=\"https:\/\/www.lamyrheology.com\/EN\/produits\/rm-100-l\/\" target=\"_blank\" rel=\"noopener nofollow\">ra\u017eot\u0101ja t\u012bmek\u013ca vietn\u0113<\/a><\/strong> vai nos\u016btiet mums piepras\u012bjumu!<\/p>","protected":false},"excerpt":{"rendered":"<p><strong>Pied\u0101v\u0101jam pla\u0161u viskozit\u0101tes viskozimetru izv\u0113li no Francijas ra\u017eot\u0101ja &quot;LAMY RHEOLOGY Instruments&quot;<\/strong>, kura uz\u0146\u0113mums koncentr\u0113jas uz produktu un procesu efektivit\u0101tes nep\u0101rtrauktu uzlabo\u0161anu, cen\u0161oties pied\u0101v\u0101t lab\u0101kos tehnolo\u0123iskos risin\u0101jumus medic\u012bnas, tehniski zin\u0101tnisk\u0101s p\u0113tniec\u012bbas un r\u016bpniec\u012bbas nozar\u0113m kopum\u0101.<\/p>","protected":false},"featured_media":15890,"template":"","meta":[],"product_cat":[82,76,103],"product_tag":[276,278,277,264,256,258,257],"class_list":{"0":"post-15888","1":"product","2":"type-product","3":"status-publish","4":"has-post-thumbnail","6":"product_cat-analitine-iranga","7":"product_cat-laboratorine-iranga","8":"product_cat-reologija","9":"product_tag-industrial-viscometers","10":"product_tag-industriniai-klampumaciai","11":"product_tag-industriniai-viskozimetrai","12":"product_tag-klampumaciai","13":"product_tag-lamy-rheology-instruments","14":"product_tag-viscometers","15":"product_tag-viskozimetrai","17":"first","18":"onbackorder","19":"shipping-taxable","20":"purchasable","21":"product-type-variable"},"_links":{"self":[{"href":"https:\/\/labostera.lt\/lv\/wp-json\/wp\/v2\/product\/15888","targetHints":{"allow":["GET"]}}],"collection":[{"href":"https:\/\/labostera.lt\/lv\/wp-json\/wp\/v2\/product"}],"about":[{"href":"https:\/\/labostera.lt\/lv\/wp-json\/wp\/v2\/types\/product"}],"wp:featuredmedia":[{"embeddable":true,"href":"https:\/\/labostera.lt\/lv\/wp-json\/wp\/v2\/media\/15890"}],"wp:attachment":[{"href":"https:\/\/labostera.lt\/lv\/wp-json\/wp\/v2\/media?parent=15888"}],"wp:term":[{"taxonomy":"product_cat","embeddable":true,"href":"https:\/\/labostera.lt\/lv\/wp-json\/wp\/v2\/product_cat?post=15888"},{"taxonomy":"product_tag","embeddable":true,"href":"https:\/\/labostera.lt\/lv\/wp-json\/wp\/v2\/product_tag?post=15888"}],"curies":[{"name":"wp","href":"https:\/\/api.w.org\/{rel}","templated":true}]}}