{"id":15887,"date":"2023-10-17T07:27:41","date_gmt":"2023-10-17T07:27:41","guid":{"rendered":"http:\/\/labostera.lt\/?post_type=product&#038;p=15887"},"modified":"2024-01-17T10:46:40","modified_gmt":"2024-01-17T10:46:40","slug":"industrinis-klampumatis-viskozimetras-lamy-rheology-rm-100-i-industrial-viscometer","status":"publish","type":"product","link":"https:\/\/labostera.lt\/lv\/priemones-ir-iranga\/laboratorine-iranga\/analitine-iranga\/reologija\/industrinis-klampumatis-viskozimetras-lamy-rheology-rm-100-i-industrial-viscometer\/","title":{"rendered":"R\u016bpniecisk\u0101s viskozit\u0101tes viskozimetrs LAMY RHEOLOGY RM 100 i r\u016bpnieciskais viskozimetrs"},"content":{"rendered":"<h2><strong>\u201e&quot;LAMY RHEOLOGY Instruments&quot; RM 100 i r\u016bpnieciskais viskozimetrs<\/strong><\/h2>\n<p>R\u016bpniecisk\u0101 viskozit\u0101tes viskozimetra raksturojums:<\/p>\n<ul>\n<li>Unik\u0101ls r\u016bpniecisk\u0101s viskozit\u0101tes\/viskozimetra risin\u0101jums;<\/li>\n<li>Paredz\u0113ts r\u016bpnieciskai lieto\u0161anai, prec\u012bzi piepildot liel\u0101kus konteinerus;<\/li>\n<li>Moderna, integr\u0113ta programm\u0113\u0161anas programmat\u016bra;<\/li>\n<li>Tie\u0161a m\u0113r\u012b\u0161ana re\u0101llaik\u0101 ar aptur\u0113\u0161anas taimeri;<\/li>\n<li>Detaliz\u0113ta rezult\u0101tu anal\u012bze, izmantojot regresijas metodi, ar l\u012bknes att\u0113lo\u0161anu ekr\u0101n\u0101;<\/li>\n<li>Lietot\u0101ja un blo\u0137\u0113\u0161anas re\u017e\u012bmi nodro\u0161ina datu dro\u0161\u012bbu un precizit\u0101ti;<\/li>\n<li>\u0112rta datu ierakst\u012b\u0161ana un p\u0101rs\u016bt\u012b\u0161ana, izmantojot USB savienojumu;<\/li>\n<li>Integr\u0113ta temperat\u016bras zonde prec\u012bziem temperat\u016bras m\u0113r\u012bjumiem;<\/li>\n<li>Iesp\u0113ja piesl\u0113gties printerim, nodro\u0161inot rezult\u0101tu ierakst\u012b\u0161anu;<\/li>\n<li>Piln\u012bga sader\u012bba ar RheoTex un LIMS programmat\u016bru;<\/li>\n<li>Ir izveidota papildu funkcionalit\u0101te \u2013 griezes momenta m\u0113r\u012bt\u0101js ekr\u0101n\u0101;<\/li>\n<li>\u0100r\u0113jais temperat\u016bras sensors, iesp\u0113jams iestat\u012bt p\u0113c izv\u0113les;<\/li>\n<li>Kvalit\u0101tes kontroles (KK) ierobe\u017eojumu funkcija, lai nodro\u0161in\u0101tu rezult\u0101tu precizit\u0101ti un atbilst\u012bbu standartiem;<\/li>\n<li>Viegli lietojams, \u013caujot par\u0101d\u012bt viskozit\u0101tes robe\u017eas, pamatojoties uz kust\u012bbu un \u0101trumu.<\/li>\n<\/ul>\n<h3>R\u016bpniecisk\u0101s viskozit\u0101tes viskozimetri \u2013 <a href=\"http:\/\/labostera.lt\/lv\/product-brand\/lamy-rheology-instruments\/\" target=\"_blank\" rel=\"noopener\">Lamy reolo\u0123ijas instrumenti<\/a> 100 RM katrs.<\/h3>\n<p>Vair\u0101k inform\u0101cijas: <strong><a href=\"https:\/\/www.lamyrheology.com\/EN\/produits\/rm-100-i\/\" target=\"_blank\" rel=\"noopener nofollow\">ra\u017eot\u0101ja t\u012bmek\u013ca vietn\u0113<\/a><\/strong> vai nos\u016btiet mums piepras\u012bjumu!<\/p>","protected":false},"excerpt":{"rendered":"<p><strong>Pied\u0101v\u0101jam pla\u0161u viskozit\u0101tes viskozimetru izv\u0113li no Francijas ra\u017eot\u0101ja &quot;LAMY RHEOLOGY Instruments&quot;<\/strong>, kura uz\u0146\u0113mums koncentr\u0113jas uz produktu un procesu efektivit\u0101tes nep\u0101rtrauktu uzlabo\u0161anu, cen\u0161oties pied\u0101v\u0101t lab\u0101kos tehnolo\u0123iskos risin\u0101jumus medic\u012bnas, tehniski zin\u0101tnisk\u0101s p\u0113tniec\u012bbas un r\u016bpniec\u012bbas nozar\u0113m kopum\u0101.<\/p>","protected":false},"featured_media":15889,"template":"","meta":[],"product_cat":[82,76,103],"product_tag":[276,278,277,264,256,258,257],"class_list":{"0":"post-15887","1":"product","2":"type-product","3":"status-publish","4":"has-post-thumbnail","6":"product_brand-lamy-rheology-instruments","7":"product_cat-analitine-iranga","8":"product_cat-laboratorine-iranga","9":"product_cat-reologija","10":"product_tag-industrial-viscometers","11":"product_tag-industriniai-klampumaciai","12":"product_tag-industriniai-viskozimetrai","13":"product_tag-klampumaciai","14":"product_tag-lamy-rheology-instruments","15":"product_tag-viscometers","16":"product_tag-viskozimetrai","18":"first","19":"onbackorder","20":"shipping-taxable","21":"purchasable","22":"product-type-simple"},"_links":{"self":[{"href":"https:\/\/labostera.lt\/lv\/wp-json\/wp\/v2\/product\/15887","targetHints":{"allow":["GET"]}}],"collection":[{"href":"https:\/\/labostera.lt\/lv\/wp-json\/wp\/v2\/product"}],"about":[{"href":"https:\/\/labostera.lt\/lv\/wp-json\/wp\/v2\/types\/product"}],"wp:featuredmedia":[{"embeddable":true,"href":"https:\/\/labostera.lt\/lv\/wp-json\/wp\/v2\/media\/15889"}],"wp:attachment":[{"href":"https:\/\/labostera.lt\/lv\/wp-json\/wp\/v2\/media?parent=15887"}],"wp:term":[{"taxonomy":"product_cat","embeddable":true,"href":"https:\/\/labostera.lt\/lv\/wp-json\/wp\/v2\/product_cat?post=15887"},{"taxonomy":"product_tag","embeddable":true,"href":"https:\/\/labostera.lt\/lv\/wp-json\/wp\/v2\/product_tag?post=15887"}],"curies":[{"name":"wp","href":"https:\/\/api.w.org\/{rel}","templated":true}]}}