{"id":15885,"date":"2023-10-17T07:22:29","date_gmt":"2023-10-17T07:22:29","guid":{"rendered":"http:\/\/labostera.lt\/?post_type=product&#038;p=15885"},"modified":"2024-01-17T09:15:11","modified_gmt":"2024-01-17T09:15:11","slug":"nesiojamas-klampumatis-viskozimetras-lamy-rheology-rm-100-portable-viscometer","status":"publish","type":"product","link":"https:\/\/labostera.lt\/lv\/priemones-ir-iranga\/laboratorine-iranga\/analitine-iranga\/reologija\/nesiojamas-klampumatis-viskozimetras-lamy-rheology-rm-100-portable-viscometer\/","title":{"rendered":"P\u0101rn\u0113s\u0101jamais viskozit\u0101tes viskozimetrs LAMY RHEOLOGY RM 100 p\u0101rn\u0113s\u0101jamais viskozimetrs"},"content":{"rendered":"<h2><strong>\u201eLAMY RHEOLOGY instrumentu p\u0101rn\u0113s\u0101jamais RM 100 viskozimetrs<\/strong><\/h2>\n<p>P\u0101rn\u0113s\u0101jam\u0101 viskozit\u0101tes viskozimetra raksturojums:<\/p>\n<ul>\n<li>Integr\u0113ta programm\u0113\u0161anas programmat\u016bra, kas sniegs jums pla\u0161as iesp\u0113jas viskozit\u0101tes indikatoru m\u0113r\u012b\u0161anai un anal\u012bzei;<\/li>\n<li>Tie\u0161ie m\u0113r\u012bjumi ar aptur\u0113\u0161anas taimeri apvienojum\u0101 ar regresijas anal\u012bzi un l\u012bknes att\u0113lo\u0161anu ekr\u0101n\u0101 \u2013 viss nepiecie\u0161amais prec\u012bzu rezult\u0101tu ieg\u016b\u0161anai;<\/li>\n<li>Lietot\u0101ja un blo\u0137\u0113\u0161anas re\u017e\u012bmi nodro\u0161in\u0101s \u0113rt\u012bbas un dro\u0161\u012bbu ier\u012bces lieto\u0161anas laik\u0101;<\/li>\n<li>Datu ierakst\u012b\u0161anas un p\u0101rs\u016bt\u012b\u0161anas iesp\u0113ja, izmantojot USB savienojumu \u2013 \u0101tra un \u0113rta datu p\u0101rvald\u012bba;<\/li>\n<li>Integr\u0113ta temperat\u016bras zonde, kas nodro\u0161ina papildu m\u0113r\u012b\u0161anas dimensiju;<\/li>\n<li>Iesp\u0113ja piesl\u0113gt printeri \u2013 efekt\u012bva datu dokument\u0113\u0161ana;<\/li>\n<li>Sader\u012bba ar RheoTex un LIMS programmat\u016bru \u2013 j\u016bsu darbpl\u016bsmas optimiz\u0101cija;<\/li>\n<li>Griezes momenta m\u0113r\u012bt\u0101js ekr\u0101n\u0101 \u2013 visaptvero\u0161s r\u012bks j\u016bsu rok\u0101s;<\/li>\n<li>\u0100r\u0113jais temperat\u016bras sensors (p\u0113c izv\u0113les) \u2013 v\u0113l liel\u0101ka m\u0113r\u012bjumu precizit\u0101te;<\/li>\n<li>Kvalit\u0101tes kontroles (KK) robe\u017efunkcija \u2013 nodro\u0161ina rezult\u0101tu ticam\u012bbu;<\/li>\n<li>\u013bauj att\u0113lot viskozit\u0101tes robe\u017eas, pamatojoties uz kust\u012bbu un \u0101trumu \u2014 v\u0113l viena unik\u0101la \u0161\u012bs ier\u012bces funkcija.<\/li>\n<\/ul>\n<p>P\u0101rn\u0113s\u0101jam\u0101 RM 100 ier\u012bce pied\u0101v\u0101 piln\u012bgi jaunas iesp\u0113jas p\u0101rvietoties l\u012bdzi eksperimentiem un nodro\u0161in\u0101t kvalitat\u012bvus rezult\u0101tus.<\/p>\n<h3>P\u0101rn\u0113s\u0101jamie viskozit\u0101tes viskozimetri \u2013 <a href=\"http:\/\/labostera.lt\/lv\/product-brand\/lamy-rheology-instruments\/\" target=\"_blank\" rel=\"noopener\">Lamy reolo\u0123ijas instrumenti<\/a> P\u0101rn\u0113s\u0101jams RM 100.<\/h3>\n<p>Vair\u0101k inform\u0101cijas: <strong><a href=\"https:\/\/www.lamyrheology.com\/EN\/produits\/rm-100-portable\/\" target=\"_blank\" rel=\"noopener nofollow\">ra\u017eot\u0101ja t\u012bmek\u013ca vietn\u0113<\/a><\/strong> vai nos\u016btiet mums piepras\u012bjumu!<\/p>","protected":false},"excerpt":{"rendered":"<p><strong>Pied\u0101v\u0101jam pla\u0161u viskozit\u0101tes viskozimetru izv\u0113li no Francijas ra\u017eot\u0101ja &quot;LAMY RHEOLOGY Instruments&quot;<\/strong>, kura uz\u0146\u0113mums koncentr\u0113jas uz produktu un procesu efektivit\u0101tes nep\u0101rtrauktu uzlabo\u0161anu, cen\u0161oties pied\u0101v\u0101t lab\u0101kos tehnolo\u0123iskos risin\u0101jumus medic\u012bnas, tehniski zin\u0101tnisk\u0101s p\u0113tniec\u012bbas un r\u016bpniec\u012bbas nozar\u0113m kopum\u0101.<\/p>","protected":false},"featured_media":15886,"template":"","meta":[],"product_cat":[82,76,103],"product_tag":[264,256,269,270,271,258,257],"class_list":{"0":"post-15885","1":"product","2":"type-product","3":"status-publish","4":"has-post-thumbnail","6":"product_brand-lamy-rheology-instruments","7":"product_cat-analitine-iranga","8":"product_cat-laboratorine-iranga","9":"product_cat-reologija","10":"product_tag-klampumaciai","11":"product_tag-lamy-rheology-instruments","12":"product_tag-nesiojami-klampumaciai","13":"product_tag-nesiojami-viskozimetrai","14":"product_tag-portable-viscometers","15":"product_tag-viscometers","16":"product_tag-viskozimetrai","18":"first","19":"onbackorder","20":"shipping-taxable","21":"purchasable","22":"product-type-simple"},"_links":{"self":[{"href":"https:\/\/labostera.lt\/lv\/wp-json\/wp\/v2\/product\/15885","targetHints":{"allow":["GET"]}}],"collection":[{"href":"https:\/\/labostera.lt\/lv\/wp-json\/wp\/v2\/product"}],"about":[{"href":"https:\/\/labostera.lt\/lv\/wp-json\/wp\/v2\/types\/product"}],"wp:featuredmedia":[{"embeddable":true,"href":"https:\/\/labostera.lt\/lv\/wp-json\/wp\/v2\/media\/15886"}],"wp:attachment":[{"href":"https:\/\/labostera.lt\/lv\/wp-json\/wp\/v2\/media?parent=15885"}],"wp:term":[{"taxonomy":"product_cat","embeddable":true,"href":"https:\/\/labostera.lt\/lv\/wp-json\/wp\/v2\/product_cat?post=15885"},{"taxonomy":"product_tag","embeddable":true,"href":"https:\/\/labostera.lt\/lv\/wp-json\/wp\/v2\/product_tag?post=15885"}],"curies":[{"name":"wp","href":"https:\/\/api.w.org\/{rel}","templated":true}]}}