{"id":15878,"date":"2023-10-17T06:34:15","date_gmt":"2023-10-17T06:34:15","guid":{"rendered":"http:\/\/labostera.lt\/?post_type=product&#038;p=15878"},"modified":"2024-01-17T08:53:25","modified_gmt":"2024-01-17T08:53:25","slug":"nesiojamas-klampumatis-viskozimetras-lamy-rheology-b-one-portable-viscometer","status":"publish","type":"product","link":"https:\/\/labostera.lt\/lv\/priemones-ir-iranga\/laboratorine-iranga\/analitine-iranga\/reologija\/nesiojamas-klampumatis-viskozimetras-lamy-rheology-b-one-portable-viscometer\/","title":{"rendered":"P\u0101rn\u0113s\u0101jamais viskozit\u0101tes viskozimetrs LAMY RHEOLOGY B-One p\u0101rn\u0113s\u0101jamais viskozimetrs"},"content":{"rendered":"<h2><strong>LAMY RHEOLOGY Instruments p\u0101rn\u0113s\u0101jamais B-One viskozimetrs<\/strong><\/h2>\n<p>P\u0101rn\u0113s\u0101jam\u0101 viskozit\u0101tes viskozimetra raksturojums:<\/p>\n<ul>\n<li>Uzl\u0101des indikators \u2014 \u0161\u012b p\u0101rn\u0113s\u0101jam\u0101 ier\u012bce ir ne tikai funkcion\u0101la, bet ar\u012b viegli uzl\u0101d\u0113jama, nodro\u0161inot maksim\u0101lu lieto\u0161anas laiku.<\/li>\n<li>Tie\u0161ie m\u0113r\u012bjumi ar hronometru \u2014 prec\u012bzu m\u0113r\u012bjumu ieg\u016b\u0161ana v\u0113l nekad nav bijusi tik vienk\u0101r\u0161a.<\/li>\n<li>Lietot\u0101ja un blo\u0137\u0113\u0161anas re\u017e\u012bms \u2014 izv\u0113lieties re\u017e\u012bmu atbilsto\u0161i sav\u0101m vajadz\u012bb\u0101m, nodro\u0161inot datu dro\u0161\u012bbu un precizit\u0101ti.<\/li>\n<li>Datu ierakst\u012b\u0161ana un p\u0101rs\u016bt\u012b\u0161anas iesp\u0113ja, izmantojot USB savienojumu \u2014 vienk\u0101r\u0161a datu p\u0101rvald\u012bba un p\u0101rnesam\u012bba k\u013c\u016bst par realit\u0101ti.<\/li>\n<li>Griezes momenta m\u0113r\u012bt\u0101js ekr\u0101n\u0101 \u2014 uzraugiet griezes momentu ekr\u0101na tie\u0161raides skat\u0101.<\/li>\n<li>\u0100r\u0113jais temperat\u016bras sensors (p\u0113c izv\u0113les) \u2014 piel\u0101gojiet m\u0113r\u012bjumus apk\u0101rt\u0113j\u0101s vides apst\u0101k\u013ciem.<\/li>\n<li>\u013bauj att\u0113lot viskozit\u0101tes robe\u017eas, pamatojoties uz kust\u012bbu un \u0101trumu \u2014 prec\u012bza anal\u012bze sniedz vair\u0101k inform\u0101cijas par materi\u0101la \u012bpa\u0161\u012bb\u0101m.<\/li>\n<\/ul>\n<p>\u0160\u012b p\u0101rn\u0113s\u0101jam\u0101 B-One rokas ier\u012bce ir lieliska izv\u0113le efekt\u012bvas produktu un procesu p\u0101rvald\u012bbas nodro\u0161in\u0101\u0161anai. Saprotiet, k\u0101 \u0161\u012b ier\u012bce var veicin\u0101t j\u016bsu r\u016bpniecisk\u0101 procesa efektivit\u0101ti!<\/p>\n<h3>P\u0101rn\u0113s\u0101jamie viskozit\u0101tes viskozimetri \u2013 <a href=\"http:\/\/labostera.lt\/lv\/product-brand\/lamy-rheology-instruments\/\" target=\"_blank\" rel=\"noopener\">Lamy reolo\u0123ijas instrumenti<\/a> P\u0101rn\u0113s\u0101jams B-One.<\/h3>\n<p>Vair\u0101k inform\u0101cijas: <strong><a href=\"https:\/\/www.lamyrheology.com\/EN\/produits\/b-one-portable\/\" target=\"_blank\" rel=\"noopener nofollow\">ra\u017eot\u0101ja t\u012bmek\u013ca vietn\u0113<\/a><\/strong> vai nos\u016btiet mums piepras\u012bjumu!<\/p>","protected":false},"excerpt":{"rendered":"<p><strong>Pied\u0101v\u0101jam pla\u0161u viskozit\u0101tes viskozimetru izv\u0113li no Francijas ra\u017eot\u0101ja &quot;LAMY RHEOLOGY Instruments&quot;<\/strong>, kura uz\u0146\u0113mums koncentr\u0113jas uz produktu un procesu efektivit\u0101tes nep\u0101rtrauktu uzlabo\u0161anu, cen\u0161oties pied\u0101v\u0101t lab\u0101kos tehnolo\u0123iskos risin\u0101jumus medic\u012bnas, tehniski zin\u0101tnisk\u0101s p\u0113tniec\u012bbas un r\u016bpniec\u012bbas nozar\u0113m kopum\u0101.<\/p>","protected":false},"featured_media":15884,"template":"","meta":[],"product_cat":[82,76,103],"product_tag":[264,256,269,270,271,258,257],"class_list":{"0":"post-15878","1":"product","2":"type-product","3":"status-publish","4":"has-post-thumbnail","6":"product_brand-lamy-rheology-instruments","7":"product_cat-analitine-iranga","8":"product_cat-laboratorine-iranga","9":"product_cat-reologija","10":"product_tag-klampumaciai","11":"product_tag-lamy-rheology-instruments","12":"product_tag-nesiojami-klampumaciai","13":"product_tag-nesiojami-viskozimetrai","14":"product_tag-portable-viscometers","15":"product_tag-viscometers","16":"product_tag-viskozimetrai","18":"first","19":"onbackorder","20":"shipping-taxable","21":"purchasable","22":"product-type-simple"},"_links":{"self":[{"href":"https:\/\/labostera.lt\/lv\/wp-json\/wp\/v2\/product\/15878","targetHints":{"allow":["GET"]}}],"collection":[{"href":"https:\/\/labostera.lt\/lv\/wp-json\/wp\/v2\/product"}],"about":[{"href":"https:\/\/labostera.lt\/lv\/wp-json\/wp\/v2\/types\/product"}],"wp:featuredmedia":[{"embeddable":true,"href":"https:\/\/labostera.lt\/lv\/wp-json\/wp\/v2\/media\/15884"}],"wp:attachment":[{"href":"https:\/\/labostera.lt\/lv\/wp-json\/wp\/v2\/media?parent=15878"}],"wp:term":[{"taxonomy":"product_cat","embeddable":true,"href":"https:\/\/labostera.lt\/lv\/wp-json\/wp\/v2\/product_cat?post=15878"},{"taxonomy":"product_tag","embeddable":true,"href":"https:\/\/labostera.lt\/lv\/wp-json\/wp\/v2\/product_tag?post=15878"}],"curies":[{"name":"wp","href":"https:\/\/api.w.org\/{rel}","templated":true}]}}