{"id":15869,"date":"2023-10-16T14:03:34","date_gmt":"2023-10-16T14:03:34","guid":{"rendered":"http:\/\/labostera.lt\/?post_type=product&#038;p=15869"},"modified":"2024-01-17T08:46:34","modified_gmt":"2024-01-17T08:46:34","slug":"klampumatis-viskozimetras-geltimeris-lamy-rheology-gt-300-prodig-viscometer-geltimeter","status":"publish","type":"product","link":"https:\/\/labostera.lt\/lv\/priemones-ir-iranga\/laboratorine-iranga\/analitine-iranga\/reologija\/klampumatis-viskozimetras-geltimeris-lamy-rheology-gt-300-prodig-viscometer-geltimeter\/","title":{"rendered":"Viskozit\u0101tes viskozimetrs Geltimetrs LAMY RHEOLOGY GT-300 ProDig viskozimetrs Geltimetrs"},"content":{"rendered":"<h2><strong>LAMY RHEOLOGY Instruments GT-300 ProDig galda viskozimetrs geltimers<\/strong><\/h2>\n<p>Bench viskozimetra geltimera raksturojums:<\/p>\n<ul>\n<li><strong>Integr\u0113ta programm\u0113\u0161anas programmat\u016bra:<\/strong> GT-300 ProDig ne tikai \u013cauj izm\u0113r\u012bt viskozit\u0101ti, bet ar\u012b to programm\u0113t, nodro\u0161inot optim\u0101lu procesa kontroli.<\/li>\n<li><strong>Tie\u0161s m\u0113r\u012bjums ar aptur\u0113\u0161anas taimeri:<\/strong> Uzticam\u0101 tie\u0161\u0101s m\u0113r\u012b\u0161anas metode apvienojum\u0101 ar hronometru nodro\u0161ina prec\u012bzus rezult\u0101tus un augstu m\u0113r\u012bjumu ticam\u012bbas varb\u016bt\u012bbu.<\/li>\n<li><strong>Regresijas anal\u012bze un l\u012bknes att\u0113lo\u0161ana ekr\u0101n\u0101:<\/strong> GT-300 ProDig \u013cauj veikt detaliz\u0113tu viskozit\u0101tes un viskozit\u0101tes izmai\u0146u anal\u012bzi, k\u0101 ar\u012b grafiski att\u0113lo rezult\u0101tus, nodro\u0161inot skaidru vizu\u0101lu priek\u0161statu.<\/li>\n<li><strong>Tie\u0161a temperat\u016bras kontrole:<\/strong> \u0160is viskozit\u0101tes modelis ir apr\u012bkots ar tie\u0161as temperat\u016bras kontroles funkciju, nodro\u0161inot darba apst\u0101k\u013cu stabilit\u0101ti un rezult\u0101tu precizit\u0101ti.<\/li>\n<li><strong>Integr\u0113ta temperat\u016bras zonde:<\/strong> GT-300 ProDig ietver temperat\u016bras zondi, kas pal\u012bdz prec\u012bzi izm\u0113r\u012bt un regul\u0113t apk\u0101rt\u0113j\u0101s vides temperat\u016bru.<\/li>\n<li><strong>Sader\u012bba ar LIMS programmat\u016bru:<\/strong> Produkts viegli integr\u0113jas ar laboratorijas inform\u0101cijas p\u0101rvald\u012bbas sist\u0113mu, nodro\u0161inot optim\u0101lu datu p\u0101rvald\u012bbu un izseko\u0161anu.<\/li>\n<li><strong>Griezes momenta m\u0113r\u012bt\u0101js ekr\u0101n\u0101:<\/strong> GT-300 ProDig ekr\u0101n\u0101 att\u0113lo griezes momenta m\u0113r\u012bjumus, sniedzot papildu inform\u0101ciju par m\u0113r\u012b\u0161anas procesu.<\/li>\n<li><strong>Kvalit\u0101tes kontroles (KK) robe\u017efunkcija:<\/strong> Produkts nodro\u0161ina iesp\u0113ju noteikt un kontrol\u0113t kvalit\u0101tes ierobe\u017eojumus, nodro\u0161inot, ka produkti atbilst noteiktajiem standartiem.<\/li>\n<\/ul>\n<h3>Galda viskozit\u0101tes viskozimetri un gelimetri \u2013 <a href=\"http:\/\/labostera.lt\/lv\/product-brand\/lamy-rheology-instruments\/\" target=\"_blank\" rel=\"noopener\">Lamy reolo\u0123ijas instrumenti<\/a> GT-300 ProDig.<\/h3>\n<p>Vair\u0101k inform\u0101cijas: <strong><a href=\"https:\/\/www.lamyrheology.com\/EN\/produits\/gt-300-prodig\/\" target=\"_blank\" rel=\"noopener nofollow\">ra\u017eot\u0101ja t\u012bmek\u013ca vietn\u0113<\/a><\/strong> vai nos\u016btiet mums piepras\u012bjumu!<\/p>","protected":false},"excerpt":{"rendered":"<p><strong>Pied\u0101v\u0101jam pla\u0161u viskozit\u0101tes viskozimetru izv\u0113li no Francijas ra\u017eot\u0101ja &quot;LAMY RHEOLOGY Instruments&quot;<\/strong>, kura uz\u0146\u0113mums koncentr\u0113jas uz produktu un procesu efektivit\u0101tes nep\u0101rtrauktu uzlabo\u0161anu, cen\u0161oties pied\u0101v\u0101t lab\u0101kos tehnolo\u0123iskos risin\u0101jumus medic\u012bnas, tehniski zin\u0101tnisk\u0101s p\u0113tniec\u012bbas un r\u016bpniec\u012bbas nozar\u0113m kopum\u0101.<\/p>","protected":false},"featured_media":15877,"template":"","meta":[],"product_cat":[82,76,103],"product_tag":[262,261,264,256,268,263,265,267,266,258,257],"class_list":{"0":"post-15869","1":"product","2":"type-product","3":"status-publish","4":"has-post-thumbnail","6":"product_brand-lamy-rheology-instruments","7":"product_cat-analitine-iranga","8":"product_cat-laboratorine-iranga","9":"product_cat-reologija","10":"product_tag-geltimeriai","11":"product_tag-geltimers","12":"product_tag-klampumaciai","13":"product_tag-lamy-rheology-instruments","14":"product_tag-staliniai-geltimeriai","15":"product_tag-staliniai-klampumaciai","16":"product_tag-staliniai-viskozimetrai","17":"product_tag-tabletop-geltimers","18":"product_tag-tabletop-viscometers","19":"product_tag-viscometers","20":"product_tag-viskozimetrai","22":"first","23":"onbackorder","24":"shipping-taxable","25":"purchasable","26":"product-type-variable"},"_links":{"self":[{"href":"https:\/\/labostera.lt\/lv\/wp-json\/wp\/v2\/product\/15869","targetHints":{"allow":["GET"]}}],"collection":[{"href":"https:\/\/labostera.lt\/lv\/wp-json\/wp\/v2\/product"}],"about":[{"href":"https:\/\/labostera.lt\/lv\/wp-json\/wp\/v2\/types\/product"}],"wp:featuredmedia":[{"embeddable":true,"href":"https:\/\/labostera.lt\/lv\/wp-json\/wp\/v2\/media\/15877"}],"wp:attachment":[{"href":"https:\/\/labostera.lt\/lv\/wp-json\/wp\/v2\/media?parent=15869"}],"wp:term":[{"taxonomy":"product_cat","embeddable":true,"href":"https:\/\/labostera.lt\/lv\/wp-json\/wp\/v2\/product_cat?post=15869"},{"taxonomy":"product_tag","embeddable":true,"href":"https:\/\/labostera.lt\/lv\/wp-json\/wp\/v2\/product_tag?post=15869"}],"curies":[{"name":"wp","href":"https:\/\/api.w.org\/{rel}","templated":true}]}}