{"id":15859,"date":"2023-10-16T12:20:08","date_gmt":"2023-10-16T12:20:08","guid":{"rendered":"http:\/\/labostera.lt\/?post_type=product&#038;p=15859"},"modified":"2024-01-17T08:37:42","modified_gmt":"2024-01-17T08:37:42","slug":"klampumatis-viskozimetras-geltimeris-lamy-rheology-gt-300-plus-viscometer-geltimeter","status":"publish","type":"product","link":"https:\/\/labostera.lt\/lv\/priemones-ir-iranga\/laboratorine-iranga\/analitine-iranga\/reologija\/klampumatis-viskozimetras-geltimeris-lamy-rheology-gt-300-plus-viscometer-geltimeter\/","title":{"rendered":"Viskozit\u0101tes viskozimetrs Geltimetrs LAMY RHEOLOGY GT-300 Plus viskozimetrs Geltimetrs"},"content":{"rendered":"<h2><strong>LAMY RHEOLOGY Instruments GT-300 Plus galda viskozimetrs viskozimetrs geltimers<\/strong><\/h2>\n<p>Bench viskozimetra geltimera raksturojums:<\/p>\n<ul>\n<li><strong>Integr\u0113ta programm\u0113\u0161anas programmat\u016bra:<\/strong> GT-300 Plus pied\u0101v\u0101 pla\u0161as programm\u0113\u0161anas iesp\u0113jas, kas \u013cauj pareizi konfigur\u0113t m\u0113r\u012bjumu parametrus atbilsto\u0161i j\u016bsu vajadz\u012bb\u0101m.<\/li>\n<li><strong>Tie\u0161a temperat\u016bras kontrole:<\/strong> Lai ieg\u016btu ticamus un konsekventus rezult\u0101tus, nodro\u0161iniet optim\u0101lu temperat\u016bru m\u0113r\u012b\u0161anas apst\u0101k\u013ciem.<\/li>\n<li><strong>Integr\u0113ta temperat\u016bras zonde:<\/strong> \u0160\u012b funkcija \u013cauj prec\u012bzi izm\u0113r\u012bt temperat\u016bru m\u0113r\u012b\u0161anas procesa laik\u0101, nodro\u0161inot v\u0113l liel\u0101ku rezult\u0101tu precizit\u0101ti.<\/li>\n<li><strong>Sader\u012bba ar LIMS programmat\u016bru:<\/strong> GT-300 Plus \u013cauj \u0113rti p\u0101rs\u016bt\u012bt un analiz\u0113t m\u0113r\u012bjumu datus, izmantojot laboratorijas inform\u0101cijas sist\u0113mu (LIMS), optimiz\u0113jot p\u0113t\u012bjumu pl\u016bsmu.<\/li>\n<li><strong>Griezes momenta m\u0113r\u012bt\u0101js ekr\u0101n\u0101:<\/strong> \u0112rtais m\u0113rier\u012bces displejs \u013cauj re\u0101llaik\u0101 uzraudz\u012bt griezes momenta izmai\u0146as, sniedzot parauga st\u0101vok\u013ca nov\u0113rt\u0113jumu.<\/li>\n<li><strong>Kvalit\u0101tes kontroles (KK) robe\u017efunkcija:<\/strong> Ieviest\u0101s kvalit\u0101tes kontroles robe\u017eas nodro\u0161ina, ka ieg\u016bt\u0101s v\u0113rt\u012bbas atbilst paredz\u0113tajiem standartiem, nodro\u0161inot rezult\u0101tu ticam\u012bbu un sal\u012bdzin\u0101m\u012bbu.<\/li>\n<\/ul>\n<p>GT-300 Plus ir lieliska izv\u0113le tiem, kas mekl\u0113 augst\u0101ko viskozit\u0101tes un viskozit\u0101tes m\u0113r\u012b\u0161anas standartu. Ar \u0161o ier\u012bci j\u016bs var\u0113siet prec\u012bzi kontrol\u0113t savus m\u0113r\u012bjumus un uztic\u0113ties sa\u0146emtaj\u0101m v\u0113rt\u012bb\u0101m.<\/p>\n<h3>Galda viskozit\u0101tes viskozimetri un gelimetri \u2013 <a href=\"http:\/\/labostera.lt\/lv\/product-brand\/lamy-rheology-instruments\/\" target=\"_blank\" rel=\"noopener\">Lamy reolo\u0123ijas instrumenti<\/a> GT-300 Plus.<\/h3>\n<p>Vair\u0101k inform\u0101cijas: <strong><a href=\"https:\/\/www.lamyrheology.com\/EN\/produits\/gt-300-plus\/\" target=\"_blank\" rel=\"noopener nofollow\">ra\u017eot\u0101ja t\u012bmek\u013ca vietn\u0113<\/a><\/strong> vai nos\u016btiet mums piepras\u012bjumu!<\/p>","protected":false},"excerpt":{"rendered":"<p><strong>Pied\u0101v\u0101jam pla\u0161u viskozit\u0101tes viskozimetru izv\u0113li no Francijas ra\u017eot\u0101ja &quot;LAMY RHEOLOGY Instruments&quot;<\/strong>, kura uz\u0146\u0113mums koncentr\u0113jas uz produktu un procesu efektivit\u0101tes nep\u0101rtrauktu uzlabo\u0161anu, cen\u0161oties pied\u0101v\u0101t lab\u0101kos tehnolo\u0123iskos risin\u0101jumus medic\u012bnas, tehniski zin\u0101tnisk\u0101s p\u0113tniec\u012bbas un r\u016bpniec\u012bbas nozar\u0113m kopum\u0101.<\/p>","protected":false},"featured_media":15868,"template":"","meta":[],"product_cat":[82,76,103],"product_tag":[262,261,264,256,268,263,265,267,266,258,257],"class_list":{"0":"post-15859","1":"product","2":"type-product","3":"status-publish","4":"has-post-thumbnail","6":"product_brand-lamy-rheology-instruments","7":"product_cat-analitine-iranga","8":"product_cat-laboratorine-iranga","9":"product_cat-reologija","10":"product_tag-geltimeriai","11":"product_tag-geltimers","12":"product_tag-klampumaciai","13":"product_tag-lamy-rheology-instruments","14":"product_tag-staliniai-geltimeriai","15":"product_tag-staliniai-klampumaciai","16":"product_tag-staliniai-viskozimetrai","17":"product_tag-tabletop-geltimers","18":"product_tag-tabletop-viscometers","19":"product_tag-viscometers","20":"product_tag-viskozimetrai","22":"first","23":"onbackorder","24":"shipping-taxable","25":"purchasable","26":"product-type-variable"},"_links":{"self":[{"href":"https:\/\/labostera.lt\/lv\/wp-json\/wp\/v2\/product\/15859","targetHints":{"allow":["GET"]}}],"collection":[{"href":"https:\/\/labostera.lt\/lv\/wp-json\/wp\/v2\/product"}],"about":[{"href":"https:\/\/labostera.lt\/lv\/wp-json\/wp\/v2\/types\/product"}],"wp:featuredmedia":[{"embeddable":true,"href":"https:\/\/labostera.lt\/lv\/wp-json\/wp\/v2\/media\/15868"}],"wp:attachment":[{"href":"https:\/\/labostera.lt\/lv\/wp-json\/wp\/v2\/media?parent=15859"}],"wp:term":[{"taxonomy":"product_cat","embeddable":true,"href":"https:\/\/labostera.lt\/lv\/wp-json\/wp\/v2\/product_cat?post=15859"},{"taxonomy":"product_tag","embeddable":true,"href":"https:\/\/labostera.lt\/lv\/wp-json\/wp\/v2\/product_tag?post=15859"}],"curies":[{"name":"wp","href":"https:\/\/api.w.org\/{rel}","templated":true}]}}