{"id":15846,"date":"2023-10-16T11:47:58","date_gmt":"2023-10-16T11:47:58","guid":{"rendered":"http:\/\/labostera.lt\/?post_type=product&#038;p=15846"},"modified":"2024-01-17T08:07:38","modified_gmt":"2024-01-17T08:07:38","slug":"klampumatis-viskozimetras-lamy-rheology-rm-100-cp-1000-plus-viscometer","status":"publish","type":"product","link":"https:\/\/labostera.lt\/lv\/priemones-ir-iranga\/laboratorine-iranga\/analitine-iranga\/reologija\/klampumatis-viskozimetras-lamy-rheology-rm-100-cp-1000-plus-viscometer\/","title":{"rendered":"Viskozit\u0101tes viskozimetrs LAMY RHEOLOGY RM 100 CP-1000 Plus viskozimetrs"},"content":{"rendered":"<h2><strong>LAMY RHEOLOGY Instruments RM 100 CP-1000 Plus galda viskozimetrs<\/strong><\/h2>\n<p>Bench viskozimetra raksturlielumi:<\/p>\n<ul>\n<li>Stat\u012bvs ar 70 mm pamatni nodro\u0161ina stabilit\u0101ti un uzticam\u012bbu;<\/li>\n<li>Integr\u0113ta programm\u0113\u0161anas programmat\u016bra nodro\u0161ina vair\u0101k iesp\u0113ju un vad\u012bbas elementu;<\/li>\n<li>Tie\u0161a m\u0113r\u012b\u0161ana ar hronometru nodro\u0161ina prec\u012bzus rezult\u0101tus;<\/li>\n<li>Lietot\u0101ja un blo\u0137\u0113\u0161anas re\u017e\u012bmi sniedz jums piln\u012bgu kontroli;<\/li>\n<li>Datu ierakst\u012b\u0161ana un p\u0101rs\u016bt\u012b\u0161ana, izmantojot USB savienojumu \u2013 vienk\u0101r\u0161s un \u0113rts veids, k\u0101 p\u0101rvald\u012bt datus;<\/li>\n<li>Integr\u0113t\u0101 temperat\u016bras zonde nodro\u0161ina, ka m\u0113r\u012bjumi tiek veikti optim\u0101los apst\u0101k\u013cos;<\/li>\n<li>Iesp\u0113ja piesl\u0113gt printeri nodro\u0161ina papildu funkcionalit\u0101ti;<\/li>\n<li>Sader\u012bba ar RheoTex un LIMS programmat\u016bru nodro\u0161ina ier\u012bces neman\u0101mu integr\u0101ciju j\u016bsu darba vid\u0113;<\/li>\n<li>Griezes momenta m\u0113r\u012bt\u0101js ekr\u0101n\u0101 \u013cauj \u0113rti uzraudz\u012bt m\u0113r\u012bjumu progresu;<\/li>\n<li>\u0100r\u0113jais temperat\u016bras sensors (p\u0113c izv\u0113les) nodro\u0161ina prec\u012bzu temperat\u016bras regul\u0113\u0161anu;<\/li>\n<li>Kvalit\u0101tes kontroles (KK) robe\u017efunkcija pal\u012bdz nodro\u0161in\u0101t rezult\u0101tu ticam\u012bbu;<\/li>\n<li>\u013bauj att\u0113lot viskozit\u0101tes robe\u017eas, pamatojoties uz kust\u012bbu un \u0101trumu, sniedzot detaliz\u0113t\u0101ku inform\u0101ciju par materi\u0101la \u012bpa\u0161\u012bb\u0101m.<\/li>\n<\/ul>\n<h3>Galda viskozit\u0101tes viskozimetri \u2013 <a href=\"http:\/\/labostera.lt\/lv\/product-brand\/lamy-rheology-instruments\/\" target=\"_blank\" rel=\"noopener\">Lamy reolo\u0123ijas instrumenti<\/a> RM 100 CP-1000 Plus.<\/h3>\n<p>Vair\u0101k inform\u0101cijas: <strong><a href=\"https:\/\/www.lamyrheology.com\/EN\/produits\/rm-100-cp-1000-plus\/\" target=\"_blank\" rel=\"noopener nofollow\">ra\u017eot\u0101ja t\u012bmek\u013ca vietn\u0113<\/a><\/strong> vai nos\u016btiet mums piepras\u012bjumu!<\/p>","protected":false},"excerpt":{"rendered":"<p><strong>Pied\u0101v\u0101jam pla\u0161u viskozit\u0101tes viskozimetru izv\u0113li no Francijas ra\u017eot\u0101ja &quot;LAMY RHEOLOGY Instruments&quot;<\/strong>, kura uz\u0146\u0113mums koncentr\u0113jas uz produktu un procesu efektivit\u0101tes nep\u0101rtrauktu uzlabo\u0161anu, cen\u0161oties pied\u0101v\u0101t lab\u0101kos tehnolo\u0123iskos risin\u0101jumus medic\u012bnas, tehniski zin\u0101tnisk\u0101s p\u0113tniec\u012bbas un r\u016bpniec\u012bbas nozar\u0113m kopum\u0101.<\/p>","protected":false},"featured_media":15847,"template":"","meta":[],"product_cat":[82,76,103],"product_tag":[264,256,263,265,266,258,257],"class_list":{"0":"post-15846","1":"product","2":"type-product","3":"status-publish","4":"has-post-thumbnail","6":"product_brand-lamy-rheology-instruments","7":"product_cat-analitine-iranga","8":"product_cat-laboratorine-iranga","9":"product_cat-reologija","10":"product_tag-klampumaciai","11":"product_tag-lamy-rheology-instruments","12":"product_tag-staliniai-klampumaciai","13":"product_tag-staliniai-viskozimetrai","14":"product_tag-tabletop-viscometers","15":"product_tag-viscometers","16":"product_tag-viskozimetrai","18":"first","19":"onbackorder","20":"shipping-taxable","21":"purchasable","22":"product-type-simple"},"_links":{"self":[{"href":"https:\/\/labostera.lt\/lv\/wp-json\/wp\/v2\/product\/15846","targetHints":{"allow":["GET"]}}],"collection":[{"href":"https:\/\/labostera.lt\/lv\/wp-json\/wp\/v2\/product"}],"about":[{"href":"https:\/\/labostera.lt\/lv\/wp-json\/wp\/v2\/types\/product"}],"wp:featuredmedia":[{"embeddable":true,"href":"https:\/\/labostera.lt\/lv\/wp-json\/wp\/v2\/media\/15847"}],"wp:attachment":[{"href":"https:\/\/labostera.lt\/lv\/wp-json\/wp\/v2\/media?parent=15846"}],"wp:term":[{"taxonomy":"product_cat","embeddable":true,"href":"https:\/\/labostera.lt\/lv\/wp-json\/wp\/v2\/product_cat?post=15846"},{"taxonomy":"product_tag","embeddable":true,"href":"https:\/\/labostera.lt\/lv\/wp-json\/wp\/v2\/product_tag?post=15846"}],"curies":[{"name":"wp","href":"https:\/\/api.w.org\/{rel}","templated":true}]}}