{"id":15840,"date":"2023-10-16T11:26:21","date_gmt":"2023-10-16T11:26:21","guid":{"rendered":"http:\/\/labostera.lt\/?post_type=product&#038;p=15840"},"modified":"2024-01-17T08:01:34","modified_gmt":"2024-01-17T08:01:34","slug":"klampumatis-viskozimetras-lamy-rheology-rm-100-plus-viscometer","status":"publish","type":"product","link":"https:\/\/labostera.lt\/lv\/priemones-ir-iranga\/laboratorine-iranga\/analitine-iranga\/reologija\/klampumatis-viskozimetras-lamy-rheology-rm-100-plus-viscometer\/","title":{"rendered":"Viskozit\u0101tes viskozimetrs LAMY RHEOLOGY RM 100 Plus viskozimetrs"},"content":{"rendered":"<h2><strong>LAMY RHEOLOGY Instruments RM-100 Plus galda viskozimetrs<\/strong><\/h2>\n<p>Bench viskozimetra raksturlielumi:<\/p>\n<ul>\n<li>Integr\u0113t\u0101 programm\u0113\u0161anas programmat\u016bra \u013cauj piln\u012bb\u0101 izmantot visas ier\u012bces funkcijas;<\/li>\n<li>Tie\u0161ie m\u0113r\u012bjumi ar aptur\u0113\u0161anas taimeri, regresijas anal\u012bze un l\u012bknes att\u0113lo\u0161ana ekr\u0101n\u0101 \u2013 tas sniedz detaliz\u0113t\u0101ku inform\u0101ciju par test\u0113jamo materi\u0101lu;<\/li>\n<li>Lietot\u0101ja un blo\u0137\u0113\u0161anas re\u017e\u012bms nodro\u0161ina \u0113rt\u012bbas un dro\u0161\u012bbu, lietojot ier\u012bci;<\/li>\n<li>Datu ierakst\u012b\u0161anas un p\u0101rs\u016bt\u012b\u0161anas iesp\u0113ja, izmantojot USB savienojumu, nodro\u0161ina efekt\u012bvu m\u0113r\u012bjumu datu p\u0101rvald\u012bbu un glab\u0101\u0161anu;<\/li>\n<li>Integr\u0113ta temperat\u016bras zonde nodro\u0161ina prec\u012bzus m\u0113r\u012bjumus da\u017e\u0101d\u0101s temperat\u016br\u0101s;<\/li>\n<li>Iesp\u0113ja piesl\u0113gt printeri \u2013 \u0113rta datu druk\u0101\u0161ana vai arhiv\u0113\u0161ana;<\/li>\n<li>Savietojam\u012bba ar RheoTex un LIMS programmat\u016bru sniedz pla\u0161\u0101kas datu anal\u012bzes iesp\u0113jas;<\/li>\n<li>Griezes momenta m\u0113r\u012bt\u0101js ekr\u0101n\u0101 \u2013 uzraudz\u012bba un vad\u012bba re\u0101llaik\u0101;<\/li>\n<li>\u0100r\u0113jais temperat\u016bras sensors (p\u0113c izv\u0113les) nodro\u0161ina papildu m\u0113r\u012bjumu precizit\u0101ti;<\/li>\n<li>Kvalit\u0101tes kontroles (KK) ierobe\u017eojumu funkcija \u013cauj iestat\u012bt un izsekot svar\u012bgus parametrus;<\/li>\n<li>\u013bauj att\u0113lot viskozit\u0101tes robe\u017eas, pamatojoties uz kust\u012bbu un \u0101trumu, nodro\u0161inot detaliz\u0113tu materi\u0101la elast\u012bbas anal\u012bzi.<\/li>\n<\/ul>\n<p>\u0160\u012b RM-100 Plus ier\u012bce izce\u013cas ne tikai ar sav\u0101m tehnolo\u0123iskaj\u0101m \u012bpa\u0161\u012bb\u0101m, bet ar\u012b ar \u0113rt\u012bb\u0101m un elast\u012bbu, lietojot to ikdienas darb\u0101. Pla\u0161s funkciju kl\u0101sts sniedz visu nepiecie\u0161amo efekt\u012bvai viskozit\u0101tei un viskozit\u0101tes m\u0113r\u012b\u0161anai. Izv\u0113lieties kvalit\u0101ti un uzticam\u012bbu \u2013 izv\u0113lieties LAMY RHEOLOGY Instruments.<\/p>\n<h3>Galda viskozit\u0101tes viskozimetri \u2013 <a href=\"http:\/\/labostera.lt\/lv\/product-brand\/lamy-rheology-instruments\/\" target=\"_blank\" rel=\"noopener\">Lamy reolo\u0123ijas instrumenti<\/a> RM-100 Plus.<\/h3>\n<p>Vair\u0101k inform\u0101cijas: <strong><a href=\"https:\/\/www.lamyrheology.com\/EN\/produits\/rm-100-plus\/\" target=\"_blank\" rel=\"noopener nofollow\">ra\u017eot\u0101ja t\u012bmek\u013ca vietn\u0113<\/a><\/strong> vai nos\u016btiet mums piepras\u012bjumu!<\/p>","protected":false},"excerpt":{"rendered":"<p><strong>Pied\u0101v\u0101jam pla\u0161u viskozit\u0101tes viskozimetru izv\u0113li no Francijas ra\u017eot\u0101ja &quot;LAMY RHEOLOGY Instruments&quot;<\/strong>, kura uz\u0146\u0113mums koncentr\u0113jas uz produktu un procesu efektivit\u0101tes nep\u0101rtrauktu uzlabo\u0161anu, cen\u0161oties pied\u0101v\u0101t lab\u0101kos tehnolo\u0123iskos risin\u0101jumus medic\u012bnas, tehniski zin\u0101tnisk\u0101s p\u0113tniec\u012bbas un r\u016bpniec\u012bbas nozar\u0113m kopum\u0101.<\/p>","protected":false},"featured_media":15845,"template":"","meta":[],"product_cat":[82,76,103],"product_tag":[264,256,263,265,266,258,257],"class_list":{"0":"post-15840","1":"product","2":"type-product","3":"status-publish","4":"has-post-thumbnail","6":"product_brand-lamy-rheology-instruments","7":"product_cat-analitine-iranga","8":"product_cat-laboratorine-iranga","9":"product_cat-reologija","10":"product_tag-klampumaciai","11":"product_tag-lamy-rheology-instruments","12":"product_tag-staliniai-klampumaciai","13":"product_tag-staliniai-viskozimetrai","14":"product_tag-tabletop-viscometers","15":"product_tag-viscometers","16":"product_tag-viskozimetrai","18":"first","19":"onbackorder","20":"shipping-taxable","21":"purchasable","22":"product-type-variable"},"_links":{"self":[{"href":"https:\/\/labostera.lt\/lv\/wp-json\/wp\/v2\/product\/15840","targetHints":{"allow":["GET"]}}],"collection":[{"href":"https:\/\/labostera.lt\/lv\/wp-json\/wp\/v2\/product"}],"about":[{"href":"https:\/\/labostera.lt\/lv\/wp-json\/wp\/v2\/types\/product"}],"wp:featuredmedia":[{"embeddable":true,"href":"https:\/\/labostera.lt\/lv\/wp-json\/wp\/v2\/media\/15845"}],"wp:attachment":[{"href":"https:\/\/labostera.lt\/lv\/wp-json\/wp\/v2\/media?parent=15840"}],"wp:term":[{"taxonomy":"product_cat","embeddable":true,"href":"https:\/\/labostera.lt\/lv\/wp-json\/wp\/v2\/product_cat?post=15840"},{"taxonomy":"product_tag","embeddable":true,"href":"https:\/\/labostera.lt\/lv\/wp-json\/wp\/v2\/product_tag?post=15840"}],"curies":[{"name":"wp","href":"https:\/\/api.w.org\/{rel}","templated":true}]}}