{"id":15834,"date":"2023-10-16T10:50:48","date_gmt":"2023-10-16T10:50:48","guid":{"rendered":"http:\/\/labostera.lt\/?post_type=product&#038;p=15834"},"modified":"2024-01-17T07:51:13","modified_gmt":"2024-01-17T07:51:13","slug":"klampumatis-viskozimetras-lamy-rheology-first-prodig-cp-1000-viscometer","status":"publish","type":"product","link":"https:\/\/labostera.lt\/lv\/priemones-ir-iranga\/laboratorine-iranga\/analitine-iranga\/reologija\/klampumatis-viskozimetras-lamy-rheology-first-prodig-cp-1000-viscometer\/","title":{"rendered":"Viskozit\u0101tes viskozimetrs LAMY RHEOLOGY First ProDig CP-1000 viskozimetrs"},"content":{"rendered":"<h2><strong>LAMY RHEOLOGY Instruments First ProDig CP-1000 galda viskozimetrs<\/strong><\/h2>\n<p>Bench viskozimetra raksturlielumi:<\/p>\n<ul>\n<li>Stat\u012bvs ar 70 mm pamatni, kas nodro\u0161ina stabilit\u0101ti un uzticam\u012bbu m\u0113r\u012b\u0161anas laik\u0101;<\/li>\n<li>Integr\u0113ta programm\u0113\u0161anas programmat\u016bra, kas \u013cauj izv\u0113l\u0113ties optim\u0101los m\u0113r\u012b\u0161anas parametrus;<\/li>\n<li>Tie\u0161a m\u0113r\u012b\u0161ana ar hronometru, kas nodro\u0161ina prec\u012bzus un \u0101trus rezult\u0101tus;<\/li>\n<li>Daudzfunkcion\u0101la opcija \u2013 regresijas anal\u012bze un l\u012bk\u0146u att\u0113lo\u0161ana ekr\u0101n\u0101;<\/li>\n<li>Lietot\u0101ja un blo\u0137\u0113\u0161anas re\u017e\u012bmi dro\u0161ai un \u0113rtai lieto\u0161anai;<\/li>\n<li>Datu ierakst\u012b\u0161anas un p\u0101rs\u016bt\u012b\u0161anas iesp\u0113ja, izmantojot USB savienojumu, nodro\u0161inot \u0113rtu datu p\u0101rvald\u012bbu;<\/li>\n<li>Integr\u0113ta temperat\u016bras zonde, kas pal\u012bdz kontrol\u0113t m\u0113r\u012b\u0161anas apst\u0101k\u013cus;<\/li>\n<li>Iesp\u0113ja piesl\u0113gt printeri, nodro\u0161inot papildu datu izvades metodi;<\/li>\n<li>Savietojam\u012bba ar RheoTex un LIMS programmat\u016bru, nodro\u0161inot efekt\u012bvu datu p\u0101rvald\u012bbu;<\/li>\n<li>Ekr\u0101n\u0101 redzams griezes momenta m\u0113r\u012bt\u0101js, kas sniedz papildu inform\u0101ciju par viskozit\u0101ti;<\/li>\n<li>\u0100r\u0113jais temperat\u016bras sensors, ko var piel\u0101got j\u016bsu vajadz\u012bb\u0101m;<\/li>\n<li>Kvalit\u0101tes kontroles (KK) ierobe\u017eojumu funkcija, kas \u013cauj noteikt m\u0113r\u012bjuma precizit\u0101ti un ticam\u012bbu;<\/li>\n<li>Sp\u0113ja att\u0113lot viskozit\u0101tes robe\u017eas, pamatojoties uz kust\u012bbu un \u0101trumu, nodro\u0161inot detaliz\u0113tu anal\u012bzi.<\/li>\n<\/ul>\n<h3>Galda viskozit\u0101tes viskozimetri \u2013 <a href=\"http:\/\/labostera.lt\/lv\/product-brand\/lamy-rheology-instruments\/\" target=\"_blank\" rel=\"noopener\">Lamy reolo\u0123ijas instrumenti<\/a> Pirmais ProDig CP-1000.<\/h3>\n<p>Vair\u0101k inform\u0101cijas: <strong><a href=\"https:\/\/www.lamyrheology.com\/EN\/produits\/fisrt-prodig-cp-1000\/\" target=\"_blank\" rel=\"noopener nofollow\">ra\u017eot\u0101ja t\u012bmek\u013ca vietn\u0113<\/a><\/strong> vai nos\u016btiet mums piepras\u012bjumu!<\/p>","protected":false},"excerpt":{"rendered":"<p><strong>Pied\u0101v\u0101jam pla\u0161u viskozit\u0101tes viskozimetru izv\u0113li no Francijas ra\u017eot\u0101ja &quot;LAMY RHEOLOGY Instruments&quot;<\/strong>, kura uz\u0146\u0113mums koncentr\u0113jas uz produktu un procesu efektivit\u0101tes nep\u0101rtrauktu uzlabo\u0161anu, cen\u0161oties pied\u0101v\u0101t lab\u0101kos tehnolo\u0123iskos risin\u0101jumus medic\u012bnas, tehniski zin\u0101tnisk\u0101s p\u0113tniec\u012bbas un r\u016bpniec\u012bbas nozar\u0113m kopum\u0101.<\/p>","protected":false},"featured_media":15844,"template":"","meta":[],"product_cat":[82,76,103],"product_tag":[264,256,263,265,266,258,257],"class_list":{"0":"post-15834","1":"product","2":"type-product","3":"status-publish","4":"has-post-thumbnail","6":"product_brand-lamy-rheology-instruments","7":"product_cat-analitine-iranga","8":"product_cat-laboratorine-iranga","9":"product_cat-reologija","10":"product_tag-klampumaciai","11":"product_tag-lamy-rheology-instruments","12":"product_tag-staliniai-klampumaciai","13":"product_tag-staliniai-viskozimetrai","14":"product_tag-tabletop-viscometers","15":"product_tag-viscometers","16":"product_tag-viskozimetrai","18":"first","19":"onbackorder","20":"shipping-taxable","21":"purchasable","22":"product-type-simple"},"_links":{"self":[{"href":"https:\/\/labostera.lt\/lv\/wp-json\/wp\/v2\/product\/15834","targetHints":{"allow":["GET"]}}],"collection":[{"href":"https:\/\/labostera.lt\/lv\/wp-json\/wp\/v2\/product"}],"about":[{"href":"https:\/\/labostera.lt\/lv\/wp-json\/wp\/v2\/types\/product"}],"wp:featuredmedia":[{"embeddable":true,"href":"https:\/\/labostera.lt\/lv\/wp-json\/wp\/v2\/media\/15844"}],"wp:attachment":[{"href":"https:\/\/labostera.lt\/lv\/wp-json\/wp\/v2\/media?parent=15834"}],"wp:term":[{"taxonomy":"product_cat","embeddable":true,"href":"https:\/\/labostera.lt\/lv\/wp-json\/wp\/v2\/product_cat?post=15834"},{"taxonomy":"product_tag","embeddable":true,"href":"https:\/\/labostera.lt\/lv\/wp-json\/wp\/v2\/product_tag?post=15834"}],"curies":[{"name":"wp","href":"https:\/\/api.w.org\/{rel}","templated":true}]}}