{"id":15828,"date":"2023-10-16T10:30:41","date_gmt":"2023-10-16T10:30:41","guid":{"rendered":"http:\/\/labostera.lt\/?post_type=product&#038;p=15828"},"modified":"2024-01-17T07:42:54","modified_gmt":"2024-01-17T07:42:54","slug":"klampumatis-viskozimetras-lamy-rheology-first-prodig-viscometer","status":"publish","type":"product","link":"https:\/\/labostera.lt\/lv\/priemones-ir-iranga\/laboratorine-iranga\/analitine-iranga\/reologija\/klampumatis-viskozimetras-lamy-rheology-first-prodig-viscometer\/","title":{"rendered":"Viskozit\u0101tes viskozimetrs LAMY RHEOLOGY First ProDig viskozimetrs"},"content":{"rendered":"<h2><strong>LAMY RHEOLOGY Instruments First ProDig galda viskozimetrs<\/strong><\/h2>\n<p>Bench viskozimetra raksturlielumi:<\/p>\n<ul>\n<li><strong>Integr\u0113ta programm\u0113\u0161anas programmat\u016bra:<\/strong> First ProDig ir apr\u012bkots ar uzlabotu programmat\u016bru, kas \u013cauj izv\u0113l\u0113ties da\u017e\u0101dus m\u0113r\u012b\u0161anas re\u017e\u012bmus un prec\u012bzi kontrol\u0113t to progresu.<\/li>\n<li><strong>Tie\u0161s m\u0113r\u012bjums ar aptur\u0113\u0161anas taimeri:<\/strong> Ier\u012bce veic tie\u0161us m\u0113r\u012bjumus, un hronometrus var izmantot, lai detaliz\u0113ti analiz\u0113tu testa \u0161\u0137idruma \u012bpa\u0161\u012bbas.<\/li>\n<li><strong>Daudzfunkcion\u0101ls displeja indikators:<\/strong> Ekr\u0101n\u0101 var uzraudz\u012bt griezes momenta m\u0113r\u012bt\u0101ju, \u0101r\u0113jo temperat\u016bras sensoru un citus svar\u012bgus parametrus.<\/li>\n<li><strong>Datu ierakst\u012b\u0161anas un p\u0101rs\u016bt\u012b\u0161anas iesp\u0113ja, izmantojot USB savienojumu:<\/strong> First ProDig \u013cauj \u0113rti ierakst\u012bt un p\u0101rs\u016bt\u012bt m\u0113r\u012bjumu datus uz cit\u0101m ier\u012bc\u0113m, izmantojot USB savienojumu.<\/li>\n<li><strong>Integr\u0113ta temperat\u016bras zonde:<\/strong> Uzticams temperat\u016bras sensors nodro\u0161ina prec\u012bzus m\u0113r\u012bjumus da\u017e\u0101d\u0101s temperat\u016br\u0101s.<\/li>\n<li><strong>Kvalit\u0101tes kontroles (KK) robe\u017efunkcija:<\/strong> Ier\u012bce nodro\u0161ina iesp\u0113ju iestat\u012bt ierobe\u017eojumus kvalit\u0101tes kontroles nol\u016bkos un uzraudz\u012bt m\u0113r\u012bjumus \u0161o ierobe\u017eojumu kontekst\u0101.<\/li>\n<\/ul>\n<p>First ProDig ier\u012bce nodro\u0161ina unik\u0101lu iesp\u0113ju uzraudz\u012bt viskozit\u0101tes robe\u017eas, pamatojoties uz kust\u012bbu un \u0101trumu, pal\u012bdzot ieg\u016bt detaliz\u0113t\u0101ku inform\u0101ciju par test\u0113jamo \u0161\u0137idrumu.<\/p>\n<h3>Galda viskozit\u0101tes viskozimetri \u2013 <a href=\"http:\/\/labostera.lt\/lv\/product-brand\/lamy-rheology-instruments\/\" target=\"_blank\" rel=\"noopener\">Lamy reolo\u0123ijas instrumenti<\/a> Pirmais ProDig.<\/h3>\n<p>Vair\u0101k inform\u0101cijas: <strong><a href=\"https:\/\/www.lamyrheology.com\/EN\/produits\/first-prodig\/\" target=\"_blank\" rel=\"noopener nofollow\">ra\u017eot\u0101ja t\u012bmek\u013ca vietn\u0113<\/a><\/strong> vai nos\u016btiet mums piepras\u012bjumu!<\/p>","protected":false},"excerpt":{"rendered":"<p><strong>Pied\u0101v\u0101jam pla\u0161u viskozit\u0101tes viskozimetru izv\u0113li no Francijas ra\u017eot\u0101ja &quot;LAMY RHEOLOGY Instruments&quot;<\/strong>, kura uz\u0146\u0113mums koncentr\u0113jas uz produktu un procesu efektivit\u0101tes nep\u0101rtrauktu uzlabo\u0161anu, cen\u0161oties pied\u0101v\u0101t lab\u0101kos tehnolo\u0123iskos risin\u0101jumus medic\u012bnas, tehniski zin\u0101tnisk\u0101s p\u0113tniec\u012bbas un r\u016bpniec\u012bbas nozar\u0113m kopum\u0101.<\/p>","protected":false},"featured_media":15833,"template":"","meta":[],"product_cat":[82,76,103],"product_tag":[264,256,263,265,266,258,257],"class_list":{"0":"post-15828","1":"product","2":"type-product","3":"status-publish","4":"has-post-thumbnail","6":"product_brand-lamy-rheology-instruments","7":"product_cat-analitine-iranga","8":"product_cat-laboratorine-iranga","9":"product_cat-reologija","10":"product_tag-klampumaciai","11":"product_tag-lamy-rheology-instruments","12":"product_tag-staliniai-klampumaciai","13":"product_tag-staliniai-viskozimetrai","14":"product_tag-tabletop-viscometers","15":"product_tag-viscometers","16":"product_tag-viskozimetrai","18":"first","19":"onbackorder","20":"shipping-taxable","21":"purchasable","22":"product-type-variable"},"_links":{"self":[{"href":"https:\/\/labostera.lt\/lv\/wp-json\/wp\/v2\/product\/15828","targetHints":{"allow":["GET"]}}],"collection":[{"href":"https:\/\/labostera.lt\/lv\/wp-json\/wp\/v2\/product"}],"about":[{"href":"https:\/\/labostera.lt\/lv\/wp-json\/wp\/v2\/types\/product"}],"wp:featuredmedia":[{"embeddable":true,"href":"https:\/\/labostera.lt\/lv\/wp-json\/wp\/v2\/media\/15833"}],"wp:attachment":[{"href":"https:\/\/labostera.lt\/lv\/wp-json\/wp\/v2\/media?parent=15828"}],"wp:term":[{"taxonomy":"product_cat","embeddable":true,"href":"https:\/\/labostera.lt\/lv\/wp-json\/wp\/v2\/product_cat?post=15828"},{"taxonomy":"product_tag","embeddable":true,"href":"https:\/\/labostera.lt\/lv\/wp-json\/wp\/v2\/product_tag?post=15828"}],"curies":[{"name":"wp","href":"https:\/\/api.w.org\/{rel}","templated":true}]}}