{"id":15817,"date":"2023-10-16T10:13:39","date_gmt":"2023-10-16T10:13:39","guid":{"rendered":"http:\/\/labostera.lt\/?post_type=product&#038;p=15817"},"modified":"2024-01-17T07:26:24","modified_gmt":"2024-01-17T07:26:24","slug":"klampumatis-viskozimetras-lamy-rheology-first-pro-plus-viscometer","status":"publish","type":"product","link":"https:\/\/labostera.lt\/lv\/priemones-ir-iranga\/laboratorine-iranga\/analitine-iranga\/reologija\/klampumatis-viskozimetras-lamy-rheology-first-pro-plus-viscometer\/","title":{"rendered":"Viskozit\u0101tes viskozimetrs LAMY RHEOLOGY First Pro Plus viskozimetrs"},"content":{"rendered":"<h2><strong>LAMY RHEOLOGY Instruments First Pro Plus galda viskozit\u0101tes viskozimetrs<\/strong><\/h2>\n<p>Bench viskozimetra raksturlielumi:<\/p>\n<ul>\n<li>Integr\u0113ta programm\u0113\u0161anas programmat\u016bra nodro\u0161ina lielu elast\u012bbu;<\/li>\n<li>Tie\u0161ie m\u0113r\u012bjumi ar aptur\u0113\u0161anas taimeri nodro\u0161ina prec\u012bzus un uzticamus rezult\u0101tus;<\/li>\n<li>Lietot\u0101ja un blo\u0137\u0113\u0161anas re\u017e\u012bmi nodro\u0161ina \u0113rtu un dro\u0161u lieto\u0161anu;<\/li>\n<li>Datu ierakst\u012b\u0161anas un p\u0101rs\u016bt\u012b\u0161anas iesp\u0113ja, izmantojot USB savienojumu, nodro\u0161ina efekt\u012bvu darbu un rezult\u0101tu saglab\u0101\u0161anu;<\/li>\n<li>Integr\u0113t\u0101 temperat\u016bras zonde \u013cauj prec\u012bzi izm\u0113r\u012bt viskozit\u0101ti da\u017e\u0101dos apst\u0101k\u013cos;<\/li>\n<li>Iesp\u0113ja piesl\u0113gt printeri pal\u012bdz p\u0101rvald\u012bt m\u0113r\u012bjumu rezult\u0101tus;<\/li>\n<li>Sader\u012bba ar RheoTex un LIMS programmat\u016bru nodro\u0161ina uzlabotas anal\u012bzes iesp\u0113jas;<\/li>\n<li>Ekr\u0101n\u0101 redzamais griezes momenta m\u0113r\u012bt\u0101js nodro\u0161ina vienk\u0101r\u0161u un \u0113rtu lieto\u0161anu;<\/li>\n<li>\u0100r\u0113jais temperat\u016bras sensors (p\u0113c izv\u0113les) \u013cauj uzraudz\u012bt vides apst\u0101k\u013cus;<\/li>\n<li>Kvalit\u0101tes kontroles (KK) robe\u017efunkcija nodro\u0161ina rezult\u0101tu ticam\u012bbu;<\/li>\n<li>\u013bauj att\u0113lot viskozit\u0101tes robe\u017eas, pamatojoties uz kust\u012bbu un \u0101trumu, nodro\u0161inot detaliz\u0113t\u0101ku anal\u012bzi.<\/li>\n<\/ul>\n<p><a href=\"http:\/\/labostera.lt\/lv\/product-brand\/lamy-rheology-instruments\/\" target=\"_blank\" rel=\"noopener\">Lamy reolo\u0123ijas instrumenti<\/a> First Pro Plus ir izstr\u0101d\u0101ts, pamatojoties uz zin\u0101tniskiem p\u0113t\u012bjumiem un tehnolo\u0123isk\u0101m inov\u0101cij\u0101m, lai atbilstu medic\u012bnas, tehnisk\u0101s p\u0113tniec\u012bbas un r\u016bpniec\u012bbas nozaru augstajiem standartiem. \u0160\u012b ier\u012bce ne tikai attaisnos j\u016bsu cer\u012bbas, bet ar\u012b p\u0101rsniegs t\u0101s, dodot jums iesp\u0113ju efekt\u012bvi veikt viskozit\u0101tes m\u0113r\u012bjumus.<\/p>\n<h3>Stabils dizains, tehnolo\u0123iskais progress un uzticam\u012bba \u2013 tas viss nosaka <a href=\"http:\/\/labostera.lt\/lv\/product-brand\/lamy-rheology-instruments\/\" target=\"_blank\" rel=\"noopener\">Lamy reolo\u0123ijas instrumenti<\/a> First Pro Plus galda viskozit\u0101tes viskozimetri.<\/h3>\n<p>Vair\u0101k inform\u0101cijas: <strong><a href=\"https:\/\/www.lamyrheology.com\/EN\/produits\/first-pro-plus\/\" target=\"_blank\" rel=\"noopener nofollow\">ra\u017eot\u0101ja t\u012bmek\u013ca vietn\u0113<\/a><\/strong> vai nos\u016btiet mums piepras\u012bjumu!<\/p>","protected":false},"excerpt":{"rendered":"<p><strong>Pied\u0101v\u0101jam pla\u0161u viskozit\u0101tes viskozimetru izv\u0113li no Francijas ra\u017eot\u0101ja &quot;LAMY RHEOLOGY Instruments&quot;<\/strong>, kura uz\u0146\u0113mums koncentr\u0113jas uz produktu un procesu efektivit\u0101tes nep\u0101rtrauktu uzlabo\u0161anu, cen\u0161oties pied\u0101v\u0101t lab\u0101kos tehnolo\u0123iskos risin\u0101jumus medic\u012bnas, tehniski zin\u0101tnisk\u0101s p\u0113tniec\u012bbas un r\u016bpniec\u012bbas nozar\u0113m kopum\u0101.<\/p>","protected":false},"featured_media":15822,"template":"","meta":[],"product_cat":[82,76,103],"product_tag":[264,256,263,265,266,258,257],"class_list":{"0":"post-15817","1":"product","2":"type-product","3":"status-publish","4":"has-post-thumbnail","6":"product_brand-lamy-rheology-instruments","7":"product_cat-analitine-iranga","8":"product_cat-laboratorine-iranga","9":"product_cat-reologija","10":"product_tag-klampumaciai","11":"product_tag-lamy-rheology-instruments","12":"product_tag-staliniai-klampumaciai","13":"product_tag-staliniai-viskozimetrai","14":"product_tag-tabletop-viscometers","15":"product_tag-viscometers","16":"product_tag-viskozimetrai","18":"first","19":"onbackorder","20":"shipping-taxable","21":"purchasable","22":"product-type-variable"},"_links":{"self":[{"href":"https:\/\/labostera.lt\/lv\/wp-json\/wp\/v2\/product\/15817","targetHints":{"allow":["GET"]}}],"collection":[{"href":"https:\/\/labostera.lt\/lv\/wp-json\/wp\/v2\/product"}],"about":[{"href":"https:\/\/labostera.lt\/lv\/wp-json\/wp\/v2\/types\/product"}],"wp:featuredmedia":[{"embeddable":true,"href":"https:\/\/labostera.lt\/lv\/wp-json\/wp\/v2\/media\/15822"}],"wp:attachment":[{"href":"https:\/\/labostera.lt\/lv\/wp-json\/wp\/v2\/media?parent=15817"}],"wp:term":[{"taxonomy":"product_cat","embeddable":true,"href":"https:\/\/labostera.lt\/lv\/wp-json\/wp\/v2\/product_cat?post=15817"},{"taxonomy":"product_tag","embeddable":true,"href":"https:\/\/labostera.lt\/lv\/wp-json\/wp\/v2\/product_tag?post=15817"}],"curies":[{"name":"wp","href":"https:\/\/api.w.org\/{rel}","templated":true}]}}