{"id":15810,"date":"2023-10-16T10:01:20","date_gmt":"2023-10-16T10:01:20","guid":{"rendered":"http:\/\/labostera.lt\/?post_type=product&#038;p=15810"},"modified":"2024-01-17T07:19:18","modified_gmt":"2024-01-17T07:19:18","slug":"klampumatis-viskozimetras-lamy-rheology-first-plus-viscometer","status":"publish","type":"product","link":"https:\/\/labostera.lt\/lv\/priemones-ir-iranga\/laboratorine-iranga\/analitine-iranga\/reologija\/klampumatis-viskozimetras-lamy-rheology-first-plus-viscometer\/","title":{"rendered":"Viskozit\u0101tes viskozimetrs LAMY RHEOLOGY First Plus viskozimetrs"},"content":{"rendered":"<h2><strong>LAMY RHEOLOGY Instruments First Plus galda viskozimetrs<\/strong><\/h2>\n<p>Bench viskozimetra raksturlielumi:<\/p>\n<ul>\n<li><strong>Tie\u0161s m\u0113r\u012bjums ar aptur\u0113\u0161anas taimeri:<\/strong> \u0160\u012b funkcija \u013cauj prec\u012bzi un \u0101tri izm\u0113r\u012bt materi\u0101lu viskozit\u0101ti un viskoz\u0101s \u012bpa\u0161\u012bbas.<\/li>\n<li><strong>Lietot\u0101ja un blo\u0137\u0113\u0161anas re\u017e\u012bms:<\/strong> Izv\u0113lieties re\u017e\u012bmu atbilsto\u0161i sav\u0101m vajadz\u012bb\u0101m un nodro\u0161iniet, lai m\u0113r\u012bjumi tiktu veikti ar visaugst\u0101ko precizit\u0101ti.<\/li>\n<li><strong>Datu ierakst\u012b\u0161anas un p\u0101rs\u016bt\u012b\u0161anas iesp\u0113ja, izmantojot USB savienojumu:<\/strong> \u0112rti saglab\u0101jiet un p\u0101rs\u016btiet savus m\u0113r\u012bjumus, lai tos v\u0113l\u0101k analiz\u0113tu vai kop\u012bgotu ar kol\u0113\u0123iem.<\/li>\n<li><strong>Integr\u0113ta temperat\u016bras zonde:<\/strong> M\u0113r\u012bt\u0101js ir apr\u012bkots ar integr\u0113tu temperat\u016bras sensoru, kas nodro\u0161ina, ka m\u0113r\u012bjumi tiek veikti optim\u0101los apst\u0101k\u013cos.<\/li>\n<li><strong>Iesp\u0113ja piesl\u0113gt printeri:<\/strong> \u0100tri izdruk\u0101jiet m\u0113r\u012bjumu rezult\u0101tus un anal\u012bzes p\u0101rskatus.<\/li>\n<li><strong>Sader\u012bba ar RheoTex un LIMS programmat\u016bru:<\/strong> \u0160\u012b ier\u012bce viegli integr\u0113jas ar da\u017e\u0101d\u0101m programmat\u016br\u0101m, nodro\u0161inot vienk\u0101r\u0161u datu p\u0101rvald\u012bbu.<\/li>\n<li><strong>Griezes momenta m\u0113r\u012bt\u0101js ekr\u0101n\u0101:<\/strong> Uzraugiet griezes momentu tie\u0161i ekr\u0101n\u0101 un \u0113rti kontrol\u0113jiet m\u0113r\u012bjumus.<\/li>\n<li><strong>\u0100ra temperat\u016bras sensors (p\u0113c izv\u0113les):<\/strong> Nepiecie\u0161am\u012bbas gad\u012bjum\u0101 pievienojiet papildu m\u0113r\u012bjumu precizit\u0101ti ar \u0101r\u0113ju temperat\u016bras sensoru.<\/li>\n<li><strong>\u013bauj par\u0101d\u012bt viskozit\u0101tes robe\u017eas, pamatojoties uz kust\u012bbu un \u0101trumu:<\/strong> Ieg\u016bstiet detaliz\u0113t\u0101ku inform\u0101ciju par viskozit\u0101tes \u012bpa\u0161\u012bb\u0101m un iesp\u0113j\u0101m.<\/li>\n<\/ul>\n<p><a href=\"http:\/\/labostera.lt\/lv\/product-brand\/lamy-rheology-instruments\/\" target=\"_blank\" rel=\"noopener\">Lamy reolo\u0123ijas instrumenti<\/a> past\u0101v\u012bgi tiecas p\u0113c augst\u0101kajiem standartiem, un \u0161is First Plus viskozit\u0101tes viskozimetra modelis nav iz\u0146\u0113mums. To raksturo ne tikai modernas funkcijas, bet ar\u012b iztur\u012bba un uzticam\u012bba.<\/p>\n<h3>Ieg\u016bstiet piln\u012bgu kontroli un p\u0101rliec\u012bbu par viskozit\u0101tes m\u0113r\u012bjumiem ar <a href=\"http:\/\/labostera.lt\/lv\/product-brand\/lamy-rheology-instruments\/\" target=\"_blank\" rel=\"noopener\">Lamy reolo\u0123ijas instrumenti<\/a> First Plus galda viskozit\u0101tes viskozimetri. Pas\u016btiet jau \u0161odien un izbaudiet augstas kvalit\u0101tes m\u0113r\u012bjumus!<\/h3>\n<p>Vair\u0101k inform\u0101cijas: <strong><a href=\"https:\/\/www.lamyrheology.com\/EN\/produits\/first-plus\/\" target=\"_blank\" rel=\"noopener nofollow\">ra\u017eot\u0101ja t\u012bmek\u013ca vietn\u0113<\/a><\/strong> vai nos\u016btiet mums piepras\u012bjumu!<\/p>","protected":false},"excerpt":{"rendered":"<p><strong>Pied\u0101v\u0101jam pla\u0161u viskozit\u0101tes viskozimetru izv\u0113li no Francijas ra\u017eot\u0101ja &quot;LAMY RHEOLOGY Instruments&quot;<\/strong>, kura uz\u0146\u0113mums koncentr\u0113jas uz produktu un procesu efektivit\u0101tes nep\u0101rtrauktu uzlabo\u0161anu, cen\u0161oties pied\u0101v\u0101t lab\u0101kos tehnolo\u0123iskos risin\u0101jumus medic\u012bnas, tehniski zin\u0101tnisk\u0101s p\u0113tniec\u012bbas un r\u016bpniec\u012bbas nozar\u0113m kopum\u0101.<\/p>","protected":false},"featured_media":15816,"template":"","meta":[],"product_cat":[82,76,103],"product_tag":[264,256,263,265,266,258,257],"class_list":{"0":"post-15810","1":"product","2":"type-product","3":"status-publish","4":"has-post-thumbnail","6":"product_brand-lamy-rheology-instruments","7":"product_cat-analitine-iranga","8":"product_cat-laboratorine-iranga","9":"product_cat-reologija","10":"product_tag-klampumaciai","11":"product_tag-lamy-rheology-instruments","12":"product_tag-staliniai-klampumaciai","13":"product_tag-staliniai-viskozimetrai","14":"product_tag-tabletop-viscometers","15":"product_tag-viscometers","16":"product_tag-viskozimetrai","18":"first","19":"onbackorder","20":"shipping-taxable","21":"purchasable","22":"product-type-variable"},"_links":{"self":[{"href":"https:\/\/labostera.lt\/lv\/wp-json\/wp\/v2\/product\/15810","targetHints":{"allow":["GET"]}}],"collection":[{"href":"https:\/\/labostera.lt\/lv\/wp-json\/wp\/v2\/product"}],"about":[{"href":"https:\/\/labostera.lt\/lv\/wp-json\/wp\/v2\/types\/product"}],"wp:featuredmedia":[{"embeddable":true,"href":"https:\/\/labostera.lt\/lv\/wp-json\/wp\/v2\/media\/15816"}],"wp:attachment":[{"href":"https:\/\/labostera.lt\/lv\/wp-json\/wp\/v2\/media?parent=15810"}],"wp:term":[{"taxonomy":"product_cat","embeddable":true,"href":"https:\/\/labostera.lt\/lv\/wp-json\/wp\/v2\/product_cat?post=15810"},{"taxonomy":"product_tag","embeddable":true,"href":"https:\/\/labostera.lt\/lv\/wp-json\/wp\/v2\/product_tag?post=15810"}],"curies":[{"name":"wp","href":"https:\/\/api.w.org\/{rel}","templated":true}]}}