{"id":15795,"date":"2023-10-16T05:41:52","date_gmt":"2023-10-16T05:41:52","guid":{"rendered":"http:\/\/labostera.lt\/?post_type=product&#038;p=15795"},"modified":"2024-01-17T07:15:15","modified_gmt":"2024-01-17T07:15:15","slug":"klampumatis-viskozimetras-lamy-rheology-b-one-plus-viscometer","status":"publish","type":"product","link":"https:\/\/labostera.lt\/lv\/priemones-ir-iranga\/laboratorine-iranga\/analitine-iranga\/reologija\/klampumatis-viskozimetras-lamy-rheology-b-one-plus-viscometer\/","title":{"rendered":"Viskozit\u0101tes viskozimetrs LAMY RHEOLOGY B-One Plus viskozimetrs"},"content":{"rendered":"<h2><strong>\u201eLAMY RHEOLOGY Instruments B-One Plus galda viskozimetrs<\/strong><\/h2>\n<p>Bench viskozimetra raksturlielumi:<\/p>\n<ul>\n<li>B-One Plus ir uzlabota m\u0113r\u012b\u0161anas ier\u012bce, ko izstr\u0101d\u0101jis Francijas ra\u017eot\u0101js LAMY RHEOLOGY Instruments. \u0160\u012b ier\u012bce ir ide\u0101li piem\u0113rota viskozit\u0101tes nov\u0113rt\u0113\u0161anai un m\u0113r\u012b\u0161anai da\u017e\u0101d\u0101s r\u016bpniec\u012bbas nozar\u0113s, s\u0101kot no medic\u012bnas l\u012bdz \u0137\u012bmijai.<\/li>\n<li>\u0160\u012b viskozit\u0101tes viskozimetra funkcijas ietver tie\u0161u m\u0113r\u012b\u0161anu ar aptur\u0113\u0161anas taimeri, lietot\u0101ja un blo\u0137\u0113\u0161anas re\u017e\u012bmu, k\u0101 ar\u012b datu ierakst\u012b\u0161anu un p\u0101rs\u016bt\u012b\u0161anu, izmantojot USB. Turkl\u0101t ekr\u0101n\u0101 redzams griezes momenta m\u0113r\u012bt\u0101js un \u0101r\u0113js temperat\u016bras sensors nodro\u0161ina papildu m\u0113r\u012b\u0161anas iesp\u0113jas.<\/li>\n<li>\u0160\u012b ier\u012bce \u013cauj att\u0113lot viskozit\u0101tes robe\u017eas, pamatojoties uz kust\u012bbu un \u0101trumu, sniedzot detaliz\u0113tu un prec\u012bzu inform\u0101ciju par test\u0113jamo materi\u0101lu. B-One Plus izce\u013cas ne tikai ar savu funkcionalit\u0101ti, bet ar\u012b ar moderno dizainu un lietot\u0101jam draudz\u012bgo saskarni.<\/li>\n<\/ul>\n<h3>Fran\u010du ra\u017eot\u0101js <a href=\"http:\/\/labostera.lt\/lv\/product-brand\/lamy-rheology-instruments\/\" target=\"_blank\" rel=\"noopener\">Lamy reolo\u0123ijas instrumenti<\/a> B-One Plus galda viskozit\u0101tes viskozimetri.<\/h3>\n<p>Vair\u0101k inform\u0101cijas: <strong><a href=\"https:\/\/www.lamyrheology.com\/EN\/produits\/b-one-plus\/\" target=\"_blank\" rel=\"noopener nofollow\">ra\u017eot\u0101ja t\u012bmek\u013ca vietn\u0113<\/a><\/strong> vai nos\u016btiet mums piepras\u012bjumu!<\/p>","protected":false},"excerpt":{"rendered":"<p><strong>Pied\u0101v\u0101jam pla\u0161u viskozit\u0101tes viskozimetru izv\u0113li no Francijas ra\u017eot\u0101ja &quot;LAMY RHEOLOGY Instruments&quot;<\/strong>, kura uz\u0146\u0113mums koncentr\u0113jas uz produktu un procesu efektivit\u0101tes nep\u0101rtrauktu uzlabo\u0161anu, cen\u0161oties pied\u0101v\u0101t lab\u0101kos tehnolo\u0123iskos risin\u0101jumus medic\u012bnas, tehniski zin\u0101tnisk\u0101s p\u0113tniec\u012bbas un r\u016bpniec\u012bbas nozar\u0113m kopum\u0101.<\/p>","protected":false},"featured_media":15802,"template":"","meta":[],"product_cat":[82,76,103],"product_tag":[264,614,256,263,265,612,266,258,257,613],"class_list":{"0":"post-15795","1":"product","2":"type-product","3":"status-publish","4":"has-post-thumbnail","6":"product_brand-lamy-rheology-instruments","7":"product_cat-analitine-iranga","8":"product_cat-laboratorine-iranga","9":"product_cat-reologija","10":"product_tag-klampumaciai","11":"product_tag-klampumatis","12":"product_tag-lamy-rheology-instruments","13":"product_tag-staliniai-klampumaciai","14":"product_tag-staliniai-viskozimetrai","15":"product_tag-stalinis-klampumatis","16":"product_tag-tabletop-viscometers","17":"product_tag-viscometers","18":"product_tag-viskozimetrai","19":"product_tag-viskozimetras","21":"first","22":"onbackorder","23":"shipping-taxable","24":"purchasable","25":"product-type-variable"},"_links":{"self":[{"href":"https:\/\/labostera.lt\/lv\/wp-json\/wp\/v2\/product\/15795","targetHints":{"allow":["GET"]}}],"collection":[{"href":"https:\/\/labostera.lt\/lv\/wp-json\/wp\/v2\/product"}],"about":[{"href":"https:\/\/labostera.lt\/lv\/wp-json\/wp\/v2\/types\/product"}],"wp:featuredmedia":[{"embeddable":true,"href":"https:\/\/labostera.lt\/lv\/wp-json\/wp\/v2\/media\/15802"}],"wp:attachment":[{"href":"https:\/\/labostera.lt\/lv\/wp-json\/wp\/v2\/media?parent=15795"}],"wp:term":[{"taxonomy":"product_cat","embeddable":true,"href":"https:\/\/labostera.lt\/lv\/wp-json\/wp\/v2\/product_cat?post=15795"},{"taxonomy":"product_tag","embeddable":true,"href":"https:\/\/labostera.lt\/lv\/wp-json\/wp\/v2\/product_tag?post=15795"}],"curies":[{"name":"wp","href":"https:\/\/api.w.org\/{rel}","templated":true}]}}