{"id":15785,"date":"2023-10-12T08:43:33","date_gmt":"2023-10-12T08:43:33","guid":{"rendered":"http:\/\/labostera.lt\/?post_type=product&#038;p=15785"},"modified":"2024-06-06T13:19:32","modified_gmt":"2024-06-06T10:19:32","slug":"vezimeliu-medicininiu-lovu-operaciniu-stalu-plovimo-dezinfekavimo-masina-cisa-p-w-series-cart-washer-disinfector","status":"publish","type":"product","link":"https:\/\/labostera.lt\/lv\/priemones-ir-iranga\/laboratorine-iranga\/bendra-laboratorine-iranga\/plovimo-dezinfekavimo-iranga\/vezimeliu-medicininiu-lovu-operaciniu-stalu-plovimo-dezinfekavimo-masina-cisa-p-w-series-cart-washer-disinfector\/","title":{"rendered":"Rati\u0146u mazg\u0101\u0161anas un dezinfekcijas ier\u012bce CISA PW s\u0113rijas rati\u0146u mazg\u0101\u0161anas un dezinfekcijas ier\u012bce"},"content":{"rendered":"<h2><strong>CISA Group Srl PW s\u0113rijas mazg\u0101\u0161anas un dezinfekcijas iek\u0101rta rati\u0146iem, medic\u012bniskaj\u0101m gult\u0101m, oper\u0101ciju galdiem<\/strong><\/h2>\n<p>Laboratorijas mazg\u0101t\u0101ju raksturojums:<\/p>\n<ul>\n<li>Ier\u012bces ir paredz\u0113tas medic\u012bniskiem nol\u016bkiem un t\u0101m ir MD IIB KLASES 93\/42\/EK sertifik\u0101ts;<\/li>\n<li>Iek\u0101rtas ir paredz\u0113tas slimn\u012bcu rati\u0146u, \u0137irur\u0123isko instrumentu, konteineru, gultu un laboratorijas dz\u012bvnieku b\u016bru mazg\u0101\u0161anai, atmazg\u0101\u0161anai, dezinfekcijai un \u017e\u0101v\u0113\u0161anai;<\/li>\n<li>Ma\u0161\u012bnas ir izstr\u0101d\u0101tas ar operatoriem draudz\u012bgu lietot\u0101ja saskarni un piln\u012bb\u0101 atbilst vides pras\u012bb\u0101m, nodro\u0161inot klusu darba vidi;<\/li>\n<li>Uzst\u0101d\u012b\u0161ana un apkope ir vienk\u0101r\u0161a, pateicoties vienm\u0113r\u012bg\u0101m un skaidr\u0101m proced\u016br\u0101m, kas nodro\u0161ina bezprobl\u0113mu uzst\u0101d\u012b\u0161anu, \u0113rtu pozicion\u0113\u0161anu un pievieno\u0161anu elektrot\u012bklam.<\/li>\n<\/ul>\n<h3>Medic\u012bnas laboratorijas mazg\u0101\u0161anas ma\u0161\u012bnas \u2013 <a href=\"http:\/\/labostera.lt\/lv\/product-brand\/cisa-group-s-r-l\/\" target=\"_blank\" rel=\"noopener\">CISA grupa Srl.<\/a> PW laboratorijas mazg\u0101t\u0101ji.<\/h3>\n<p>Vair\u0101k inform\u0101cijas: <strong><a href=\"https:\/\/cisagroup.it\/en\/healthcare\/\" target=\"_blank\" rel=\"noopener nofollow\">ra\u017eot\u0101ja t\u012bmek\u013ca vietn\u0113<\/a><\/strong> vai nos\u016btiet mums piepras\u012bjumu!<\/p>","protected":false},"excerpt":{"rendered":"<p><strong>Pied\u0101v\u0101jam pla\u0161u mazg\u0101\u0161anas l\u012bdzek\u013cu izv\u0113li no It\u0101lijas ra\u017eot\u0101ja &quot;CISA Group Srl&quot;<\/strong>, kura uz\u0146\u0113mums koncentr\u0113jas uz produktu un procesu efektivit\u0101tes nep\u0101rtrauktu uzlabo\u0161anu, cen\u0161oties pied\u0101v\u0101t lab\u0101kos tehnolo\u0123iskos risin\u0101jumus medic\u012bnas, tehniski zin\u0101tnisk\u0101s p\u0113tniec\u012bbas un r\u016bpniec\u012bbas nozar\u0113m kopum\u0101.<\/p>","protected":false},"featured_media":17824,"template":"","meta":[],"product_cat":[84,76,77,119],"product_tag":[247,251,605,249,662,250],"class_list":{"0":"post-15785","1":"product","2":"type-product","3":"status-publish","4":"has-post-thumbnail","6":"product_brand-cisa-group-s-r-l","7":"product_cat-bendra-laboratorine-iranga","8":"product_cat-laboratorine-iranga","9":"product_cat-medicinines-priemones-ir-iranga","10":"product_cat-plovimo-dezinfekavimo-iranga","11":"product_tag-cisa-group-s-r-l","12":"product_tag-disinfectors","13":"product_tag-laboratorine-plovykle","14":"product_tag-laboratorines-plovykles","15":"product_tag-vezimeliu-medicininiu-lovu-operaciniu-stalu-plovimo-dezinfekavimo-masinos","16":"product_tag-washers","18":"first","19":"onbackorder","20":"shipping-taxable","21":"purchasable","22":"product-type-variable"},"_links":{"self":[{"href":"https:\/\/labostera.lt\/lv\/wp-json\/wp\/v2\/product\/15785","targetHints":{"allow":["GET"]}}],"collection":[{"href":"https:\/\/labostera.lt\/lv\/wp-json\/wp\/v2\/product"}],"about":[{"href":"https:\/\/labostera.lt\/lv\/wp-json\/wp\/v2\/types\/product"}],"wp:featuredmedia":[{"embeddable":true,"href":"https:\/\/labostera.lt\/lv\/wp-json\/wp\/v2\/media\/17824"}],"wp:attachment":[{"href":"https:\/\/labostera.lt\/lv\/wp-json\/wp\/v2\/media?parent=15785"}],"wp:term":[{"taxonomy":"product_cat","embeddable":true,"href":"https:\/\/labostera.lt\/lv\/wp-json\/wp\/v2\/product_cat?post=15785"},{"taxonomy":"product_tag","embeddable":true,"href":"https:\/\/labostera.lt\/lv\/wp-json\/wp\/v2\/product_tag?post=15785"}],"curies":[{"name":"wp","href":"https:\/\/api.w.org\/{rel}","templated":true}]}}