{"id":15768,"date":"2023-10-12T08:29:08","date_gmt":"2023-10-12T08:29:08","guid":{"rendered":"http:\/\/labostera.lt\/?post_type=product&#038;p=15768"},"modified":"2024-06-06T13:19:45","modified_gmt":"2024-06-06T10:19:45","slug":"pastatoma-automatine-plovimo-dezinfekavimo-masina-cisa-p-m-p-kf-series-washer-disinfector","status":"publish","type":"product","link":"https:\/\/labostera.lt\/lv\/priemones-ir-iranga\/laboratorine-iranga\/bendra-laboratorine-iranga\/plovimo-dezinfekavimo-iranga\/pastatoma-automatine-plovimo-dezinfekavimo-masina-cisa-p-m-p-kf-series-washer-disinfector\/","title":{"rendered":"CISA PM \/ P-KF s\u0113rijas mazg\u0101\u0161anas dezinfic\u0113t\u0101js"},"content":{"rendered":"<h2><strong>\u201eCISA Group Srl PM \/ P-KF s\u0113rijas uz gr\u012bdas novietojama autom\u0101tisk\u0101 mazg\u0101\u0161anas-dezinfekcijas iek\u0101rta<\/strong><\/h2>\n<p>Br\u012bvi st\u0101vo\u0161u laboratorijas mazg\u0101t\u0101ju raksturojums:<\/p>\n<ul>\n<li>Ier\u012bces ir paredz\u0113tas medic\u012bniskiem nol\u016bkiem un t\u0101m ir MD IIB KLASES 93\/42\/EK sertifik\u0101ts;<\/li>\n<li>Pla\u0161s slimn\u012bcu (un CSSD) mazg\u0101\u0161anas\/steriliz\u0101cijas iek\u0101rtu kl\u0101sts ir paredz\u0113ts \u0137irur\u0123isko instrumentu, anest\u0113zijas un elpo\u0161anas iek\u0101rtu, slimn\u012bcas instrumentu, stikla trauku, konteineru, \u0137irur\u0123isko apavu un citu ier\u012b\u010du, kur\u0101m nepiecie\u0161ama augsta l\u012bme\u0146a steriliz\u0101cija, dezinfekcijai;<\/li>\n<li>Ma\u0161\u012bnas ir izstr\u0101d\u0101tas ar operatoriem draudz\u012bgu lietot\u0101ja saskarni un piln\u012bb\u0101 atbilst vides pras\u012bb\u0101m, nodro\u0161inot klusu darba vidi;<\/li>\n<li>Uzst\u0101d\u012b\u0161ana un apkope ir vienk\u0101r\u0161a, pateicoties vienm\u0113r\u012bg\u0101m un skaidr\u0101m proced\u016br\u0101m, kas nodro\u0161ina bezprobl\u0113mu uzst\u0101d\u012b\u0161anu, \u0113rtu pozicion\u0113\u0161anu un pievieno\u0161anu elektrot\u012bklam.<\/li>\n<\/ul>\n<h3>Medic\u012bnas laboratorijas gr\u012bdas mazg\u0101\u0161anas iek\u0101rtas \u2013 <a href=\"http:\/\/labostera.lt\/lv\/product-brand\/cisa-group-s-r-l\/\" target=\"_blank\" rel=\"noopener\">CISA grupa Srl.<\/a> PM \/ P-KF laboratorijas mazg\u0101t\u0101ji.<\/h3>\n<p>Vair\u0101k inform\u0101cijas: <strong><a href=\"https:\/\/cisagroup.it\/en\/healthcare\/\" target=\"_blank\" rel=\"noopener nofollow\">ra\u017eot\u0101ja t\u012bmek\u013ca vietn\u0113<\/a><\/strong> vai nos\u016btiet mums piepras\u012bjumu!<\/p>","protected":false},"excerpt":{"rendered":"<p><strong>Pied\u0101v\u0101jam pla\u0161u mazg\u0101\u0161anas l\u012bdzek\u013cu izv\u0113li no It\u0101lijas ra\u017eot\u0101ja &quot;CISA Group Srl&quot;<\/strong>, kura uz\u0146\u0113mums koncentr\u0113jas uz produktu un procesu efektivit\u0101tes nep\u0101rtrauktu uzlabo\u0161anu, cen\u0161oties pied\u0101v\u0101t lab\u0101kos tehnolo\u0123iskos risin\u0101jumus medic\u012bnas, tehniski zin\u0101tnisk\u0101s p\u0113tniec\u012bbas un r\u016bpniec\u012bbas nozar\u0113m kopum\u0101.<\/p>","protected":false},"featured_media":17821,"template":"","meta":[],"product_cat":[84,76,77,119],"product_tag":[247,251,605,249,661,250],"class_list":{"0":"post-15768","1":"product","2":"type-product","3":"status-publish","4":"has-post-thumbnail","6":"product_brand-cisa-group-s-r-l","7":"product_cat-bendra-laboratorine-iranga","8":"product_cat-laboratorine-iranga","9":"product_cat-medicinines-priemones-ir-iranga","10":"product_cat-plovimo-dezinfekavimo-iranga","11":"product_tag-cisa-group-s-r-l","12":"product_tag-disinfectors","13":"product_tag-laboratorine-plovykle","14":"product_tag-laboratorines-plovykles","15":"product_tag-pastatomos-automatines-plovimo-dezinfekavimo-masinos","16":"product_tag-washers","18":"first","19":"onbackorder","20":"shipping-taxable","21":"purchasable","22":"product-type-variable"},"_links":{"self":[{"href":"https:\/\/labostera.lt\/lv\/wp-json\/wp\/v2\/product\/15768","targetHints":{"allow":["GET"]}}],"collection":[{"href":"https:\/\/labostera.lt\/lv\/wp-json\/wp\/v2\/product"}],"about":[{"href":"https:\/\/labostera.lt\/lv\/wp-json\/wp\/v2\/types\/product"}],"wp:featuredmedia":[{"embeddable":true,"href":"https:\/\/labostera.lt\/lv\/wp-json\/wp\/v2\/media\/17821"}],"wp:attachment":[{"href":"https:\/\/labostera.lt\/lv\/wp-json\/wp\/v2\/media?parent=15768"}],"wp:term":[{"taxonomy":"product_cat","embeddable":true,"href":"https:\/\/labostera.lt\/lv\/wp-json\/wp\/v2\/product_cat?post=15768"},{"taxonomy":"product_tag","embeddable":true,"href":"https:\/\/labostera.lt\/lv\/wp-json\/wp\/v2\/product_tag?post=15768"}],"curies":[{"name":"wp","href":"https:\/\/api.w.org\/{rel}","templated":true}]}}