{"id":15725,"date":"2023-10-12T07:08:14","date_gmt":"2023-10-12T07:08:14","guid":{"rendered":"http:\/\/labostera.lt\/?post_type=product&#038;p=15725"},"modified":"2024-06-06T12:54:58","modified_gmt":"2024-06-06T09:54:58","slug":"pastatomas-autoklavas-cisa-p-h-standing-autoclave","status":"publish","type":"product","link":"https:\/\/labostera.lt\/lv\/priemones-ir-iranga\/laboratorine-iranga\/bendra-laboratorine-iranga\/autoklavai-ir-sterilizatoriai\/pastatomas-autoklavas-cisa-p-h-standing-autoclave\/","title":{"rendered":"CISA PH st\u0101vo\u0161ais autokl\u0101vs"},"content":{"rendered":"<h2><strong>CISA Group Srl PH gr\u012bdas autokl\u0101vs<\/strong><\/h2>\n<p>Br\u012bvi st\u0101vo\u0161u autokl\u0101vu raksturojums:<\/p>\n<ul>\n<li>Ier\u012bces ir paredz\u0113tas medic\u012bniskiem nol\u016bkiem un t\u0101m ir MD IIB KLASES 93\/42\/EK sertifik\u0101ts;<\/li>\n<li>Medic\u012bnas laboratoriju autokl\u0101vi ar kvadr\u0101tveida kameras formu (iz\u0146emot modeli P-3270 H Mini) un vertik\u0101l\u0101m durv\u012bm;<\/li>\n<li>Uz gr\u012bdas novietojami autokl\u0101vi ar kameras tilpumu no 71 l\u012bdz 1478 litriem;<\/li>\n<li>Autokl\u0101vu var individu\u0101li piel\u0101got j\u016bsu steriliz\u0101cijas uzdevumiem.<\/li>\n<\/ul>\n<h3>Medic\u012bnas laboratoriju steriliz\u0101cijas risin\u0101jumi \u2013 <a href=\"http:\/\/labostera.lt\/lv\/product-brand\/cisa-group-s-r-l\/\" target=\"_blank\" rel=\"noopener\">CISA grupa Srl.<\/a> Tiek ra\u017eoti PH autokl\u0101vi.<\/h3>\n<p>Vair\u0101k inform\u0101cijas: <strong><a href=\"https:\/\/cisagroup.it\/en\/healthcare\/\" target=\"_blank\" rel=\"noopener nofollow\">ra\u017eot\u0101ja t\u012bmek\u013ca vietn\u0113<\/a><\/strong> vai nos\u016btiet mums piepras\u012bjumu!<\/p>","protected":false},"excerpt":{"rendered":"<p><strong>Pied\u0101v\u0101jam pla\u0161u autokl\u0101vu izv\u0113li no It\u0101lijas ra\u017eot\u0101ja &quot;CISA Group Srl&quot;<\/strong>, kura uz\u0146\u0113mums koncentr\u0113jas uz produktu un procesu efektivit\u0101tes nep\u0101rtrauktu uzlabo\u0161anu, cen\u0161oties pied\u0101v\u0101t lab\u0101kos tehnolo\u0123iskos risin\u0101jumus medic\u012bnas, tehniski zin\u0101tnisk\u0101s p\u0113tniec\u012bbas un r\u016bpniec\u012bbas nozar\u0113m kopum\u0101.<\/p>","protected":false},"featured_media":17818,"template":"","meta":[],"product_cat":[111,84,76,77],"product_tag":[247,604,232,233],"class_list":{"0":"post-15725","1":"product","2":"type-product","3":"status-publish","4":"has-post-thumbnail","6":"product_brand-cisa-group-s-r-l","7":"product_cat-autoklavai-ir-sterilizatoriai","8":"product_cat-bendra-laboratorine-iranga","9":"product_cat-laboratorine-iranga","10":"product_cat-medicinines-priemones-ir-iranga","11":"product_tag-cisa-group-s-r-l","12":"product_tag-pastatomas-autoklavas","13":"product_tag-pastatomi-autoklavai","14":"product_tag-standing-autoclaves","16":"first","17":"onbackorder","18":"shipping-taxable","19":"purchasable","20":"product-type-variable"},"_links":{"self":[{"href":"https:\/\/labostera.lt\/lv\/wp-json\/wp\/v2\/product\/15725","targetHints":{"allow":["GET"]}}],"collection":[{"href":"https:\/\/labostera.lt\/lv\/wp-json\/wp\/v2\/product"}],"about":[{"href":"https:\/\/labostera.lt\/lv\/wp-json\/wp\/v2\/types\/product"}],"wp:featuredmedia":[{"embeddable":true,"href":"https:\/\/labostera.lt\/lv\/wp-json\/wp\/v2\/media\/17818"}],"wp:attachment":[{"href":"https:\/\/labostera.lt\/lv\/wp-json\/wp\/v2\/media?parent=15725"}],"wp:term":[{"taxonomy":"product_cat","embeddable":true,"href":"https:\/\/labostera.lt\/lv\/wp-json\/wp\/v2\/product_cat?post=15725"},{"taxonomy":"product_tag","embeddable":true,"href":"https:\/\/labostera.lt\/lv\/wp-json\/wp\/v2\/product_tag?post=15725"}],"curies":[{"name":"wp","href":"https:\/\/api.w.org\/{rel}","templated":true}]}}