{"id":15703,"date":"2023-10-12T05:52:37","date_gmt":"2023-10-12T05:52:37","guid":{"rendered":"http:\/\/labostera.lt\/?post_type=product&#038;p=15703"},"modified":"2024-05-24T15:48:35","modified_gmt":"2024-05-24T12:48:35","slug":"liofilizatorius-zirbus-tsublimator-freeze-dryer-lyophilizer","status":"publish","type":"product","link":"https:\/\/labostera.lt\/lv\/priemones-ir-iranga\/laboratorine-iranga\/bendra-laboratorine-iranga\/liofilizatoriai-ir-vakuuminiai-koncentratoriai\/liofilizatorius-zirbus-tsublimator-freeze-dryer-lyophilizer\/","title":{"rendered":"Liofilizators ZIRBUS TSublimators Sald\u017e\u0101v\u0113t\u0101js Liofilizators"},"content":{"rendered":"<h2><strong>\u201e&quot;ZIRBUS Technology GmbH&quot; sublimatora liofilizators<\/strong><\/h2>\n<p>Liofilizatoru raksturojums:<\/p>\n<ul>\n<li>Projekt\u0113t\u0101s iek\u0101rtas ir paredz\u0113tas arheolo\u0123isko atradumu arh\u012bva atg\u016b\u0161anai un \u017e\u0101v\u0113\u0161anai, k\u0101 ar\u012b citiem atg\u016b\u0161anas uzdevumiem, tostarp PEG (polietil\u0113nglikol\u0101) konserv\u0113tu koka atradumu, piem\u0113ram, ku\u0123u deta\u013cu, laivu, ku\u0123u vraku u.c., atg\u016b\u0161anai;<\/li>\n<li>Apr\u012bkots ar diviem ledus kondensatoriem, kas nodro\u0161ina ilgsto\u0161u darb\u012bbu l\u012bdz pat 12 m\u0113ne\u0161iem;<\/li>\n<li>Pieejams da\u017e\u0101dos kameras izm\u0113ros, ar maksim\u0101lo nomin\u0101lo diametru l\u012bdz 2 metriem un garumu l\u012bdz 10 metriem.<\/li>\n<\/ul>\n<h3>Arheolo\u0123isko atradumu lietu restaur\u0101cija un \u017e\u0101v\u0113\u0161ana \u2013 <a href=\"http:\/\/labostera.lt\/lv\/product-brand\/zirbus-technology-gmbh\/\" target=\"_blank\" rel=\"noopener\">ZIRBUS Technology GmbH<\/a> Sublimatora liofilizatori.<\/h3>\n<p>Vair\u0101k inform\u0101cijas: <strong><a href=\"https:\/\/www.zirbus.com\/archaeology-and-file-rescue\/\" target=\"_blank\" rel=\"noopener nofollow\">ra\u017eot\u0101ja t\u012bmek\u013ca vietn\u0113<\/a><\/strong> vai nos\u016btiet mums piepras\u012bjumu!<\/p>","protected":false},"excerpt":{"rendered":"<p><strong>Pied\u0101v\u0101jam pla\u0161u v\u0101cu ra\u017eot\u0101ja &quot;ZIRBUS Technology GmbH&quot; liofilizatoru izv\u0113li.<\/strong>, kura uz\u0146\u0113mums koncentr\u0113jas uz produktu un procesu efektivit\u0101tes nep\u0101rtrauktu uzlabo\u0161anu, cen\u0161oties pied\u0101v\u0101t lab\u0101kos tehnolo\u0123iskos risin\u0101jumus medic\u012bnas, tehniski zin\u0101tnisk\u0101s p\u0113tniec\u012bbas un r\u016bpniec\u012bbas nozar\u0113m kopum\u0101.<\/p>","protected":false},"featured_media":15722,"template":"","meta":[],"product_cat":[84,76,122],"product_tag":[245,243,606,244,226],"class_list":{"0":"post-15703","1":"product","2":"type-product","3":"status-publish","4":"has-post-thumbnail","6":"product_brand-zirbus-technology-gmbh","7":"product_cat-bendra-laboratorine-iranga","8":"product_cat-laboratorine-iranga","9":"product_cat-liofilizatoriai-ir-vakuuminiai-koncentratoriai","10":"product_tag-freeze-dryers","11":"product_tag-liofilizatoriai","12":"product_tag-liofilizatorius","13":"product_tag-lyophilizers","14":"product_tag-zirbus-technology-gmbh","16":"first","17":"onbackorder","18":"shipping-taxable","19":"purchasable","20":"product-type-variable"},"_links":{"self":[{"href":"https:\/\/labostera.lt\/lv\/wp-json\/wp\/v2\/product\/15703","targetHints":{"allow":["GET"]}}],"collection":[{"href":"https:\/\/labostera.lt\/lv\/wp-json\/wp\/v2\/product"}],"about":[{"href":"https:\/\/labostera.lt\/lv\/wp-json\/wp\/v2\/types\/product"}],"wp:featuredmedia":[{"embeddable":true,"href":"https:\/\/labostera.lt\/lv\/wp-json\/wp\/v2\/media\/15722"}],"wp:attachment":[{"href":"https:\/\/labostera.lt\/lv\/wp-json\/wp\/v2\/media?parent=15703"}],"wp:term":[{"taxonomy":"product_cat","embeddable":true,"href":"https:\/\/labostera.lt\/lv\/wp-json\/wp\/v2\/product_cat?post=15703"},{"taxonomy":"product_tag","embeddable":true,"href":"https:\/\/labostera.lt\/lv\/wp-json\/wp\/v2\/product_tag?post=15703"}],"curies":[{"name":"wp","href":"https:\/\/api.w.org\/{rel}","templated":true}]}}