{"id":15672,"date":"2023-10-11T13:51:45","date_gmt":"2023-10-11T13:51:45","guid":{"rendered":"http:\/\/labostera.lt\/?post_type=product&#038;p=15672"},"modified":"2024-05-24T15:48:12","modified_gmt":"2024-05-24T12:48:12","slug":"liofilizatorius-zirbus-eks-freeze-dryer-lyophilizer","status":"publish","type":"product","link":"https:\/\/labostera.lt\/lv\/priemones-ir-iranga\/laboratorine-iranga\/bendra-laboratorine-iranga\/liofilizatoriai-ir-vakuuminiai-koncentratoriai\/liofilizatorius-zirbus-eks-freeze-dryer-lyophilizer\/","title":{"rendered":"Liofilizators ZIRBUS EKS sald\u0113\u0161anas \u017e\u0101v\u0113t\u0101js liofilizators"},"content":{"rendered":"<h2><strong>\u201eZIRBUS Technology GmbH EKS liofilizators<\/strong><\/h2>\n<p>Liofilizatoru raksturojums:<\/p>\n<ul>\n<li>EKS s\u0113rijas liofilizatori ir \u012bpa\u0161i piem\u0113roti \u0161\u0137idrumu, piem\u0113ram, piena, kolag\u0113na \u017eelejas u.\u00a0c., \u017e\u0101v\u0113\u0161anai;<\/li>\n<li>Ledus kondensators ir novietots tie\u0161i aiz plauktiem taj\u0101 pa\u0161\u0101 kamer\u0101 un ir lieliski piel\u0101gots plauktu izm\u0113ram;<\/li>\n<li>Plaukti tiek novietoti tie\u0161i uz pamatnes \u017e\u0101v\u0113\u0161anai, nodro\u0161inot tie\u0161u siltuma p\u0101rnesi, kas paz\u012bstama k\u0101 kontakta \u017e\u0101v\u0113\u0161ana;<\/li>\n<li>\u0160ie plaukti ir \u012bpa\u0161i ar to, ka tiem ir aukst\u0101 gaisa pl\u016bsma temperat\u016bras regul\u0113\u0161anai. Papildus \u0101rk\u0101rt\u012bgi prec\u012bzai kontrolei tas \u013cauj ar\u012b atdzes\u0113t un sild\u012bt pamatni.<\/li>\n<\/ul>\n<h3>Efekt\u012bva \u0161\u0137idru materi\u0101lu \u017e\u0101v\u0113\u0161ana \u2013 <a href=\"http:\/\/labostera.lt\/lv\/product-brand\/zirbus-technology-gmbh\/\" target=\"_blank\" rel=\"noopener\">ZIRBUS Technology GmbH<\/a> EKS liofilizatori.<\/h3>\n<p>Vair\u0101k inform\u0101cijas: <strong><a href=\"https:\/\/www.zirbus.com\/freeze-dryer\/bulk-freeze-dryer\/\" target=\"_blank\" rel=\"noopener nofollow\">ra\u017eot\u0101ja t\u012bmek\u013ca vietn\u0113<\/a><\/strong> vai nos\u016btiet mums piepras\u012bjumu!<\/p>","protected":false},"excerpt":{"rendered":"<p><strong>Pied\u0101v\u0101jam pla\u0161u v\u0101cu ra\u017eot\u0101ja &quot;ZIRBUS Technology GmbH&quot; liofilizatoru izv\u0113li.<\/strong>, kura uz\u0146\u0113mums koncentr\u0113jas uz produktu un procesu efektivit\u0101tes nep\u0101rtrauktu uzlabo\u0161anu, cen\u0161oties pied\u0101v\u0101t lab\u0101kos tehnolo\u0123iskos risin\u0101jumus medic\u012bnas, tehniski zin\u0101tnisk\u0101s p\u0113tniec\u012bbas un r\u016bpniec\u012bbas nozar\u0113m kopum\u0101.<\/p>","protected":false},"featured_media":15681,"template":"","meta":[],"product_cat":[84,76,122],"product_tag":[245,243,606,244,226],"class_list":{"0":"post-15672","1":"product","2":"type-product","3":"status-publish","4":"has-post-thumbnail","6":"product_brand-zirbus-technology-gmbh","7":"product_cat-bendra-laboratorine-iranga","8":"product_cat-laboratorine-iranga","9":"product_cat-liofilizatoriai-ir-vakuuminiai-koncentratoriai","10":"product_tag-freeze-dryers","11":"product_tag-liofilizatoriai","12":"product_tag-liofilizatorius","13":"product_tag-lyophilizers","14":"product_tag-zirbus-technology-gmbh","16":"first","17":"onbackorder","18":"shipping-taxable","19":"purchasable","20":"product-type-variable"},"_links":{"self":[{"href":"https:\/\/labostera.lt\/lv\/wp-json\/wp\/v2\/product\/15672","targetHints":{"allow":["GET"]}}],"collection":[{"href":"https:\/\/labostera.lt\/lv\/wp-json\/wp\/v2\/product"}],"about":[{"href":"https:\/\/labostera.lt\/lv\/wp-json\/wp\/v2\/types\/product"}],"wp:featuredmedia":[{"embeddable":true,"href":"https:\/\/labostera.lt\/lv\/wp-json\/wp\/v2\/media\/15681"}],"wp:attachment":[{"href":"https:\/\/labostera.lt\/lv\/wp-json\/wp\/v2\/media?parent=15672"}],"wp:term":[{"taxonomy":"product_cat","embeddable":true,"href":"https:\/\/labostera.lt\/lv\/wp-json\/wp\/v2\/product_cat?post=15672"},{"taxonomy":"product_tag","embeddable":true,"href":"https:\/\/labostera.lt\/lv\/wp-json\/wp\/v2\/product_tag?post=15672"}],"curies":[{"name":"wp","href":"https:\/\/api.w.org\/{rel}","templated":true}]}}