{"id":15643,"date":"2023-10-11T10:20:19","date_gmt":"2023-10-11T10:20:19","guid":{"rendered":"http:\/\/labostera.lt\/?post_type=product&#038;p=15643"},"modified":"2024-05-24T15:47:45","modified_gmt":"2024-05-24T12:47:45","slug":"liofilizatorius-zirbus-vaco-freeze-dryer-lyophilizer","status":"publish","type":"product","link":"https:\/\/labostera.lt\/lv\/priemones-ir-iranga\/laboratorine-iranga\/bendra-laboratorine-iranga\/liofilizatoriai-ir-vakuuminiai-koncentratoriai\/liofilizatorius-zirbus-vaco-freeze-dryer-lyophilizer\/","title":{"rendered":"Liofilizators ZIRBUS VaCo sald\u0113\u0161anas \u017e\u0101v\u0113t\u0101js liofilizators"},"content":{"rendered":"<h2><strong>\u201e&quot;ZIRBUS Technology GmbH&quot; VaCo liofilizators<\/strong><\/h2>\n<p>Liofilizatoru raksturojums:<\/p>\n<ul>\n<li>Modul\u0101ra sist\u0113ma, kas piem\u0113rota da\u017e\u0101diem laboratorijas uzdevumiem;<\/li>\n<li>Korpuss ir izgatavots no iztur\u012bga ner\u016bs\u0113jo\u0161\u0101 t\u0113rauda;<\/li>\n<li>Iek\u0101rtas ir pieejamas ar -50\u00b0C vai -80\u00b0C kondensatoru;<\/li>\n<li>Atbilst jaunajai ES g\u0101zes regulai (ES) Nr.\u00a0517\/2014.<\/li>\n<\/ul>\n<h3>Efekt\u012bva liofiliz\u0101cija \u2013 <a href=\"http:\/\/labostera.lt\/lv\/product-brand\/zirbus-technology-gmbh\/\" target=\"_blank\" rel=\"noopener\">ZIRBUS Technology GmbH<\/a> VaCo liofilizatori.<\/h3>\n<p>Vair\u0101k inform\u0101cijas: <strong><a href=\"https:\/\/www.zirbus.com\/freeze-dryer\/laboratory-freeze-dryer\/\" target=\"_blank\" rel=\"noopener nofollow\">ra\u017eot\u0101ja t\u012bmek\u013ca vietn\u0113<\/a><\/strong> vai nos\u016btiet mums piepras\u012bjumu!<\/p>","protected":false},"excerpt":{"rendered":"<p><strong>Pied\u0101v\u0101jam pla\u0161u v\u0101cu ra\u017eot\u0101ja &quot;ZIRBUS Technology GmbH&quot; liofilizatoru izv\u0113li.<\/strong>, kura uz\u0146\u0113mums koncentr\u0113jas uz produktu un procesu efektivit\u0101tes nep\u0101rtrauktu uzlabo\u0161anu, cen\u0161oties pied\u0101v\u0101t lab\u0101kos tehnolo\u0123iskos risin\u0101jumus medic\u012bnas, tehniski zin\u0101tnisk\u0101s p\u0113tniec\u012bbas un r\u016bpniec\u012bbas nozar\u0113m kopum\u0101.<\/p>","protected":false},"featured_media":15646,"template":"","meta":[],"product_cat":[84,76,122],"product_tag":[245,243,606,244,226],"class_list":{"0":"post-15643","1":"product","2":"type-product","3":"status-publish","4":"has-post-thumbnail","6":"product_brand-zirbus-technology-gmbh","7":"product_cat-bendra-laboratorine-iranga","8":"product_cat-laboratorine-iranga","9":"product_cat-liofilizatoriai-ir-vakuuminiai-koncentratoriai","10":"product_tag-freeze-dryers","11":"product_tag-liofilizatoriai","12":"product_tag-liofilizatorius","13":"product_tag-lyophilizers","14":"product_tag-zirbus-technology-gmbh","16":"first","17":"onbackorder","18":"shipping-taxable","19":"purchasable","20":"product-type-variable"},"_links":{"self":[{"href":"https:\/\/labostera.lt\/lv\/wp-json\/wp\/v2\/product\/15643","targetHints":{"allow":["GET"]}}],"collection":[{"href":"https:\/\/labostera.lt\/lv\/wp-json\/wp\/v2\/product"}],"about":[{"href":"https:\/\/labostera.lt\/lv\/wp-json\/wp\/v2\/types\/product"}],"wp:featuredmedia":[{"embeddable":true,"href":"https:\/\/labostera.lt\/lv\/wp-json\/wp\/v2\/media\/15646"}],"wp:attachment":[{"href":"https:\/\/labostera.lt\/lv\/wp-json\/wp\/v2\/media?parent=15643"}],"wp:term":[{"taxonomy":"product_cat","embeddable":true,"href":"https:\/\/labostera.lt\/lv\/wp-json\/wp\/v2\/product_cat?post=15643"},{"taxonomy":"product_tag","embeddable":true,"href":"https:\/\/labostera.lt\/lv\/wp-json\/wp\/v2\/product_tag?post=15643"}],"curies":[{"name":"wp","href":"https:\/\/api.w.org\/{rel}","templated":true}]}}