{"id":15629,"date":"2023-10-11T08:32:18","date_gmt":"2023-10-11T08:32:18","guid":{"rendered":"http:\/\/labostera.lt\/?post_type=product&#038;p=15629"},"modified":"2024-06-06T12:55:12","modified_gmt":"2024-06-06T09:55:12","slug":"vandens-naudoto-plovimui-sterilizatorius-zirbus-wws-wash-water-sterilizer","status":"publish","type":"product","link":"https:\/\/labostera.lt\/lv\/priemones-ir-iranga\/laboratorine-iranga\/bendra-laboratorine-iranga\/iranga-atlieku-nukenksminimui\/vandens-naudoto-plovimui-sterilizatorius-zirbus-wws-wash-water-sterilizer\/","title":{"rendered":"ZIRBUS WWS mazg\u0101\u0161anas \u016bdens sterilizators"},"content":{"rendered":"<h2><strong>Mazg\u0101\u0161anas \u016bdens sterilizators &quot;ZIRBUS Technology GmbH&quot; WWS<\/strong><\/h2>\n<p>\u016adens sterilizatoru raksturojums:<\/p>\n<ul>\n<li>\u016adens steriliz\u0101cija (\u016aS) tiek veikta laboratorij\u0101s 3. un 4. dro\u0161\u012bbas l\u012bmen\u012b;<\/li>\n<li>WWS nodro\u0161ina optim\u0101lu \u016bdens steriliz\u0101cijas risin\u0101jumu, ko var izmantot tie\u0161i j\u016bsu laboratorij\u0101;<\/li>\n<li>Mode\u013ci ir apr\u012bkoti ar visiem nepiecie\u0161amajiem piederumiem (bezkontakta silt\u0101 \u016bdens kr\u0101ns, ner\u016bs\u0113jo\u0161\u0101 t\u0113rauda izlietne utt.) dro\u0161ai lieto\u0161anai;<\/li>\n<li>Sterilizators sav\u0101c steriliz\u0113to \u016bdeni un uzglab\u0101 to steriliz\u0101cijas kamer\u0101;<\/li>\n<li>Steriliz\u0101cijas process s\u0101kas autom\u0101tiski, kad tiek sasniegts maksim\u0101lais \u016bdens l\u012bmenis, vai ar\u012b to var s\u0101kt lietot\u0101js;<\/li>\n<li>Viss steriliz\u0101cijas process ir piln\u012bb\u0101 autom\u0101tisks, l\u012bdz br\u012bdim, kad kamera ir j\u0101atdzes\u0113 un j\u0101iztuk\u0161o.<\/li>\n<\/ul>\n<h3>Optim\u0101ls risin\u0101jums \u016bdens steriliz\u0101cijai \u2013 <a href=\"http:\/\/labostera.lt\/lv\/product-brand\/zirbus-technology-gmbh\/\" target=\"_blank\" rel=\"noopener\">ZIRBUS Technology GmbH<\/a> WWS \u016bdens sterilizatori.<\/h3>\n<p>Vair\u0101k inform\u0101cijas: <strong><a href=\"https:\/\/www.zirbus.com\/autoclaves\/wash-water-sterilization\/\" target=\"_blank\" rel=\"noopener nofollow\">ra\u017eot\u0101ja t\u012bmek\u013ca vietn\u0113<\/a><\/strong> vai nos\u016btiet mums piepras\u012bjumu!<\/p>\n<div id=\"gtx-trans\" style=\"position: absolute; left: 947px; top: 156px;\">\n<div class=\"gtx-trans-icon\"><\/div>\n<\/div>","protected":false},"excerpt":{"rendered":"<p><strong>Pied\u0101v\u0101jam pla\u0161u sterilizatoru izv\u0113li no v\u0101cu ra\u017eot\u0101ja &quot;ZIRBUS Technology GmbH&quot;<\/strong>, kura uz\u0146\u0113mums koncentr\u0113jas uz produktu un procesu efektivit\u0101tes nep\u0101rtrauktu uzlabo\u0161anu, cen\u0161oties pied\u0101v\u0101t lab\u0101kos tehnolo\u0123iskos risin\u0101jumus medic\u012bnas, tehniski zin\u0101tnisk\u0101s p\u0113tniec\u012bbas un r\u016bpniec\u012bbas nozar\u0113m kopum\u0101.<\/p>","protected":false},"featured_media":15634,"template":"","meta":[],"product_cat":[118,84,76,131],"product_tag":[238,608,239,226],"class_list":{"0":"post-15629","1":"product","2":"type-product","3":"status-publish","4":"has-post-thumbnail","6":"product_brand-zirbus-technology-gmbh","7":"product_cat-iranga-atlieku-nukenksminimui","8":"product_cat-bendra-laboratorine-iranga","9":"product_cat-laboratorine-iranga","10":"product_cat-vandens-paruosimo-iranga","11":"product_tag-vandens-sterilizatoriai","12":"product_tag-vandens-sterilizatorius","13":"product_tag-wash-water-sterilizers","14":"product_tag-zirbus-technology-gmbh","16":"first","17":"onbackorder","18":"shipping-taxable","19":"purchasable","20":"product-type-variable"},"_links":{"self":[{"href":"https:\/\/labostera.lt\/lv\/wp-json\/wp\/v2\/product\/15629","targetHints":{"allow":["GET"]}}],"collection":[{"href":"https:\/\/labostera.lt\/lv\/wp-json\/wp\/v2\/product"}],"about":[{"href":"https:\/\/labostera.lt\/lv\/wp-json\/wp\/v2\/types\/product"}],"wp:featuredmedia":[{"embeddable":true,"href":"https:\/\/labostera.lt\/lv\/wp-json\/wp\/v2\/media\/15634"}],"wp:attachment":[{"href":"https:\/\/labostera.lt\/lv\/wp-json\/wp\/v2\/media?parent=15629"}],"wp:term":[{"taxonomy":"product_cat","embeddable":true,"href":"https:\/\/labostera.lt\/lv\/wp-json\/wp\/v2\/product_cat?post=15629"},{"taxonomy":"product_tag","embeddable":true,"href":"https:\/\/labostera.lt\/lv\/wp-json\/wp\/v2\/product_tag?post=15629"}],"curies":[{"name":"wp","href":"https:\/\/api.w.org\/{rel}","templated":true}]}}