{"id":15562,"date":"2023-10-11T07:20:25","date_gmt":"2023-10-11T07:20:25","guid":{"rendered":"http:\/\/labostera.lt\/?post_type=product&#038;p=15562"},"modified":"2024-06-06T12:55:35","modified_gmt":"2024-06-06T09:55:35","slug":"pastatomas-autoklavas-zirbus-hst-standing-autoclave","status":"publish","type":"product","link":"https:\/\/labostera.lt\/lv\/priemones-ir-iranga\/laboratorine-iranga\/bendra-laboratorine-iranga\/autoklavai-ir-sterilizatoriai\/pastatomas-autoklavas-zirbus-hst-standing-autoclave\/","title":{"rendered":"St\u0101vo\u0161ais autokl\u0101vs ZIRBUS HST st\u0101vo\u0161ais autokl\u0101vs"},"content":{"rendered":"<h2><strong>ZIRBUS Technology GmbH HST gr\u012bdas autokl\u0101vs<\/strong><\/h2>\n<p>Br\u012bvi st\u0101vo\u0161a autokl\u0101va raksturojums:<\/p>\n<ul>\n<li>Autokl\u0101vi laboratorij\u0101m un ra\u017eo\u0161anai ar kvadr\u0101tveida kameras formu un vertik\u0101l\u0101m durv\u012bm;<\/li>\n<li>Uz gr\u012bdas novietojami autokl\u0101vi ar kameras tilpumu no 150 l\u012bdz 3087 litriem;<\/li>\n<li>Optim\u0101ls risin\u0101jums j\u016bsu laboratorijas telpai;<\/li>\n<li>Autokl\u0101vu var individu\u0101li piel\u0101got j\u016bsu steriliz\u0101cijas uzdevumiem;<\/li>\n<li>Ir daudz iesp\u0113ju, neatkar\u012bgi no t\u0101, vai tas ir vienas durvis vai p\u0101rn\u0113s\u0101jams autokl\u0101vs ar g\u0101zes ierobe\u017eo\u0161anas nodal\u012bjumu.<\/li>\n<\/ul>\n<h3>Steriliz\u0101cijas efektivit\u0101te ir nodro\u0161in\u0101ta \u2013 <a href=\"http:\/\/labostera.lt\/lv\/product-brand\/zirbus-technology-gmbh\/\" target=\"_blank\" rel=\"noopener\">ZIRBUS Technology GmbH<\/a> Tiek ra\u017eoti HST autokl\u0101vi.<\/h3>\n<p>Vair\u0101k inform\u0101cijas: <strong><a href=\"https:\/\/www.zirbus.com\/autoclaves\/floor-standing-autoclaves\/\" target=\"_blank\" rel=\"noopener nofollow\">ra\u017eot\u0101ja t\u012bmek\u013ca vietn\u0113<\/a><\/strong> vai nos\u016btiet mums piepras\u012bjumu!<\/p>","protected":false},"excerpt":{"rendered":"<p><strong>Pied\u0101v\u0101jam pla\u0161u autokl\u0101vu izv\u0113li no v\u0101cu ra\u017eot\u0101ja &quot;ZIRBUS Technology GmbH&quot;<\/strong>, kura uz\u0146\u0113mums koncentr\u0113jas uz produktu un procesu efektivit\u0101tes nep\u0101rtrauktu uzlabo\u0161anu, cen\u0161oties pied\u0101v\u0101t lab\u0101kos tehnolo\u0123iskos risin\u0101jumus medic\u012bnas, tehniski zin\u0101tnisk\u0101s p\u0113tniec\u012bbas un r\u016bpniec\u012bbas nozar\u0113m kopum\u0101.<\/p>","protected":false},"featured_media":15567,"template":"","meta":[],"product_cat":[111,84,76],"product_tag":[232,233,226],"class_list":{"0":"post-15562","1":"product","2":"type-product","3":"status-publish","4":"has-post-thumbnail","6":"product_brand-zirbus-technology-gmbh","7":"product_cat-autoklavai-ir-sterilizatoriai","8":"product_cat-bendra-laboratorine-iranga","9":"product_cat-laboratorine-iranga","10":"product_tag-pastatomi-autoklavai","11":"product_tag-standing-autoclaves","12":"product_tag-zirbus-technology-gmbh","14":"first","15":"onbackorder","16":"shipping-taxable","17":"purchasable","18":"product-type-variable"},"_links":{"self":[{"href":"https:\/\/labostera.lt\/lv\/wp-json\/wp\/v2\/product\/15562","targetHints":{"allow":["GET"]}}],"collection":[{"href":"https:\/\/labostera.lt\/lv\/wp-json\/wp\/v2\/product"}],"about":[{"href":"https:\/\/labostera.lt\/lv\/wp-json\/wp\/v2\/types\/product"}],"wp:featuredmedia":[{"embeddable":true,"href":"https:\/\/labostera.lt\/lv\/wp-json\/wp\/v2\/media\/15567"}],"wp:attachment":[{"href":"https:\/\/labostera.lt\/lv\/wp-json\/wp\/v2\/media?parent=15562"}],"wp:term":[{"taxonomy":"product_cat","embeddable":true,"href":"https:\/\/labostera.lt\/lv\/wp-json\/wp\/v2\/product_cat?post=15562"},{"taxonomy":"product_tag","embeddable":true,"href":"https:\/\/labostera.lt\/lv\/wp-json\/wp\/v2\/product_tag?post=15562"}],"curies":[{"name":"wp","href":"https:\/\/api.w.org\/{rel}","templated":true}]}}