{"id":15551,"date":"2023-10-11T06:26:55","date_gmt":"2023-10-11T06:26:55","guid":{"rendered":"http:\/\/labostera.lt\/?post_type=product&#038;p=15551"},"modified":"2024-06-06T12:55:35","modified_gmt":"2024-06-06T09:55:35","slug":"vertikalus-autoklavas-zirbus-lvsa-vertical-autoclave","status":"publish","type":"product","link":"https:\/\/labostera.lt\/lv\/priemones-ir-iranga\/laboratorine-iranga\/bendra-laboratorine-iranga\/autoklavai-ir-sterilizatoriai\/vertikalus-autoklavas-zirbus-lvsa-vertical-autoclave\/","title":{"rendered":"Vertik\u0101lais autokl\u0101vs ZIRBUS LVSA vertik\u0101lais autokl\u0101vs"},"content":{"rendered":"<h2><strong>\u201eZIRBUS Technology GmbH LVSA vertik\u0101lais autokl\u0101vs<\/strong><\/h2>\n<p>Vertik\u0101lo autokl\u0101vu raksturojums:<\/p>\n<ul>\n<li>Vertik\u0101l\u0101 tipa autokl\u0101vi ar 80\u2013153 litru kameru;<\/li>\n<li>Laboratorijas vertik\u0101lie autokl\u0101vi, sa\u012bsin\u0101ti LVSA, izce\u013cas ar zemu iekrau\u0161anas augstumu un lieto\u0161anas \u0113rtumu;<\/li>\n<li>Iesp\u0113ja izv\u0113l\u0113ties starp da\u017e\u0101d\u0101m ietilp\u012bb\u0101m un funkcij\u0101m, lai t\u0101s atbilstu j\u016bsu steriliz\u0101cijas vajadz\u012bb\u0101m.<\/li>\n<\/ul>\n<h3>Izv\u0113lieties efekt\u012bvus autokl\u0101vus no v\u0101cu ra\u017eot\u0101ja \u2013 <a href=\"http:\/\/labostera.lt\/lv\/product-brand\/zirbus-technology-gmbh\/\" target=\"_blank\" rel=\"noopener\">ZIRBUS Technology GmbH<\/a> LVSA s\u0113rijas vertik\u0101lie autokl\u0101vi.<\/h3>\n<p>Vair\u0101k inform\u0101cijas: <strong><a href=\"https:\/\/www.zirbus.com\/autoclaves\/vertical-autoclaves\/\" target=\"_blank\" rel=\"noopener nofollow\">ra\u017eot\u0101ja t\u012bmek\u013ca vietn\u0113<\/a><\/strong> vai nos\u016btiet mums piepras\u012bjumu!<\/p>","protected":false},"excerpt":{"rendered":"<p><strong>Pied\u0101v\u0101jam pla\u0161u autokl\u0101vu izv\u0113li no v\u0101cu ra\u017eot\u0101ja &quot;ZIRBUS Technology GmbH&quot;<\/strong>, kura uz\u0146\u0113mums koncentr\u0113jas uz produktu un procesu efektivit\u0101tes nep\u0101rtrauktu uzlabo\u0161anu, cen\u0161oties pied\u0101v\u0101t lab\u0101kos tehnolo\u0123iskos risin\u0101jumus medic\u012bnas, tehniski zin\u0101tnisk\u0101s p\u0113tniec\u012bbas un r\u016bpniec\u012bbas nozar\u0113m kopum\u0101.<\/p>","protected":false},"featured_media":15560,"template":"","meta":[],"product_cat":[111,84,76],"product_tag":[236,235,609,226],"class_list":{"0":"post-15551","1":"product","2":"type-product","3":"status-publish","4":"has-post-thumbnail","6":"product_brand-zirbus-technology-gmbh","7":"product_cat-autoklavai-ir-sterilizatoriai","8":"product_cat-bendra-laboratorine-iranga","9":"product_cat-laboratorine-iranga","10":"product_tag-vertical-autoclaves","11":"product_tag-vertikalus-autoklavai","12":"product_tag-vertikalus-autoklavas","13":"product_tag-zirbus-technology-gmbh","15":"first","16":"onbackorder","17":"shipping-taxable","18":"purchasable","19":"product-type-variable"},"_links":{"self":[{"href":"https:\/\/labostera.lt\/lv\/wp-json\/wp\/v2\/product\/15551","targetHints":{"allow":["GET"]}}],"collection":[{"href":"https:\/\/labostera.lt\/lv\/wp-json\/wp\/v2\/product"}],"about":[{"href":"https:\/\/labostera.lt\/lv\/wp-json\/wp\/v2\/types\/product"}],"wp:featuredmedia":[{"embeddable":true,"href":"https:\/\/labostera.lt\/lv\/wp-json\/wp\/v2\/media\/15560"}],"wp:attachment":[{"href":"https:\/\/labostera.lt\/lv\/wp-json\/wp\/v2\/media?parent=15551"}],"wp:term":[{"taxonomy":"product_cat","embeddable":true,"href":"https:\/\/labostera.lt\/lv\/wp-json\/wp\/v2\/product_cat?post=15551"},{"taxonomy":"product_tag","embeddable":true,"href":"https:\/\/labostera.lt\/lv\/wp-json\/wp\/v2\/product_tag?post=15551"}],"curies":[{"name":"wp","href":"https:\/\/api.w.org\/{rel}","templated":true}]}}