{"id":15535,"date":"2023-10-10T14:02:40","date_gmt":"2023-10-10T14:02:40","guid":{"rendered":"http:\/\/labostera.lt\/?post_type=product&#038;p=15535"},"modified":"2024-06-06T12:55:51","modified_gmt":"2024-06-06T09:55:51","slug":"stalinis-autoklavas-zirbus-labstar-benchtop-autoclave","status":"publish","type":"product","link":"https:\/\/labostera.lt\/lv\/priemones-ir-iranga\/laboratorine-iranga\/bendra-laboratorine-iranga\/autoklavai-ir-sterilizatoriai\/stalinis-autoklavas-zirbus-labstar-benchtop-autoclave\/","title":{"rendered":"Galda autokl\u0101vs ZIRBUS LabStar galda autokl\u0101vs"},"content":{"rendered":"<h2><strong>ZIRBUS Technology GmbH LabStar galda autokl\u0101vs<\/strong><\/h2>\n<p>Galda autokl\u0101vu raksturojums:<\/p>\n<ul>\n<li>Autokl\u0101vu kamer\u0101m ir apa\u013ca un kvadr\u0101tveida konstrukcija;<\/li>\n<li>Kamera ir paredz\u0113ta standarta kolbu optim\u0101lai uzl\u0101d\u0113\u0161anai;<\/li>\n<li>Autokl\u0101vi ir pieejami se\u0161os da\u017e\u0101dos izm\u0113ros.<\/li>\n<\/ul>\n<p>LabStar galda autokl\u0101vi \u2013 augstas kvalit\u0101tes risin\u0101jumi j\u016bsu steriliz\u0101cijas vajadz\u012bb\u0101m. \u0160ie autokl\u0101vi ar apa\u013c\u0101m un kvadr\u0101tveida kamer\u0101m ir paredz\u0113ti, lai nodro\u0161in\u0101tu ne tikai efekt\u012bvu steriliz\u0101cijas procesu, bet ar\u012b optim\u0101lu standarta laboratorijas kolbu iel\u0101di.<br \/>\nLabStar s\u0113rija ir v\u0113rt\u012bga izv\u0113le, kas nodro\u0161ina ne tikai jaud\u012bgu un uzticamu veiktsp\u0113ju, bet ar\u012b \u0113rtu lieto\u0161anu. Tas ir lielisks risin\u0101jums medic\u012bnas, p\u0113tniec\u012bbas vai r\u016bpniec\u012bbas nozar\u0113, kur nepiecie\u0161ama prec\u012bza un efekt\u012bva steriliz\u0101cija.<\/p>\n<h3>Izv\u0113lieties efekt\u012bvus autokl\u0101vus no v\u0101cu ra\u017eot\u0101ja \u2013 <a href=\"http:\/\/labostera.lt\/lv\/product-brand\/zirbus-technology-gmbh\/\" target=\"_blank\" rel=\"noopener\">ZIRBUS Technology GmbH<\/a> LabStar s\u0113rijas galda autokl\u0101vi.<\/h3>\n<p>Vair\u0101k inform\u0101cijas: <strong><a href=\"https:\/\/www.zirbus.com\/autoclaves\/table-top-autoclaves\/\" target=\"_blank\" rel=\"noopener nofollow\">ra\u017eot\u0101ja t\u012bmek\u013ca vietn\u0113<\/a><\/strong> vai nos\u016btiet mums piepras\u012bjumu!<\/p>","protected":false},"excerpt":{"rendered":"<p><strong>Pied\u0101v\u0101jam pla\u0161u autokl\u0101vu izv\u0113li no v\u0101cu ra\u017eot\u0101ja &quot;ZIRBUS Technology GmbH&quot;<\/strong>, kura uz\u0146\u0113mums koncentr\u0113jas uz produktu un procesu efektivit\u0101tes nep\u0101rtrauktu uzlabo\u0161anu, cen\u0161oties pied\u0101v\u0101t lab\u0101kos tehnolo\u0123iskos risin\u0101jumus medic\u012bnas, tehniski zin\u0101tnisk\u0101s p\u0113tniec\u012bbas un r\u016bpniec\u012bbas nozar\u0113m kopum\u0101.<\/p>","protected":false},"featured_media":15548,"template":"","meta":[],"product_cat":[111,84,76],"product_tag":[225,610,224,226],"class_list":{"0":"post-15535","1":"product","2":"type-product","3":"status-publish","4":"has-post-thumbnail","6":"product_brand-zirbus-technology-gmbh","7":"product_cat-autoklavai-ir-sterilizatoriai","8":"product_cat-bendra-laboratorine-iranga","9":"product_cat-laboratorine-iranga","10":"product_tag-staliniai-autoklavai","11":"product_tag-stalinis-autoklavas","12":"product_tag-tabletop-autoclaves","13":"product_tag-zirbus-technology-gmbh","15":"first","16":"onbackorder","17":"shipping-taxable","18":"purchasable","19":"product-type-variable"},"_links":{"self":[{"href":"https:\/\/labostera.lt\/lv\/wp-json\/wp\/v2\/product\/15535","targetHints":{"allow":["GET"]}}],"collection":[{"href":"https:\/\/labostera.lt\/lv\/wp-json\/wp\/v2\/product"}],"about":[{"href":"https:\/\/labostera.lt\/lv\/wp-json\/wp\/v2\/types\/product"}],"wp:featuredmedia":[{"embeddable":true,"href":"https:\/\/labostera.lt\/lv\/wp-json\/wp\/v2\/media\/15548"}],"wp:attachment":[{"href":"https:\/\/labostera.lt\/lv\/wp-json\/wp\/v2\/media?parent=15535"}],"wp:term":[{"taxonomy":"product_cat","embeddable":true,"href":"https:\/\/labostera.lt\/lv\/wp-json\/wp\/v2\/product_cat?post=15535"},{"taxonomy":"product_tag","embeddable":true,"href":"https:\/\/labostera.lt\/lv\/wp-json\/wp\/v2\/product_tag?post=15535"}],"curies":[{"name":"wp","href":"https:\/\/api.w.org\/{rel}","templated":true}]}}