{"id":15518,"date":"2023-10-10T11:55:56","date_gmt":"2023-10-10T11:55:56","guid":{"rendered":"http:\/\/labostera.lt\/?post_type=product&#038;p=15518"},"modified":"2024-01-18T07:09:42","modified_gmt":"2024-01-18T07:09:42","slug":"kranu-svarstykles-gram-cr-cr-s-series-crane-scales","status":"publish","type":"product","link":"https:\/\/labostera.lt\/lv\/priemones-ir-iranga\/laboratorine-iranga\/bendra-laboratorine-iranga\/svarstykles\/industrines-svarstykles\/kranu-svarstykles-gram-cr-cr-s-series-crane-scales\/","title":{"rendered":"Kr\u0101na svari GRAM CR \/ CR-S s\u0113rijas kr\u0101na svari"},"content":{"rendered":"<h2><strong>\u201eGRAM Precision SL CR \/ CR-S s\u0113rijas celt\u0146a svari<\/strong><\/h2>\n<p>Kr\u0101na svaru raksturlielumi:<\/p>\n<ul>\n<li>\u012apa\u0161i smagu r\u016bpniecisko izstr\u0101d\u0101jumu sv\u0113r\u0161anas kvalit\u0101tes kontrole;<\/li>\n<li>Fiziskas pogas un t\u0101lvad\u012bbas pults ar pamatfunkcij\u0101m;<\/li>\n<li>Izgatavots no iztur\u012bgas ABS plastmasas un t\u0113rauda.<\/li>\n<\/ul>\n<h3>Uzticieties r\u016bpnieciskajiem svariem \u2013 <a href=\"http:\/\/labostera.lt\/lv\/product-brand\/gram-precision-s-l\/\" target=\"_blank\" rel=\"noopener\">GRAM Precision SL<\/a> CR \/ CR-S s\u0113rijas kr\u0101nu svari.<\/h3>\n<p>Vair\u0101k inform\u0101cijas: <strong><a href=\"https:\/\/gram-group.com\/product\/gram-cr\/\" target=\"_blank\" rel=\"noopener nofollow\">ra\u017eot\u0101ja t\u012bmek\u013ca vietn\u0113<\/a><\/strong> vai nos\u016btiet mums piepras\u012bjumu!<\/p>","protected":false},"excerpt":{"rendered":"<p><strong>Pied\u0101v\u0101jam pla\u0161u svaru izv\u0113li no Sp\u0101nijas ra\u017eot\u0101ja &quot;GRAM Precision SL&quot;<\/strong>, kura uz\u0146\u0113mums koncentr\u0113jas uz produktu un procesu efektivit\u0101tes nep\u0101rtrauktu uzlabo\u0161anu, cen\u0161oties pied\u0101v\u0101t lab\u0101kos tehnolo\u0123iskos risin\u0101jumus medic\u012bnas, tehniski zin\u0101tnisk\u0101s p\u0113tniec\u012bbas un r\u016bpniec\u012bbas nozar\u0113m kopum\u0101.<\/p>","protected":false},"featured_media":15521,"template":"","meta":[],"product_cat":[84,198,219,76,129],"product_tag":[221,193,195,196,220],"class_list":{"0":"post-15518","1":"product","2":"type-product","3":"status-publish","4":"has-post-thumbnail","6":"product_brand-gram-precision-s-l","7":"product_cat-bendra-laboratorine-iranga","8":"product_cat-industrines-svarstykles","9":"product_cat-kranu-svarstykles","10":"product_cat-laboratorine-iranga","11":"product_cat-svarstykles","12":"product_tag-crane-scales","13":"product_tag-gram-precision-s-l","14":"product_tag-industrial-scales","15":"product_tag-industrines-svarstykles","16":"product_tag-kranu-svarstykles","18":"first","19":"onbackorder","20":"shipping-taxable","21":"purchasable","22":"product-type-variable"},"_links":{"self":[{"href":"https:\/\/labostera.lt\/lv\/wp-json\/wp\/v2\/product\/15518","targetHints":{"allow":["GET"]}}],"collection":[{"href":"https:\/\/labostera.lt\/lv\/wp-json\/wp\/v2\/product"}],"about":[{"href":"https:\/\/labostera.lt\/lv\/wp-json\/wp\/v2\/types\/product"}],"wp:featuredmedia":[{"embeddable":true,"href":"https:\/\/labostera.lt\/lv\/wp-json\/wp\/v2\/media\/15521"}],"wp:attachment":[{"href":"https:\/\/labostera.lt\/lv\/wp-json\/wp\/v2\/media?parent=15518"}],"wp:term":[{"taxonomy":"product_cat","embeddable":true,"href":"https:\/\/labostera.lt\/lv\/wp-json\/wp\/v2\/product_cat?post=15518"},{"taxonomy":"product_tag","embeddable":true,"href":"https:\/\/labostera.lt\/lv\/wp-json\/wp\/v2\/product_tag?post=15518"}],"curies":[{"name":"wp","href":"https:\/\/api.w.org\/{rel}","templated":true}]}}