{"id":15418,"date":"2023-10-09T10:43:41","date_gmt":"2023-10-09T10:43:41","guid":{"rendered":"http:\/\/labostera.lt\/?post_type=product&#038;p=15418"},"modified":"2024-01-16T09:47:27","modified_gmt":"2024-01-16T09:47:27","slug":"logistines-svarstykles-gram-qubic-one-series-logistic-scales","status":"publish","type":"product","link":"https:\/\/labostera.lt\/lv\/priemones-ir-iranga\/laboratorine-iranga\/bendra-laboratorine-iranga\/svarstykles\/industrines-svarstykles\/logistines-svarstykles-gram-qubic-one-series-logistic-scales\/","title":{"rendered":"Lo\u0123istikas svari GRAM QUBIC ONE s\u0113rijas lo\u0123istikas svari"},"content":{"rendered":"<h2><strong>GRAM Precision SL QUBIC ONE s\u0113rijas lo\u0123istikas svari<\/strong><\/h2>\n<p>Lo\u0123istikas svaru raksturojums:<\/p>\n<ul>\n<li>\u012apa\u0161i smagu r\u016bpniecisko izstr\u0101d\u0101jumu sv\u0113r\u0161anas kvalit\u0101tes kontrole;<\/li>\n<li>Sp\u0113ja apr\u0113\u0137in\u0101t, izmantojot nor\u0101d\u012btas formulas, un izdruk\u0101t ar ieb\u016bv\u0113to printeri;<\/li>\n<li>Iesp\u0113ja izveidot savienojumu ar datoru, izmantojot WiFi, RS232C vai USB, un eksport\u0113t rezult\u0101tus uz tabul\u0101m;<\/li>\n<li>20 taras skait\u012b\u0161anas atmi\u0146a;<\/li>\n<li>100 vien\u012bbu skait\u012b\u0161anas atmi\u0146a;<\/li>\n<li>IP65 iztur\u012bba;<\/li>\n<li>Fiziskas pogas ar pamatfunkcij\u0101m;<\/li>\n<li>Poliuret\u0101na rite\u0146i;<\/li>\n<li>Izgatavots no iztur\u012bgas ABS plastmasas, epoks\u012bda p\u0101rkl\u0101juma met\u0101la un ner\u016bs\u0113jo\u0161\u0101 t\u0113rauda.<\/li>\n<\/ul>\n<h3>Uzticami r\u016bpnieciskie svari \u2013 <a href=\"http:\/\/labostera.lt\/lv\/product-brand\/gram-precision-s-l\/\" target=\"_blank\" rel=\"noopener\">GRAM Precision SL<\/a> QUBIC ONE s\u0113rijas lo\u0123istikas svari.<\/h3>\n<p>Vair\u0101k inform\u0101cijas: <strong><a href=\"https:\/\/gram-group.com\/product\/gram-qubic-one\/\" target=\"_blank\" rel=\"noopener nofollow\">ra\u017eot\u0101ja t\u012bmek\u013ca vietn\u0113<\/a><\/strong> vai nos\u016btiet mums piepras\u012bjumu!<\/p>","protected":false},"excerpt":{"rendered":"<p><strong>Pied\u0101v\u0101jam pla\u0161u svaru izv\u0113li no Sp\u0101nijas ra\u017eot\u0101ja &quot;GRAM Precision SL&quot;<\/strong>, kura uz\u0146\u0113mums koncentr\u0113jas uz produktu un procesu efektivit\u0101tes nep\u0101rtrauktu uzlabo\u0161anu, cen\u0161oties pied\u0101v\u0101t lab\u0101kos tehnolo\u0123iskos risin\u0101jumus medic\u012bnas, tehniski zin\u0101tnisk\u0101s p\u0113tniec\u012bbas un r\u016bpniec\u012bbas nozar\u0113m kopum\u0101.<\/p>","protected":false},"featured_media":15421,"template":"","meta":[],"product_cat":[84,198,76,216,129],"product_tag":[193,195,196,218,217],"class_list":{"0":"post-15418","1":"product","2":"type-product","3":"status-publish","4":"has-post-thumbnail","6":"product_brand-gram-precision-s-l","7":"product_cat-bendra-laboratorine-iranga","8":"product_cat-industrines-svarstykles","9":"product_cat-laboratorine-iranga","10":"product_cat-logistines-svarstykles","11":"product_cat-svarstykles","12":"product_tag-gram-precision-s-l","13":"product_tag-industrial-scales","14":"product_tag-industrines-svarstykles","15":"product_tag-logistic-scales","16":"product_tag-logistines-svarstykles","18":"first","19":"onbackorder","20":"shipping-taxable","21":"purchasable","22":"product-type-simple"},"_links":{"self":[{"href":"https:\/\/labostera.lt\/lv\/wp-json\/wp\/v2\/product\/15418","targetHints":{"allow":["GET"]}}],"collection":[{"href":"https:\/\/labostera.lt\/lv\/wp-json\/wp\/v2\/product"}],"about":[{"href":"https:\/\/labostera.lt\/lv\/wp-json\/wp\/v2\/types\/product"}],"wp:featuredmedia":[{"embeddable":true,"href":"https:\/\/labostera.lt\/lv\/wp-json\/wp\/v2\/media\/15421"}],"wp:attachment":[{"href":"https:\/\/labostera.lt\/lv\/wp-json\/wp\/v2\/media?parent=15418"}],"wp:term":[{"taxonomy":"product_cat","embeddable":true,"href":"https:\/\/labostera.lt\/lv\/wp-json\/wp\/v2\/product_cat?post=15418"},{"taxonomy":"product_tag","embeddable":true,"href":"https:\/\/labostera.lt\/lv\/wp-json\/wp\/v2\/product_tag?post=15418"}],"curies":[{"name":"wp","href":"https:\/\/api.w.org\/{rel}","templated":true}]}}