{"id":14604,"date":"2023-10-05T10:24:12","date_gmt":"2023-10-05T10:24:12","guid":{"rendered":"http:\/\/labostera.lt\/?post_type=product&#038;p=14604"},"modified":"2024-01-16T07:05:38","modified_gmt":"2024-01-16T07:05:38","slug":"platformines-svarstykles-gram-xtrem-x-m-series-platform-scales","status":"publish","type":"product","link":"https:\/\/labostera.lt\/lv\/priemones-ir-iranga\/laboratorine-iranga\/bendra-laboratorine-iranga\/svarstykles\/industrines-svarstykles\/platformines-svarstykles-gram-xtrem-x-m-series-platform-scales\/","title":{"rendered":"Platformas svari GRAM XTREM XM s\u0113rijas platformas svari"},"content":{"rendered":"<h2><strong>\u201eGRAM Precision SL XTREM XM s\u0113rijas platformas svari<\/strong><\/h2>\n<p>Platformas svaru raksturojums:<\/p>\n<ul>\n<li>Smago r\u016bpniec\u012bbas produktu sv\u0113r\u0161anas kvalit\u0101tes kontrole;<\/li>\n<li>Ner\u016bs\u0113jo\u0161\u0101 t\u0113rauda sensors;<\/li>\n<li>Ra\u017eot\u0101ja metrolo\u0123isk\u0101 verifik\u0101cija;<\/li>\n<li>Sp\u0113ja apr\u0113\u0137in\u0101t, izmantojot nor\u0101d\u012bt\u0101s formulas, un izdruk\u0101t ar \u0101r\u0113ju printeri;<\/li>\n<li>Iesp\u0113ja izveidot savienojumu ar datoru vai citu viedier\u012bci, izmantojot WiFi, RS232C vai USB, un eksport\u0113t rezult\u0101tus uz tabul\u0101m;<\/li>\n<li>20 taras skait\u012b\u0161anas atmi\u0146a;<\/li>\n<li>100 vien\u012bbu skait\u012b\u0161anas atmi\u0146a;<\/li>\n<li>IP65 iztur\u012bba;<\/li>\n<li>Fiziskas pogas ar pamatfunkcij\u0101m;<\/li>\n<li>Izgatavots no iztur\u012bgas ABS plastmasas, epoks\u012bda p\u0101rkl\u0101juma met\u0101la un ner\u016bs\u0113jo\u0161\u0101 t\u0113rauda.<\/li>\n<\/ul>\n<h3>Uzticami r\u016bpnieciskie svari \u2013 <a href=\"http:\/\/labostera.lt\/lv\/product-brand\/gram-precision-s-l\/\" target=\"_blank\" rel=\"noopener\">GRAM Precision SL<\/a> XTREM XM s\u0113rijas platformas svari.<\/h3>\n<p>Vair\u0101k inform\u0101cijas: <strong><a href=\"https:\/\/gram-group.com\/product\/xtrem-x-m\/\" target=\"_blank\" rel=\"noopener nofollow\">ra\u017eot\u0101ja t\u012bmek\u013ca vietn\u0113<\/a><\/strong> vai nos\u016btiet mums piepras\u012bjumu!<\/p>","protected":false},"excerpt":{"rendered":"<p><strong>Pied\u0101v\u0101jam pla\u0161u svaru izv\u0113li no Sp\u0101nijas ra\u017eot\u0101ja &quot;GRAM Precision SL&quot;<\/strong>, kura uz\u0146\u0113mums koncentr\u0113jas uz produktu un procesu efektivit\u0101tes nep\u0101rtrauktu uzlabo\u0161anu, cen\u0161oties pied\u0101v\u0101t lab\u0101kos tehnolo\u0123iskos risin\u0101jumus medic\u012bnas, tehniski zin\u0101tnisk\u0101s p\u0113tniec\u012bbas un r\u016bpniec\u012bbas nozar\u0113m kopum\u0101.<\/p>","protected":false},"featured_media":14620,"template":"","meta":[],"product_cat":[84,198,76,213,129],"product_tag":[193,195,196,214,215],"class_list":{"0":"post-14604","1":"product","2":"type-product","3":"status-publish","4":"has-post-thumbnail","6":"product_brand-gram-precision-s-l","7":"product_cat-bendra-laboratorine-iranga","8":"product_cat-industrines-svarstykles","9":"product_cat-laboratorine-iranga","10":"product_cat-platformines-svarstykles","11":"product_cat-svarstykles","12":"product_tag-gram-precision-s-l","13":"product_tag-industrial-scales","14":"product_tag-industrines-svarstykles","15":"product_tag-platform-scales","16":"product_tag-platformines-svarstykles","18":"first","19":"onbackorder","20":"shipping-taxable","21":"purchasable","22":"product-type-variable"},"_links":{"self":[{"href":"https:\/\/labostera.lt\/lv\/wp-json\/wp\/v2\/product\/14604","targetHints":{"allow":["GET"]}}],"collection":[{"href":"https:\/\/labostera.lt\/lv\/wp-json\/wp\/v2\/product"}],"about":[{"href":"https:\/\/labostera.lt\/lv\/wp-json\/wp\/v2\/types\/product"}],"wp:featuredmedia":[{"embeddable":true,"href":"https:\/\/labostera.lt\/lv\/wp-json\/wp\/v2\/media\/14620"}],"wp:attachment":[{"href":"https:\/\/labostera.lt\/lv\/wp-json\/wp\/v2\/media?parent=14604"}],"wp:term":[{"taxonomy":"product_cat","embeddable":true,"href":"https:\/\/labostera.lt\/lv\/wp-json\/wp\/v2\/product_cat?post=14604"},{"taxonomy":"product_tag","embeddable":true,"href":"https:\/\/labostera.lt\/lv\/wp-json\/wp\/v2\/product_tag?post=14604"}],"curies":[{"name":"wp","href":"https:\/\/api.w.org\/{rel}","templated":true}]}}